{"id":660,"date":"2014-11-21T10:45:48","date_gmt":"2014-11-21T10:45:48","guid":{"rendered":"http:\/\/www.univ-soukahras.dz\/app\/?page_id=660"},"modified":"2025-04-07T10:42:39","modified_gmt":"2025-04-07T09:42:39","slug":"vrpg-textes-reglementaires","status":"publish","type":"page","link":"https:\/\/univ-soukahras.dz\/ar\/vrpg-textes-reglementaires","title":{"rendered":"VRPG : Textes R\u00e9glementaires"},"content":{"rendered":"<h3>Habilitation Universitaire<\/h3>\n<p><img loading=\"lazy\" decoding=\"async\" class=\"alignnone wp-image-514 size-full\" style=\"margin-bottom: 5px;\" src=\"https:\/\/www.univ-soukahras.dz\/wpuploads\/2014\/11\/smallpdf.png\" alt=\"smallpdf\" width=\"16\" height=\"16\" \/> 05 Septembre 2013, Arr\u00eat\u00e9 n\u00b0 521 : modalit\u00e9s de mise en \u0153uvre des dispositions relatives \u00e0 l&#8217;habilitation universitaire. [<a href=\"https:\/\/www.univ-soukahras.dz\/wpuploads\/2014\/11\/2013-Law-habilitation_univ.pdf\" target=\"_blank\" rel=\"noopener\"><strong>Arabe Fran\u00e7ais<\/strong><\/a>]<\/p>\n<h3>Projets de Recherche &#8220;PRFU&#8221;<\/h3>\n<ul>\n<li><a href=\"https:\/\/www.univ-soukahras.dz\/wpuploads\/2018\/04\/Circulaire-n\u00b002-du-20.02.2018-PRFU.pdf\" target=\"_blank\" rel=\"noopener\">Circulaire n\u00b002 du 20.02.2018 PRFU<\/a><\/li>\n<\/ul>\n<p><span class=\"title\">Canevas soumission nouveaux projet PRFU<\/span>\u00a0\u00a0 <a href=\"https:\/\/www.univ-soukahras.dz\/wpuploads\/2018\/04\/\u0645\u062e\u0637\u0637-\u062a\u0642\u062f\u064a\u0645-\u0645\u0634\u0631\u0648\u0639-\u0628\u062d\u062b-\u062c\u062f\u064a\u062f-PRFU.docx\" target=\"_blank\" rel=\"noopener\">[<\/a><strong><a href=\"https:\/\/www.univ-soukahras.dz\/wpuploads\/2018\/04\/\u0645\u062e\u0637\u0637-\u062a\u0642\u062f\u064a\u0645-\u0645\u0634\u0631\u0648\u0639-\u0628\u062d\u062b-\u062c\u062f\u064a\u062f-PRFU.docx\" target=\"_blank\" rel=\"noopener\">Arabe]<\/a> \u00a0 <a href=\"https:\/\/www.univ-soukahras.dz\/wpuploads\/2018\/04\/Canevas-soummission-nouveaux-projet-PRFU.docx\" target=\"_blank\" rel=\"noopener\">[Fran\u00e7ais<\/a><\/strong><a href=\"https:\/\/www.univ-soukahras.dz\/wpuploads\/2018\/04\/Canevas-soummission-nouveaux-projet-PRFU.docx\" target=\"_blank\" rel=\"noopener\">]<\/a><\/p>\n<ul>\n<li><a href=\"https:\/\/www.univ-soukahras.dz\/wpuploads\/2018\/04\/GUIDE-PRFU-VERSION-B\u00eata.docx\" target=\"_blank\" rel=\"noopener\"><span class=\"title\">GUIDE PRFU VERSION B\u00eata<\/span><\/a><\/li>\n<li><a href=\"https:\/\/www.univ-soukahras.dz\/wpuploads\/2018\/02\/paiment-de-la-retribution-CNEPRU.pdf\" target=\"_blank\" rel=\"noopener\">Paiement de la r\u00e9tribution<\/a><\/li>\n<li><a href=\"https:\/\/www.univ-soukahras.dz\/wpuploads\/2018\/02\/R\u00e9muniration-des-chercheurs-295-01.pdf\" target=\"_blank\" rel=\"noopener\">R\u00e9mun\u00e9ration des chercheurs 295-01<\/a><\/li>\n<\/ul>\n<h3>Laboratoires de Recherche<\/h3>\n<p><\/p>\n<ul>\n<li><a href=\"\/wpuploads\/\/2025\/04\/231-19-le-13-08-2019-Crea_Orga_Fonct_Labo-Fr.pdf\">231-19-le-13-08-2019-Crea_Orga_Fonct_Labo-Fr<\/a><\/li>\n<li><a href=\"\/wpuploads\/\/2025\/04\/231-19-le-13-08-2019-Crea_Orga_Fonct_Labo-Ar-1.pdf\">231-19-le-13-08-2019-Crea_Orga_Fonct_Labo-Ar<\/a> <\/li>\n<li><a href=\"\/wpuploads\/\/2025\/04\/Guide_Labo_Propre_Etab_Ar.pdf\">Guide_Labo_Propre_Etab_Ar<\/a> <\/li>\n<li><a href=\"\/wpuploads\/\/2025\/04\/N\u00b046-DGRSDT_06-02-2024.pdf\">N\u00b046-DGRSDT_06-02-2024<\/a> <\/li>\n<li><a href=\"\/wpuploads\/\/2025\/04\/N\u00b052-DGRSDT_13-02-2024-reglementation-du-labo.pdf\">N\u00b052-DGRSDT_13-02-2024-reglementation-du-labo<\/a><\/li>\n<\/ul>\n<p><\/p>\n<ul>\n<li><a href=\"https:\/\/www.univ-soukahras.dz\/wpuploads\/2018\/02\/regle-d-ouvertoure-d-un-laboratoire-de-recherche.doc\">R\u00e8gle d\u2019ouverture d un laboratoire de recherche<\/a><\/li>\n<li><a href=\"https:\/\/www.univ-soukahras.dz\/wpuploads\/2018\/02\/instruction-n\u00b0-803-DGRSDT.jpg\" target=\"_blank\" rel=\"noopener\">instruction n\u00b0 803 DGRSDT<\/a><\/li>\n<li><a href=\"\/wpuploads\/\/2025\/04\/\u0642\u0631\u0627\u0631-\u0648\u0632\u0627\u0631\u064a-004-\u064a\u062d\u062f\u062f-\u0643\u064a\u0641\u064a\u0627\u062a-\u0625\u0646\u0634\u0627\u0621-\u0645\u0624\u0633\u0633\u0627\u062a-\u0641\u0631\u0639\u064a\u0629-\u0628\u0645\u062e\u0627\u0628\u0631-\u0627\u0644\u0628\u062d\u062b.pdf\">\u0642\u0631\u0627\u0631-\u0648\u0632\u0627\u0631\u064a-004-\u064a\u062d\u062f\u062f-\u0643\u064a\u0641\u064a\u0627\u062a-\u0625\u0646\u0634\u0627\u0621-\u0645\u0624\u0633\u0633\u0627\u062a-\u0641\u0631\u0639\u064a\u0629-\u0628\u0645\u062e\u0627\u0628\u0631-\u0627\u0644\u0628\u062d\u062b<\/a><\/li>\n<\/ul>\n<p>Canevas de cr\u00e9ation:<\/p>\n<p><\/p>\n<ul>\n<li><a href=\"\/wpuploads\/\/2025\/04\/Canevas_Creation_Labo_conditions_Ar2020.doc\">Canevas_Creation_Labo_conditions_Ar2020<\/a> <\/li>\n<li><a href=\"\/wpuploads\/\/2025\/04\/Canevas_Creation_Labo_conditions_Fr2020.doc\">Canevas_Creation_Labo_conditions_Fr2020<\/a><\/li>\n<\/ul>\n<p><span style=\"font-size: revert; color: initial;\">Demande Budjet BFE:<\/span><\/p>\n<ul>\n<li><a href=\"https:\/\/www.univ-soukahras.dz\/wpuploads\/2018\/02\/bfe_FNRSDT.pdf\">bfe_FNRSDT<\/a><\/li>\n<li><a href=\"https:\/\/www.univ-soukahras.dz\/wpuploads\/2018\/02\/canevas-de-demande-de-buget-BFE.docx\">canevas de demande de buget BFE<\/a><\/li>\n<\/ul>\n<p>Suivi d\u2019exploitation des \u00e9quipements de recherche:<\/p>\n<ul>\n<li><a href=\"https:\/\/www.univ-soukahras.dz\/wpuploads\/2018\/02\/Note-61-suivi-dexproitation-des-\u00eaquipements-de-recherche.pdf\">Note 61 suivi d\u2019exploitation des \u00e9quipements de recherche<\/a><\/li>\n<li><a href=\"https:\/\/www.univ-soukahras.dz\/wpuploads\/2018\/02\/Fiche_utilisation_equipement.docx\">Fiche_utilisation_\u00e9quipement<\/a><\/li>\n<\/ul>\n<p>Formulaires:<\/p>\n<ul>\n<li><a href=\"https:\/\/www.univ-soukahras.dz\/wpuploads\/2018\/02\/Etat_des_effectifs-d-un-laboratoire.xlsx\">Etat_des_effectifs d un laboratoire<\/a><\/li>\n<li><a href=\"https:\/\/www.univ-soukahras.dz\/wpuploads\/2018\/02\/\u0625\u0633\u062a\u0645\u0627\u0631\u0629-\u0645\u062a\u0627\u0628\u0639\u0629-\u062a\u0638\u0627\u0647\u0631\u0629-\u0639\u0644\u0645\u064a\u0629-\u0645\u0646-\u0645\u064a\u0632\u0627\u0646\u064a\u0629-\u0645\u062e\u0628\u0631.docx\">\u0625\u0633\u062a\u0645\u0627\u0631\u0629 \u0645\u062a\u0627\u0628\u0639\u0629 \u062a\u0638\u0627\u0647\u0631\u0629 \u0639\u0644\u0645\u064a\u0629 \u0645\u0646 \u0645\u064a\u0632\u0627\u0646\u064a\u0629 \u0645\u062e\u0628\u0631<\/a><\/li>\n<li><a href=\"https:\/\/www.univ-soukahras.dz\/wpuploads\/2018\/02\/\u0637\u0644\u0628-\u062a\u0630\u0643\u0631\u0629-\u0637\u0627\u0626\u0631\u0629-\u0645\u0646-\u0645\u064a\u0632\u0627\u0646\u064a\u0629-\u0645\u062e\u0628\u0631.docx\">\u0637\u0644\u0628 \u062a\u0630\u0643\u0631\u0629 \u0637\u0627\u0626\u0631\u0629 \u0645\u0646 \u0645\u064a\u0632\u0627\u0646\u064a\u0629 \u0645\u062e\u0628\u0631<\/a><\/li>\n<\/ul>\n<h3>\u00a0Conseil Scientifique<\/h3>\n<ul>\n<li><a href=\"https:\/\/www.univ-soukahras.dz\/wpuploads\/2018\/02\/\u062a\u0639\u0644\u064a\u0645\u0629-136.pdf\">\u062a\u0639\u0644\u064a\u0645\u0629 136<\/a><\/li>\n<li><a href=\"https:\/\/www.univ-soukahras.dz\/wpuploads\/2018\/02\/38-\u0643\u064a\u0641\u064a\u0627\u062a-\u0633\u064a\u0631-\u0627\u0644\u0645\u062c\u0644\u0633-\u0627\u0644\u0639\u0644\u0645\u064a-\u0644\u0644\u0645\u0639\u0647\u062f.pdf\">38 \u0643\u064a\u0641\u064a\u0627\u062a \u0633\u064a\u0631 \u0627\u0644\u0645\u062c\u0644\u0633 \u0627\u0644\u0639\u0644\u0645\u064a \u0644\u0644\u0645\u0639\u0647\u062f<\/a><\/li>\n<li><a href=\"https:\/\/www.univ-soukahras.dz\/wpuploads\/2018\/02\/41-\u0643\u064a\u0641\u064a\u0627\u062a-\u0633\u064a\u0631-\u0627\u0644\u0645\u062c\u0644\u0633-\u0627\u0644\u0639\u0644\u0645\u064a-\u0644\u0644\u0643\u0644\u064a\u0629.pdf\">41 \u0643\u064a\u0641\u064a\u0627\u062a \u0633\u064a\u0631 \u0627\u0644\u0645\u062c\u0644\u0633 \u0627\u0644\u0639\u0644\u0645\u064a \u0644\u0644\u0643\u0644\u064a\u0629<\/a><\/li>\n<li><a href=\"https:\/\/www.univ-soukahras.dz\/wpuploads\/2018\/02\/42-\u0643\u064a\u0641\u064a\u0627\u062a-\u0633\u064a\u0631-\u0627\u0644\u0644\u062c\u0646\u0629-\u0627\u0644\u0639\u0644\u0645\u064a\u0629-\u0644\u0644\u0642\u0633\u0645.pdf\">42 \u0643\u064a\u0641\u064a\u0627\u062a \u0633\u064a\u0631 \u0627\u0644\u0644\u062c\u0646\u0629 \u0627\u0644\u0639\u0644\u0645\u064a\u0629 \u0644\u0644\u0642\u0633\u0645<\/a><\/li>\n<li><a href=\"https:\/\/www.univ-soukahras.dz\/wpuploads\/2018\/02\/43-\u0645\u0642\u0627\u064a\u064a\u0633-\u062a\u0648\u0632\u064a\u0639-\u0627\u0644\u0645\u0645\u062b\u0644\u064a\u0646-\u0636\u0645\u0646-\u0627\u0644\u0644\u062c\u0646\u0629-\u0627\u0644\u0639\u0644\u0645\u064a\u0629-\u0644\u0644\u0642\u0633\u0645.pdf\">43 \u0645\u0642\u0627\u064a\u064a\u0633 \u062a\u0648\u0632\u064a\u0639 \u0627\u0644\u0645\u0645\u062b\u0644\u064a\u0646 \u0636\u0645\u0646 \u0627\u0644\u0644\u062c\u0646\u0629 \u0627\u0644\u0639\u0644\u0645\u064a\u0629 \u0644\u0644\u0642\u0633\u0645<\/a><\/li>\n<li><a href=\"https:\/\/www.univ-soukahras.dz\/wpuploads\/2018\/02\/CANEVAS-CS-Universit\u00e9_ar.docx\">CANEVAS CS Universit\u00e9_ar<\/a><\/li>\n<li><a href=\"https:\/\/www.univ-soukahras.dz\/wpuploads\/2018\/02\/CANEVAS-CS-Facult\u00e9_ar.docx\">CANEVAS CS Facult\u00e9_ar<\/a><\/li>\n<li><a href=\"https:\/\/www.univ-soukahras.dz\/wpuploads\/2018\/02\/CANEVAS-CS-Departement_ar.docx\">CANEVAS CS Departement_ar<\/a><\/li>\n<\/ul>\n\n\n<p><\/p>\n\n\n\n<p><\/p>\n","protected":false},"excerpt":{"rendered":"<p>Habilitation Universitaire 05 Septembre 2013, Arr\u00eat\u00e9 n\u00b0 521 : modalit\u00e9s de mise en \u0153uvre des dispositions relatives \u00e0 l&#8217;habilitation universitaire. [&hellip;]<\/p>\n","protected":false},"author":1,"featured_media":0,"parent":0,"menu_order":0,"comment_status":"open","ping_status":"open","template":"","meta":{"footnotes":""},"class_list":["post-660","page","type-page","status-publish","hentry"],"_links":{"self":[{"href":"https:\/\/univ-soukahras.dz\/ar\/wp-json\/wp\/v2\/pages\/660","targetHints":{"allow":["GET"]}}],"collection":[{"href":"https:\/\/univ-soukahras.dz\/ar\/wp-json\/wp\/v2\/pages"}],"about":[{"href":"https:\/\/univ-soukahras.dz\/ar\/wp-json\/wp\/v2\/types\/page"}],"author":[{"embeddable":true,"href":"https:\/\/univ-soukahras.dz\/ar\/wp-json\/wp\/v2\/users\/1"}],"replies":[{"embeddable":true,"href":"https:\/\/univ-soukahras.dz\/ar\/wp-json\/wp\/v2\/comments?post=660"}],"version-history":[{"count":16,"href":"https:\/\/univ-soukahras.dz\/ar\/wp-json\/wp\/v2\/pages\/660\/revisions"}],"predecessor-version":[{"id":108382,"href":"https:\/\/univ-soukahras.dz\/ar\/wp-json\/wp\/v2\/pages\/660\/revisions\/108382"}],"wp:attachment":[{"href":"https:\/\/univ-soukahras.dz\/ar\/wp-json\/wp\/v2\/media?parent=660"}],"curies":[{"name":"wp","href":"https:\/\/api.w.org\/{rel}","templated":true}]}}