{"id":79513,"date":"2024-01-24T09:36:51","date_gmt":"2024-01-24T08:36:51","guid":{"rendered":"https:\/\/www.univ-soukahras.dz\/fr\/?page_id=79513"},"modified":"2024-03-07T10:44:49","modified_gmt":"2024-03-07T09:44:49","slug":"presentation-du-c-e-i-l","status":"publish","type":"page","link":"https:\/\/univ-soukahras.dz\/ar\/presentation-du-c-e-i-l","title":{"rendered":"PRESENTATION &#8211; Centre d\u2019Enseignement Intensif des Langues"},"content":{"rendered":"\n<p class=\"has-text-align-center has-white-color has-vivid-green-cyan-background-color has-text-color has-background has-link-color has-medium-font-size wp-elements-bebdd30408f872fadbb9640f6f3b7088\"><strong>PR\u00c9SENTATION &#8211; Centre d\u2019Enseignement Intensif des Langues<\/strong><\/p>\n\n\n\n<p>Le Centre d\u2019Enseignement Intensif des Langues est un des services communs de l\u2019Universit\u00e9 de Souk-Ahras, au m\u00eame titre que la biblioth\u00e8que, le centre audio-visuel, du t\u00e9l\u00e9-enseignement.Il est op\u00e9rationnel depuis 2021. Il a pour t\u00e2che d\u2019assurer un enseignement selon le CECR (Cadre Europ\u00e9en Commun de R\u00e9f\u00e9rence). Il assure une m\u00e9thode appropri\u00e9e aux apprenants, afin de leur permettre l\u2019acquisition des 4 comp\u00e9tences, en l\u2019occurrence, la compr\u00e9hension de l\u2019oral, l\u2019expression orale, la compr\u00e9hension \u00e9crite et l\u2019expression \u00e9crite.<\/p>\n\n\n\n<p>Le CEIL offre une panoplie de formations en langues comme Le Fran\u00e7ais, l\u2019Anglais, l\u2019Italien, l\u2019Espagnol, le Turc et le Russe. D\u2019autres langues sont pr\u00e9vues comme l\u2019Arabe, l\u2019Amazigh et l\u2019Allemand, ainsi que la formation selon les besoins des apprenants. L\u2019\u00e9chelle de comp\u00e9tence est comme suit\u00a0:Pr\u00e9 A1, A1, A2, B1, B2, C1, C2. Tout apprenant admis aux \u00e9preuves de l\u2019examen final de la formation recevra une Attestation de R\u00e9ussite et le Relev\u00e9 de Notes, conforme au CECR- Cadre Europ\u00e9en Commun de R\u00e9f\u00e9rence.<\/p>\n","protected":false},"excerpt":{"rendered":"<p>PR\u00c9SENTATION &#8211; Centre d\u2019Enseignement Intensif des Langues Le Centre d\u2019Enseignement Intensif des Langues est un des services communs de l\u2019Universit\u00e9 [&hellip;]<\/p>\n","protected":false},"author":1,"featured_media":0,"parent":0,"menu_order":0,"comment_status":"closed","ping_status":"closed","template":"","meta":{"footnotes":""},"class_list":["post-79513","page","type-page","status-publish","hentry"],"_links":{"self":[{"href":"https:\/\/univ-soukahras.dz\/ar\/wp-json\/wp\/v2\/pages\/79513","targetHints":{"allow":["GET"]}}],"collection":[{"href":"https:\/\/univ-soukahras.dz\/ar\/wp-json\/wp\/v2\/pages"}],"about":[{"href":"https:\/\/univ-soukahras.dz\/ar\/wp-json\/wp\/v2\/types\/page"}],"author":[{"embeddable":true,"href":"https:\/\/univ-soukahras.dz\/ar\/wp-json\/wp\/v2\/users\/1"}],"replies":[{"embeddable":true,"href":"https:\/\/univ-soukahras.dz\/ar\/wp-json\/wp\/v2\/comments?post=79513"}],"version-history":[{"count":4,"href":"https:\/\/univ-soukahras.dz\/ar\/wp-json\/wp\/v2\/pages\/79513\/revisions"}],"predecessor-version":[{"id":83348,"href":"https:\/\/univ-soukahras.dz\/ar\/wp-json\/wp\/v2\/pages\/79513\/revisions\/83348"}],"wp:attachment":[{"href":"https:\/\/univ-soukahras.dz\/ar\/wp-json\/wp\/v2\/media?parent=79513"}],"curies":[{"name":"wp","href":"https:\/\/api.w.org\/{rel}","templated":true}]}}