{"id":112,"date":"2014-11-05T14:00:23","date_gmt":"2014-11-05T14:00:23","guid":{"rendered":"http:\/\/www.univ-soukahras.dz\/app\/?page_id=112"},"modified":"2024-01-15T11:15:24","modified_gmt":"2024-01-15T10:15:24","slug":"vice-rectorat-des-etudes-de-graduation-de-la-formation-continue-et-des-diplomes","status":"publish","type":"page","link":"https:\/\/univ-soukahras.dz\/en\/vice-rectorat-des-etudes-de-graduation-de-la-formation-continue-et-des-diplomes","title":{"rendered":"Vice Rectorat de la formation sup\u00e8rieure du 1er et 2eme cycles  la formation continue,les dipl\u00f4mes, et la formation  sup\u00e9rieure  de Graduation"},"content":{"rendered":"<p><span style=\"color: #000000;\">Le vice-rectorat de la formation sup\u00e9rieure et de la formation continue et des dipl\u00f4mes est charg\u00e9 de:<\/span><\/p>\n<h2><span style=\"color: #000000;\"><strong>1.\u00a0 Accueil et inscription des nouveaux bacheliers :<\/strong><\/span><\/h2>\n<ul style=\"margin-top: 5px;\">\n<li><span style=\"color: #000000;\">Prend en charge leur orientation,<\/span><\/li>\n<li><span style=\"color: #000000;\">Assure le suivi de leurs inscriptions<\/span><\/li>\n<\/ul>\n<h2><span style=\"color: #000000;\"><strong>2. Suivi des Enseignements :<\/strong><\/span><\/h2>\n<ul style=\"margin-top: 5px;\">\n<li><span style=\"color: #000000;\">assure un encadrement p\u00e9dagogique de qualit\u00e9,<\/span><\/li>\n<li><span style=\"color: #000000;\">mettre \u00e0 la disposition des enseignants des supports p\u00e9dagogiques \u00e9volu\u00e9s,<\/span><\/li>\n<li><span style=\"color: #000000;\">assure le suivi de la r\u00e9alisation des t\u00e2ches d\u2019enseignement,<\/span><\/li>\n<li><span style=\"color: #000000;\">offres de formation<\/span><\/li>\n<li><span style=\"color: #000000;\">Vie \u00c9studiantine<\/span><\/li>\n<\/ul>\n<h2><span style=\"color: #000000;\"><strong>3.Dipl\u00f4me :<\/strong><\/span><\/h2>\n<ul style=\"margin-top: 5px;\">\n<li><span style=\"color: #000000;\">veille \u00e0 la r\u00e9gularit\u00e9 et \u00e0 la concr\u00e9tisation des cursus des \u00e9tudiants,<\/span><\/li>\n<li><span style=\"color: #000000;\">coordonne l\u2019op\u00e9ration d\u2019\u00e9laboration et de d\u00e9livrance des attestations provisoires de succ\u00e8s,<\/span><\/li>\n<li><span style=\"color: #000000;\">Elabore les dipl\u00f4mes d\u00e9finitifs,<\/span><\/li>\n<li><span style=\"color: #000000;\">Veille \u00e0 la r\u00e9gularit\u00e9 des op\u00e9rations d\u2019\u00e9quivalences partielles,<\/span><\/li>\n<li><span style=\"color: #000000;\">Se charge de l\u2019authentification des documents p\u00e9dagogiques.<\/span><\/li>\n<\/ul>\n<div id=\"academia-widget-featured-pages-2\" class=\"widget academia-featured-pages\">\n<p class=\"title-ms title-widget\"><span class=\"title-wrapper\" style=\"color: #000000;\"><br \/>\nServices<\/span><\/p>\n<h3><span style=\"color: #000000;\">Service des enseignements, des stages et de l\u2019\u00e9valuation<\/span><\/h3>\n<p><span style=\"color: #000000;\"><strong>BOUCIF Zineb<\/strong><\/span><br \/>\n<img loading=\"lazy\" decoding=\"async\" class=\"aligncenter size-full wp-image-503\" src=\"https:\/\/www.univ-soukahras.dz\/wpuploads\/2014\/11\/smallphone.png\" alt=\"smallphone\" width=\"16\" height=\"16\" \/> <span style=\"color: #000000;\">037 75 30 15 Poste 131 &#8211; Fax : 037 75 30 07<\/span><br \/>\n<img loading=\"lazy\" decoding=\"async\" class=\"aligncenter size-full wp-image-505\" src=\"https:\/\/www.univ-soukahras.dz\/wpuploads\/2014\/11\/smallemail.png\" alt=\"smallemail\" width=\"16\" height=\"16\" \/><a href=\"mailto:vrp.formation@univ-soukahras.dz\" target=\"_blank\" rel=\"noopener\">vrp.formation@univ-<wbr \/>soukahras.dz<\/a><\/p>\n<h3><span style=\"color: #000000;\">Service des dipl\u00f4mes et des \u00e9quivalences<\/span><\/h3>\n<p><span style=\"color: #000000;\"><strong>SERGHINI Meriem<\/strong><\/span><br \/>\n<img loading=\"lazy\" decoding=\"async\" class=\"aligncenter size-full wp-image-503\" src=\"https:\/\/www.univ-soukahras.dz\/wpuploads\/2014\/11\/smallphone.png\" alt=\"smallphone\" width=\"16\" height=\"16\" \/> <span style=\"color: #000000;\">037 75 30 15 Poste 129 &#8211; Fax : 037 75 30 07<\/span><br \/>\n<img loading=\"lazy\" decoding=\"async\" class=\"aligncenter size-full wp-image-505\" src=\"https:\/\/www.univ-soukahras.dz\/wpuploads\/2014\/11\/smallemail.png\" alt=\"smallemail\" width=\"16\" height=\"16\" \/><a href=\"mailto:vrp.diplomes@univ-soukahras.dz\" target=\"_blank\" rel=\"noopener\">vrp.diplomes@univ-<wbr \/>soukahras.dz<\/a><\/p>\n<h3><span style=\"color: #000000;\">Service de la formation continue<\/span><\/h3>\n<p><span style=\"color: #000000;\"><strong>BENNACER Amel<\/strong><\/span><br \/>\n<img loading=\"lazy\" decoding=\"async\" class=\"aligncenter size-full wp-image-503\" src=\"https:\/\/www.univ-soukahras.dz\/wpuploads\/2014\/11\/smallphone.png\" alt=\"smallphone\" width=\"16\" height=\"16\" \/> <span style=\"color: #000000;\">037 75 30 15 Poste 130 &#8211; Fax : 037 75 30 07<\/span><br \/>\n<img loading=\"lazy\" decoding=\"async\" class=\"aligncenter size-full wp-image-505\" src=\"https:\/\/www.univ-soukahras.dz\/wpuploads\/2014\/11\/smallemail.png\" alt=\"smallemail\" width=\"16\" height=\"16\" \/><a href=\"mailto:vrp.formation@univ-soukahras.dz\" target=\"_blank\" rel=\"noopener\">vrp.formation@univ-soukahras.<wbr \/>dz<\/a><\/p>\n<\/div>\n","protected":false},"excerpt":{"rendered":"<p>Le vice-rectorat de la formation sup\u00e9rieure et de la formation continue et des dipl\u00f4mes est charg\u00e9 de: 1.\u00a0 Accueil et [&hellip;]<\/p>\n","protected":false},"author":1,"featured_media":0,"parent":0,"menu_order":0,"comment_status":"open","ping_status":"open","template":"","meta":{"footnotes":""},"class_list":["post-112","page","type-page","status-publish","hentry"],"_links":{"self":[{"href":"https:\/\/univ-soukahras.dz\/en\/wp-json\/wp\/v2\/pages\/112","targetHints":{"allow":["GET"]}}],"collection":[{"href":"https:\/\/univ-soukahras.dz\/en\/wp-json\/wp\/v2\/pages"}],"about":[{"href":"https:\/\/univ-soukahras.dz\/en\/wp-json\/wp\/v2\/types\/page"}],"author":[{"embeddable":true,"href":"https:\/\/univ-soukahras.dz\/en\/wp-json\/wp\/v2\/users\/1"}],"replies":[{"embeddable":true,"href":"https:\/\/univ-soukahras.dz\/en\/wp-json\/wp\/v2\/comments?post=112"}],"version-history":[{"count":18,"href":"https:\/\/univ-soukahras.dz\/en\/wp-json\/wp\/v2\/pages\/112\/revisions"}],"predecessor-version":[{"id":95138,"href":"https:\/\/univ-soukahras.dz\/en\/wp-json\/wp\/v2\/pages\/112\/revisions\/95138"}],"wp:attachment":[{"href":"https:\/\/univ-soukahras.dz\/en\/wp-json\/wp\/v2\/media?parent=112"}],"curies":[{"name":"wp","href":"https:\/\/api.w.org\/{rel}","templated":true}]}}