{"id":114,"date":"2014-11-05T14:05:48","date_gmt":"2014-11-05T14:05:48","guid":{"rendered":"http:\/\/www.univ-soukahras.dz\/app\/?page_id=114"},"modified":"2014-11-15T10:06:47","modified_gmt":"2014-11-15T10:06:47","slug":"logiciel-sees","status":"publish","type":"page","link":"https:\/\/univ-soukahras.dz\/en\/logiciel-sees","title":{"rendered":"Logiciel SEES"},"content":{"rendered":"<p>Le lecteur trouvera des commentaires et des r\u00e9ponses \u00e0 des remarques et des questions qui nous ont \u00e9t\u00e9 adress\u00e9s sur le syst\u00e8me SEES. A travers certaines questions ou remarques, nous relevons que la formation locale sur le syst\u00e8me mis en place n\u2019a pas eu toute l\u2019importance qu\u2019il lui fallait. De m\u00eame que les diff\u00e9rents op\u00e9rateurs consultent rarement le support de formation (manuel d\u2019utilisation) remis aux \u00e9tablissements et dont plusieurs remarques auraient trouv\u00e9 leurs r\u00e9ponses.<br \/>\nNous essayons d\u2019apporter des \u00e9claircissements de fa\u00e7on p\u00e9dagogique \u00e0 toutes les remarques et questions soulev\u00e9es par certains \u00e9tablissements.<br \/>\nLes textes r\u00e8glementaires sont d\u00e9finis par le MESRS, des choix ont \u00e9t\u00e9 retenus par les trois r\u00e9gions sur quelques aspects dans l\u2019int\u00e9r\u00eat des \u00e9tudiants par une lecture et une interpr\u00e9tation positives des textes. Il reste beaucoup de possibilit\u00e9s \u00e0 d\u00e9couvrir dans le syst\u00e8me (gestion des dettes, d\u00e9lib\u00e9rations, orientation intra et extra d\u00e9partements, passage automatique d\u2019une ann\u00e9e universitaire \u00e0 la suivante,\u2026).<\/p>\n<p><img loading=\"lazy\" decoding=\"async\" class=\"alignnone wp-image-514 size-full\" style=\"margin-bottom: 5px;\" src=\"https:\/\/www.univ-soukahras.dz\/wpuploads\/2014\/11\/smallpdf.png\" alt=\"smallpdf\" width=\"16\" height=\"16\" \/> <strong>Foire aux Questions Syst\u00e8me SEES-LMD <\/strong>. [<a href=\"https:\/\/www.univ-soukahras.dz\/Foire_Aux_Questions_SEES.pdf\" target=\"_blank\"><strong>Fran\u00e7ais<\/strong><\/a>]<\/p>\n","protected":false},"excerpt":{"rendered":"<p>Le lecteur trouvera des commentaires et des r\u00e9ponses \u00e0 des remarques et des questions qui nous ont \u00e9t\u00e9 adress\u00e9s sur [&hellip;]<\/p>\n","protected":false},"author":1,"featured_media":0,"parent":0,"menu_order":0,"comment_status":"open","ping_status":"open","template":"","meta":{"footnotes":""},"class_list":["post-114","page","type-page","status-publish","hentry"],"_links":{"self":[{"href":"https:\/\/univ-soukahras.dz\/en\/wp-json\/wp\/v2\/pages\/114","targetHints":{"allow":["GET"]}}],"collection":[{"href":"https:\/\/univ-soukahras.dz\/en\/wp-json\/wp\/v2\/pages"}],"about":[{"href":"https:\/\/univ-soukahras.dz\/en\/wp-json\/wp\/v2\/types\/page"}],"author":[{"embeddable":true,"href":"https:\/\/univ-soukahras.dz\/en\/wp-json\/wp\/v2\/users\/1"}],"replies":[{"embeddable":true,"href":"https:\/\/univ-soukahras.dz\/en\/wp-json\/wp\/v2\/comments?post=114"}],"version-history":[{"count":4,"href":"https:\/\/univ-soukahras.dz\/en\/wp-json\/wp\/v2\/pages\/114\/revisions"}],"predecessor-version":[{"id":538,"href":"https:\/\/univ-soukahras.dz\/en\/wp-json\/wp\/v2\/pages\/114\/revisions\/538"}],"wp:attachment":[{"href":"https:\/\/univ-soukahras.dz\/en\/wp-json\/wp\/v2\/media?parent=114"}],"curies":[{"name":"wp","href":"https:\/\/api.w.org\/{rel}","templated":true}]}}