{"id":120,"date":"2014-11-05T14:51:44","date_gmt":"2014-11-05T14:51:44","guid":{"rendered":"http:\/\/www.univ-soukahras.dz\/app\/?page_id=120"},"modified":"2025-02-11T08:58:33","modified_gmt":"2025-02-11T07:58:33","slug":"textes-reglementaires","status":"publish","type":"page","link":"https:\/\/univ-soukahras.dz\/en\/textes-reglementaires","title":{"rendered":"Textes Reglementaires"},"content":{"rendered":"<ul>\n<li>\u0627\u0644\u0642\u0627\u0646\u0648\u0646 \u0627\u0644\u0623\u0633\u0627\u0633\u064a \u0627\u0644\u062e\u0627\u0635 \u0628\u0627\u0644\u0628\u0627\u062d\u062b \u0627\u0644\u062f\u0627\u0626\u0645 <a href=\"\/wpuploads\/\/2025\/02\/decret-status-chercheur-permanent-ar.pdf\"><img loading=\"lazy\" decoding=\"async\" class=\"alignnone wp-image-514 size-full\" style=\"margin-bottom: 5px;\" src=\"https:\/\/www.univ-soukahras.dz\/wpuploads\/2014\/11\/smallpdf.png\" alt=\"smallpdf\" width=\"16\" height=\"16\" \/><\/a><\/li>\n<li>\u0627\u0644\u0642\u0627\u0646\u0648\u0646 \u0627\u0644\u0623\u0633\u0627\u0633\u064a \u0627\u0644\u062e\u0627\u0635 \u0628\u0627\u0644\u0623\u0633\u062a\u0627\u0630 \u0627\u0644\u0628\u0627\u062d\u062b <a href=\"\/wpuploads\/\/2025\/02\/decret-status-l__enseignant-chercheur-ar_.pdf\"><img loading=\"lazy\" decoding=\"async\" class=\"alignnone wp-image-514 size-full\" style=\"margin-bottom: 5px;\" src=\"https:\/\/www.univ-soukahras.dz\/wpuploads\/2014\/11\/smallpdf.png\" alt=\"smallpdf\" width=\"16\" height=\"16\" \/><\/a><\/li>\n<\/ul>\n<h3><span style=\"color: #ff0000;\">les nouveaux textes r\u00e9glementaires 2016\/2017\u00a0<\/span><\/h3>\n<ul>\n<li><strong><em>Arr\u00eat\u00e9 n\u00b0\u00a0<\/em><em>929 : \u00a0<\/em><\/strong><em>fixant le volume horaire hebdomadaire d&#8217;enseignement de l&#8217;enseignant chercheur,(<a href=\"https:\/\/www.univ-soukahras.dz\/wpuploads\/2016\/09\/Volume-horaire.pdf\" target=\"_blank\" rel=\"noopener\">FR<\/a>)<\/em><\/li>\n<\/ul>\n<ul>\n<li><strong><em>Arr\u00eat\u00e9 n\u00b0 930:\u00a0<\/em><\/strong><em>fixant les modalit\u00e9s d&#8217;am\u00e9nagement du volume horaire hebdomadaire d&#8217;enseignement du\u00a0ma\u00eetre\u00a0assistant en cours de pr\u00e9paration d&#8217;une th\u00e8se de\u00a0doctorat,(<a href=\"https:\/\/www.univ-soukahras.dz\/wpuploads\/2016\/09\/amenagement-du-volume-horaire.pdf\" target=\"_blank\" rel=\"noopener\">FR<\/a>)<\/em><\/li>\n<\/ul>\n<ul>\n<li><strong><em>Arr\u00eat\u00e9 n\u00b0 93<\/em><\/strong><strong><em>1<\/em><\/strong><em>\u00a0: fixant les modalit\u00e9s de modulation du volume horaire d&#8217;enseignement de l&#8217;enseignant chercheur assurant un poste sup\u00e9rieur, (<a href=\"https:\/\/www.univ-soukahras.dz\/wpuploads\/2016\/09\/modulation-du-volume-horaire.pdf\" target=\"_blank\" rel=\"noopener\">FR<\/a>)<\/em><\/li>\n<\/ul>\n<ul>\n<li><strong><em>Arr\u00eat\u00e9 n\u00b0 932 :\u00a0<\/em><\/strong><em>fixant les modalit\u00e9s d&#8217;accompagnement p\u00e9dagogique au profit de l&#8217;enseignant chercheur nouvellement recrut\u00e9,(<a href=\"https:\/\/www.univ-soukahras.dz\/wpuploads\/2016\/09\/Accompagnement-pedagogique.pdf\" target=\"_blank\" rel=\"noopener\">FR<\/a>)<\/em><\/li>\n<\/ul>\n<ul>\n<li><em>A<\/em><strong><em>rr\u00eat\u00e9 n\u00b0<\/em><\/strong><strong><em>933<\/em><\/strong><em>\u00a0: \u00a0fixant les r\u00e8gles relatives \u00e0 la pr\u00e9vention et la lutte contre le plagiat,(<a href=\"https:\/\/www.univ-soukahras.dz\/wpuploads\/2016\/09\/Arr\u00eart\u00e9-Plagiat-Fr-n\u00b0-933-du-28-juillet-2016.pdf\" target=\"_blank\" rel=\"noopener\">FR<\/a>) (<a href=\"https:\/\/www.univ-soukahras.dz\/wpuploads\/2016\/09\/Arr\u00eart\u00e9-Plagiat-Ar-n\u00b0-933-du-28-juillet-2016.pdf\" target=\"_blank\" rel=\"noopener\">AR<\/a>)<\/em><\/li>\n<\/ul>\n<h3><\/h3>\n<h3>Rentr\u00e9e universitaire 2014-2015<\/h3>\n<p><img loading=\"lazy\" decoding=\"async\" class=\"alignnone wp-image-514 size-full\" style=\"margin-bottom: 5px;\" src=\"https:\/\/www.univ-soukahras.dz\/wpuploads\/2014\/11\/smallpdf.png\" alt=\"smallpdf\" width=\"16\" height=\"16\" \/> 03 juin 2014, Circulaire n\u00b0 01 : Nouvelle circulaire, Inscriptions des nouveaux bacheliers [<a href=\"https:\/\/www.univ-soukahras.dz\/pdf%20pedagogie\/circulaire_2014_2015_ar.pdf\" target=\"_blank\" rel=\"noopener\"><strong>Arabe<\/strong><\/a>]<\/p>\n<p><img loading=\"lazy\" decoding=\"async\" class=\"alignnone wp-image-514 size-full\" style=\"margin-bottom: 5px;\" src=\"https:\/\/www.univ-soukahras.dz\/wpuploads\/2014\/11\/smallpdf.png\" alt=\"smallpdf\" width=\"16\" height=\"16\" \/> 09 Juin 2014, Arr\u00eat\u00e9 n\u00b0 363\u00a0 :\u00a0 Conditions d&#8217;inscription aux \u00e9tudes universitaires en vue de\u00a0 l&#8217;obtention du dipl\u00f4me de Master. [<a href=\"https:\/\/www.univ-soukahras.dz\/pdf%20pedagogie\/Master%20inscription%20363.pdf\" target=\"_blank\" rel=\"noopener\"><strong>Arabe Fran\u00e7ais<\/strong><\/a>]<\/p>\n<p><img loading=\"lazy\" decoding=\"async\" class=\"alignnone wp-image-514 size-full\" style=\"margin-bottom: 5px;\" src=\"https:\/\/www.univ-soukahras.dz\/wpuploads\/2014\/11\/smallpdf.png\" alt=\"smallpdf\" width=\"16\" height=\"16\" \/> 09 Juin 2014, Arr\u00eat\u00e9 n\u00b0362\u00a0 : Les modalit\u00e9s d&#8217;\u00e9laboration et de soutenance du m\u00e9moire du master [<a href=\"https:\/\/www.univ-soukahras.dz\/pdf%20pedagogie\/memoire%20du%20master%20362.pdf\" target=\"_blank\" rel=\"noopener\"><strong>Arabe Fran\u00e7ais<\/strong><\/a>]<\/p>\n<p><img loading=\"lazy\" decoding=\"async\" class=\"alignnone wp-image-514 size-full\" style=\"margin-bottom: 5px;\" src=\"https:\/\/www.univ-soukahras.dz\/wpuploads\/2014\/11\/smallpdf.png\" alt=\"smallpdf\" width=\"16\" height=\"16\" \/> 09 Juin 2014,\u00a0Arr\u00eat\u00e9 n\u00b0364\u00a0 : Modalit\u00e9s et conditions d&#8217;acc\u00e8s des titulaires d&#8217;un dipl\u00f4me d&#8217;Etudes Universitaires Appliqu\u00e9es \u00e0 la formation en vue de l&#8217;obtention du dipl\u00f4me de licence. [<a href=\"https:\/\/www.univ-soukahras.dz\/pdf%20pedagogie\/DEUA_inscription%20364.pdf\" target=\"_blank\" rel=\"noopener\"><strong>Arabe Fran\u00e7ais<\/strong><\/a>]<\/p>\n<p><img loading=\"lazy\" decoding=\"async\" class=\"alignnone wp-image-514 size-full\" style=\"margin-bottom: 5px;\" src=\"https:\/\/www.univ-soukahras.dz\/wpuploads\/2014\/11\/smallpdf.png\" alt=\"smallpdf\" width=\"16\" height=\"16\" \/> 11 Juin 2014,\u00a0Arr\u00eat\u00e9 n\u00b0 371 : Cr\u00e9ation, composition et fonctionnement des conseils de discipline au sein des \u00e9tablissements d&#8217;enseignement sup\u00e9rieur.. [<a href=\"https:\/\/www.univ-soukahras.dz\/pdf%20pedagogie\/conseil%20de%20discipline%20%20371.pdf\" target=\"_blank\" rel=\"noopener\"><strong>Arabe Fran\u00e7ais<\/strong><\/a>]<\/p>\n<h3>Textes d&#8217;ordre g\u00e9n\u00e9ral<\/h3>\n<p><img loading=\"lazy\" decoding=\"async\" class=\"alignnone wp-image-514 size-full\" style=\"margin-bottom: 5px;\" src=\"https:\/\/www.univ-soukahras.dz\/wpuploads\/2014\/11\/smallpdf.png\" alt=\"smallpdf\" width=\"16\" height=\"16\" \/> 23 f\u00e9vrier 2008, Loi N\u00b0 08-06 : loi d\u2019orientation sur l\u2019enseignement sup\u00e9rieur. [<a href=\"https:\/\/www.univ-soukahras.dz\/LLoi-dorientation-N%C2%B008-06-du-23-fevrier-2008.pdf\" target=\"_blank\" rel=\"noopener\"><strong>Fran\u00e7ais<\/strong><\/a>]<\/p>\n<h3>Arr\u00eat\u00e9s<\/h3>\n<p><img loading=\"lazy\" decoding=\"async\" class=\"alignnone wp-image-514 size-full\" style=\"margin-bottom: 5px;\" src=\"https:\/\/www.univ-soukahras.dz\/wpuploads\/2014\/11\/smallpdf.png\" alt=\"smallpdf\" width=\"16\" height=\"16\" \/> 03 novembre 2011, Arr\u00eat\u00e9 711 : Les r\u00e8gles d\u2019organisation et de gestion p\u00e9dagogiques<br \/>\nfixant les r\u00e8gles d&#8217;organisation et de gestion p\u00e9dagogiques communes aux \u00e9tudes universitaires en vue de l&#8217;obtention des dipl\u00f4mes de licence et de master. [<a href=\"https:\/\/www.univ-soukahras.dz\/doc%20pedagogiques\/arrete%20711%20du%2003%20novembre%202011%20fr.pdf\" target=\"_blank\" rel=\"noopener\"><strong>Fran\u00e7ais<\/strong><\/a>] [<a href=\"https:\/\/www.univ-soukahras.dz\/doc%20pedagogiques\/Arrete%20711%20du%2003%20novembre%202011%20ar.pdf\" target=\"_blank\" rel=\"noopener\"><strong>Arabe<\/strong><\/a>]<\/p>\n<p><img loading=\"lazy\" decoding=\"async\" class=\"alignnone wp-image-514 size-full\" style=\"margin-bottom: 5px;\" src=\"https:\/\/www.univ-soukahras.dz\/wpuploads\/2014\/11\/smallpdf.png\" alt=\"smallpdf\" width=\"16\" height=\"16\" \/> 03 novembre 2011, Arr\u00eat\u00e9 712 : Les modalit\u00e9s d&#8217;\u00e9valuation,de progression et d&#8217;orientation dans les cycles d&#8217;\u00e9tudes en vue de l&#8217;obtention des dipl\u00f4mes licence et master. [<a href=\"https:\/\/www.univ-soukahras.dz\/wpuploads\/2018\/01\/Arr\u00eat\u00e9-712-modifi\u00e9-et-compl\u00e9t\u00e9-137-fixant-modalit\u00e9s-d\u00e9valuation-de-progression-et-dorientation-.pdf\" target=\"_blank\" rel=\"noopener\"><strong>Fran\u00e7ais<\/strong><\/a>] [<a href=\"https:\/\/www.univ-soukahras.dz\/wpuploads\/2018\/01\/\u0642\u0631\u0627\u0631-\u0631\u0642\u0645-712\u060c-\u0645\u0639\u062f\u0644-\u0648-\u0645\u062a\u0645\u0645-\u0644\u0642\u0631\u0627\u0631-137\u060c-\u0627\u0644\u0645\u062d\u062f\u062f-\u0644\u0643\u064a\u0641\u064a\u0627\u062a-\u0627\u0644\u062a\u0642\u064a\u064a\u0645-\u0648-\u0627\u0644\u062a\u062f\u0631\u062c-\u0648-\u0627\u0644\u062a\u0648\u062c\u064a\u0647-.pdf\" target=\"_blank\" rel=\"noopener\"><strong>Arabe<\/strong><\/a>]<\/p>\n<p><img loading=\"lazy\" decoding=\"async\" class=\"alignnone wp-image-514 size-full\" style=\"margin-bottom: 5px;\" src=\"https:\/\/www.univ-soukahras.dz\/wpuploads\/2014\/11\/smallpdf.png\" alt=\"smallpdf\" width=\"16\" height=\"16\" \/> 03 novembre 2011, Arr\u00eat\u00e9 713 : La composition et fonctionnement de la commission du tutorat. [<a href=\"https:\/\/www.univ-soukahras.dz\/wpuploads\/2018\/01\/Arr\u00eat\u00e9-713-fixant-composition-et-fonctionnement-de-la-commission-du-Tutorat.pdf\" target=\"_blank\" rel=\"noopener\"><strong>Fran\u00e7ais<\/strong><\/a>] [<a href=\"https:\/\/www.univ-soukahras.dz\/wpuploads\/2018\/01\/\u0642\u0631\u0627\u0631-\u0631\u0642\u0645-713-\u064a\u062d\u062f\u062f-\u062a\u0634\u0643\u064a\u0644\u0629-\u0644\u062c\u0646\u0629-\u0627\u0644\u0625\u0634\u0631\u0627\u0641-\u0648-\u0633\u064a\u0631\u0647\u0627.pdf\" target=\"_blank\" rel=\"noopener\"><strong>Arabe<\/strong><\/a>]<\/p>\n<p><img loading=\"lazy\" decoding=\"async\" class=\"alignnone wp-image-514 size-full\" style=\"margin-bottom: 5px;\" src=\"https:\/\/www.univ-soukahras.dz\/wpuploads\/2014\/11\/smallpdf.png\" alt=\"smallpdf\" width=\"16\" height=\"16\" \/> 03 novembre 2011, Arr\u00eat\u00e9 714 : Les modalit\u00e9s de classement des \u00e9tudiants. [<a href=\"https:\/\/www.univ-soukahras.dz\/AArr%C3%AAt%C3%A9-714-portant-modalit%C3%A9-de-Classement-des-%C3%A9tudiants.pdf\" target=\"_blank\" rel=\"noopener\"><strong>Fran\u00e7ais<\/strong><\/a>] [<a href=\"https:\/\/www.univ-soukahras.dz\/%D9%82%D9%82%D8%B1%D8%A7%D8%B1-%D8%B1%D9%82%D9%85-714-%D9%84%D9%83%D9%8A%D9%81%D9%8A%D8%A7%D8%AA-%D8%AA%D8%B1%D8%AA%D9%8A%D8%A8-%D8%A7%D9%84%D8%B7%D9%84%D8%A8%D8%A9.pdf\" target=\"_blank\" rel=\"noopener\"><strong>Arabe<\/strong><\/a>]<\/p>\n<p><img loading=\"lazy\" decoding=\"async\" class=\"alignnone wp-image-514 size-full\" style=\"margin-bottom: 5px;\" src=\"https:\/\/www.univ-soukahras.dz\/wpuploads\/2014\/11\/smallpdf.png\" alt=\"smallpdf\" width=\"16\" height=\"16\" \/> 03 novembre 2011, Arr\u00eat\u00e9 715 : Conditions d&#8217;obtention du dipl\u00f4me de master aux \u00e9tudiants inscrits pour l&#8217;obtention du dipl\u00f4me d&#8217; ing\u00e9nieur d&#8217;\u00c9tat, du dipl\u00f4me d&#8217;architecte dans les \u00e9coles hors universit\u00e9. [<a href=\"https:\/\/www.univ-soukahras.dz\/AArr%C3%AAt%C3%A9-715-fixant-les-conditions-de-master-dans-les-%C3%A9coles-hors-universit%C3%A9.pdf\" target=\"_blank\" rel=\"noopener\"><strong>Fran\u00e7ais<\/strong><\/a>] [<a href=\"https:\/\/www.univ-soukahras.dz\/%D9%82%D9%82%D8%B1%D8%A7%D8%B1-%D8%B1%D9%82%D9%85-715-%D9%84%D8%B4%D8%B1%D9%88%D8%B7-%D8%A7%D9%84%D9%85%D8%A7%D8%B3%D8%AA%D8%B1-%D9%81%D9%8A-%D8%A7%D9%84%D9%85%D8%AF%D8%A7%D8%B1%D8%B3-%D8%AE%D8%A7%D8%B1%D8%AC-%D8%A7%D9%84%D8%AC%D8%A7%D9%85%D8%B9%D8%A9.pdf\" target=\"_blank\" rel=\"noopener\"><strong>Arabe<\/strong><\/a>]<\/p>\n<p><img loading=\"lazy\" decoding=\"async\" class=\"alignnone wp-image-514 size-full\" style=\"margin-bottom: 5px;\" src=\"https:\/\/www.univ-soukahras.dz\/wpuploads\/2014\/11\/smallpdf.png\" alt=\"smallpdf\" width=\"16\" height=\"16\" \/> 20 juin 2009, Arr\u00eat\u00e9 136 : Les r\u00e8gles d&#8217;organisation et de gestion p\u00e9dagogiques. [<a href=\"https:\/\/www.univ-soukahras.dz\/AArr%C3%AAt%C3%A9-N%C2%B0-136-du-20-juin-200%C3%A7-version-Fran%C3%A7aise.pdf\" target=\"_blank\" rel=\"noopener\"><strong>Fran\u00e7ais<\/strong><\/a>] [<a href=\"https:\/\/www.univ-soukahras.dz\/AArr%C3%AAt%C3%A9-N%C2%B0-136-du-20-juin-200-9-version-arabe.pdf\" target=\"_blank\" rel=\"noopener\"><strong>Arabe<\/strong><\/a>]<\/p>\n<p><img loading=\"lazy\" decoding=\"async\" class=\"alignnone wp-image-514 size-full\" style=\"margin-bottom: 5px;\" src=\"https:\/\/www.univ-soukahras.dz\/wpuploads\/2014\/11\/smallpdf.png\" alt=\"smallpdf\" width=\"16\" height=\"16\" \/> 20 juin 2009, Arr\u00eat\u00e9 137 : Les modalit\u00e9s d&#8217;\u00e9valuation,de progression et d&#8217;orientation. [<a href=\"https:\/\/www.univ-soukahras.dz\/AArr%C3%AAt%C3%A9-N%C2%B0-137-du-20-juin-2009-Version-Fran%C3%A7aise.pdf\" target=\"_blank\" rel=\"noopener\"><strong>Fran\u00e7ais<\/strong><\/a>] [<a href=\"https:\/\/www.univ-soukahras.dz\/AArr%C3%AAt%C3%A9-N%C2%B0-137-du-20-juin-2009-Version-arabe.pdf\" target=\"_blank\" rel=\"noopener\"><strong>Arabe<\/strong><\/a>]<\/p>\n<h3>D\u00e9crets<\/h3>\n<p><img loading=\"lazy\" decoding=\"async\" class=\"alignnone wp-image-514 size-full\" style=\"margin-bottom: 5px;\" src=\"https:\/\/www.univ-soukahras.dz\/wpuploads\/2014\/11\/smallpdf.png\" alt=\"smallpdf\" width=\"16\" height=\"16\" \/> 19 Ao\u00fbt 2008, D\u00e9cret ex\u00e9cutif N\u00b0 08-265 : Dipl\u00f4mes LMD. [<a href=\"https:\/\/www.univ-soukahras.dz\/DD%C3%A9cret-ex%C3%A9cutif-N%C2%B0-08-265-du-19-Aout-2008-Version-Fran%C3%A7aise.pdf\" target=\"_blank\" rel=\"noopener\"><strong>Fran\u00e7ais<\/strong><\/a>] [<a href=\"https:\/\/www.univ-soukahras.dz\/DD%C3%A9cret-ex%C3%A9cutif-N%C2%B008-265-du-19-Aout-2008-Version-Arabe-Syst%C3%A8me-LMD.pdf\" target=\"_blank\" rel=\"noopener\"><strong>Arabe<\/strong><\/a>]<\/p>\n<p><img loading=\"lazy\" decoding=\"async\" class=\"alignnone wp-image-514 size-full\" style=\"margin-bottom: 5px;\" src=\"https:\/\/www.univ-soukahras.dz\/wpuploads\/2014\/11\/smallpdf.png\" alt=\"smallpdf\" width=\"16\" height=\"16\" \/> 03 Mai 2008, D\u00e9cret N\u00b0 08-130 : Statut particulier de l\u2019enseignant chercheur [<a href=\"https:\/\/www.univ-soukahras.dz\/DD%C3%A9cret-N%C2%B0-08-130-du-03-Mai-2008-Statut-particulier-de-l%E2%80%99enseignant-chercheur.pdf\" target=\"_blank\" rel=\"noopener\"><strong>Fran\u00e7ais<\/strong><\/a>] [<a href=\"https:\/\/www.univ-soukahras.dz\/DD%C3%A9cret-ex%C3%A9cutif-N%C2%B008-130-du-3-mai-2008.Version-Arabe-Statut-enseignant-chercheur.pdf\" target=\"_blank\" rel=\"noopener\"><strong>Arabe<\/strong><\/a>]<\/p>\n<p><img loading=\"lazy\" decoding=\"async\" class=\"alignnone size-full wp-image-514\" src=\"https:\/\/www.univ-soukahras.dz\/wpuploads\/2014\/11\/smallpdf.png\" alt=\"smallpdf\" width=\"16\" height=\"16\" \/>\u00a03 janvier 2009, D\u00e9cret ex\u00e9cutif\u00a0 N\u00b0 09-03 : correspondant au\u00a0 pr\u00e9cisant la mission de tutorat et fixant les modalit\u00e9s de sa mise en \u0153uvre. [<a href=\"https:\/\/www.univ-soukahras.dz\/wpuploads\/2018\/01\/D\u00e9cret-ex\u00e9cutif-N\u00b0-09-03-du-3-janvier-2009-Version-Fran\u00e7aise.pdf\" target=\"_blank\" rel=\"noopener\"><strong>Fran\u00e7ais<\/strong><\/a>] [<a href=\"https:\/\/www.univ-soukahras.dz\/wpuploads\/2018\/01\/D\u00e9cret-ex\u00e9cutif-N\u00b0-09-03-du-3-janvier-2009-Vesrsion-Arabe.pdf\" target=\"_blank\" rel=\"noopener\"><strong>Arabe<\/strong><\/a>]<\/p>\n","protected":false},"excerpt":{"rendered":"<p>\u0627\u0644\u0642\u0627\u0646\u0648\u0646 \u0627\u0644\u0623\u0633\u0627\u0633\u064a \u0627\u0644\u062e\u0627\u0635 \u0628\u0627\u0644\u0628\u0627\u062d\u062b \u0627\u0644\u062f\u0627\u0626\u0645 \u0627\u0644\u0642\u0627\u0646\u0648\u0646 \u0627\u0644\u0623\u0633\u0627\u0633\u064a \u0627\u0644\u062e\u0627\u0635 \u0628\u0627\u0644\u0623\u0633\u062a\u0627\u0630 \u0627\u0644\u0628\u0627\u062d\u062b les nouveaux textes r\u00e9glementaires 2016\/2017\u00a0 Arr\u00eat\u00e9 n\u00b0\u00a0929 : \u00a0fixant le [&hellip;]<\/p>\n","protected":false},"author":1,"featured_media":0,"parent":0,"menu_order":0,"comment_status":"open","ping_status":"open","template":"","meta":{"footnotes":""},"class_list":["post-120","page","type-page","status-publish","hentry"],"_links":{"self":[{"href":"https:\/\/univ-soukahras.dz\/en\/wp-json\/wp\/v2\/pages\/120","targetHints":{"allow":["GET"]}}],"collection":[{"href":"https:\/\/univ-soukahras.dz\/en\/wp-json\/wp\/v2\/pages"}],"about":[{"href":"https:\/\/univ-soukahras.dz\/en\/wp-json\/wp\/v2\/types\/page"}],"author":[{"embeddable":true,"href":"https:\/\/univ-soukahras.dz\/en\/wp-json\/wp\/v2\/users\/1"}],"replies":[{"embeddable":true,"href":"https:\/\/univ-soukahras.dz\/en\/wp-json\/wp\/v2\/comments?post=120"}],"version-history":[{"count":31,"href":"https:\/\/univ-soukahras.dz\/en\/wp-json\/wp\/v2\/pages\/120\/revisions"}],"predecessor-version":[{"id":105302,"href":"https:\/\/univ-soukahras.dz\/en\/wp-json\/wp\/v2\/pages\/120\/revisions\/105302"}],"wp:attachment":[{"href":"https:\/\/univ-soukahras.dz\/en\/wp-json\/wp\/v2\/media?parent=120"}],"curies":[{"name":"wp","href":"https:\/\/api.w.org\/{rel}","templated":true}]}}