{"id":181,"date":"2014-11-06T13:31:51","date_gmt":"2014-11-06T13:31:51","guid":{"rendered":"http:\/\/www.univ-soukahras.dz\/app\/?page_id=181"},"modified":"2014-11-06T13:34:12","modified_gmt":"2014-11-06T13:34:12","slug":"sous-direction-des-personnels-et-de-la-formation","status":"publish","type":"page","link":"https:\/\/univ-soukahras.dz\/en\/sous-direction-des-personnels-et-de-la-formation","title":{"rendered":"Sous-direction des personnels et de la formation"},"content":{"rendered":"<p>La sous-direction des personnels et de la formation est charg\u00e9e de :<br \/>\n\u2014 g\u00e9rer la carrri\u00e8re des personnels relevant du rectorat et des services communs et de ceux dont la nomination rel\u00e8ve du recteur de l\u2019universit\u00e9,<br \/>\n\u2014 \u00e9laborer et mettre en oeuvre les plans de formation, de perfectionnement et de recyclage des personnels \u00a0administratifs, techniques et de service de l\u2019universit\u00e9,<br \/>\n\u2014 assurer la gestion des effectifs des personnels de l\u2019universit\u00e9 et leur r\u00e9partition harmonieuse entre les \u00a0facult\u00e9s, instituts et annexes,<br \/>\n\u2014 coordonner l\u2019\u00e9laboration et la mise en oeuvre des plans de gestion des ressources humaines de l\u2019universit\u00e9.<br \/>\nElle comprend les services suivants :<\/p>\n<p><a href=\"https:\/\/www.univ-soukahras.dz\/personnel_prof.php\"><br \/>\n<\/a>le service des personnels enseignants,<\/p>\n<p><a href=\"https:\/\/www.univ-soukahras.dz\/personnel_technique.php\"><br \/>\n<\/a>le service des personnels administratifs, techniques et agents de service,<\/p>\n<p><a href=\"https:\/\/www.univ-soukahras.dz\/personnel_formation.php\"><br \/>\n<\/a>le service de la formation et du perfectionnement.<\/p>\n","protected":false},"excerpt":{"rendered":"<p>La sous-direction des personnels et de la formation est charg\u00e9e de : \u2014 g\u00e9rer la carrri\u00e8re des personnels relevant du [&hellip;]<\/p>\n","protected":false},"author":1,"featured_media":0,"parent":0,"menu_order":0,"comment_status":"open","ping_status":"open","template":"","meta":{"footnotes":""},"class_list":["post-181","page","type-page","status-publish","hentry"],"_links":{"self":[{"href":"https:\/\/univ-soukahras.dz\/en\/wp-json\/wp\/v2\/pages\/181","targetHints":{"allow":["GET"]}}],"collection":[{"href":"https:\/\/univ-soukahras.dz\/en\/wp-json\/wp\/v2\/pages"}],"about":[{"href":"https:\/\/univ-soukahras.dz\/en\/wp-json\/wp\/v2\/types\/page"}],"author":[{"embeddable":true,"href":"https:\/\/univ-soukahras.dz\/en\/wp-json\/wp\/v2\/users\/1"}],"replies":[{"embeddable":true,"href":"https:\/\/univ-soukahras.dz\/en\/wp-json\/wp\/v2\/comments?post=181"}],"version-history":[{"count":1,"href":"https:\/\/univ-soukahras.dz\/en\/wp-json\/wp\/v2\/pages\/181\/revisions"}],"predecessor-version":[{"id":183,"href":"https:\/\/univ-soukahras.dz\/en\/wp-json\/wp\/v2\/pages\/181\/revisions\/183"}],"wp:attachment":[{"href":"https:\/\/univ-soukahras.dz\/en\/wp-json\/wp\/v2\/media?parent=181"}],"curies":[{"name":"wp","href":"https:\/\/api.w.org\/{rel}","templated":true}]}}