{"id":189,"date":"2014-11-06T13:39:07","date_gmt":"2014-11-06T13:39:07","guid":{"rendered":"http:\/\/www.univ-soukahras.dz\/app\/?page_id=189"},"modified":"2014-11-06T13:39:07","modified_gmt":"2014-11-06T13:39:07","slug":"sous-direction-du-bugdet-et-de-la-comptabilite","status":"publish","type":"page","link":"https:\/\/univ-soukahras.dz\/en\/sous-direction-du-bugdet-et-de-la-comptabilite","title":{"rendered":"Sous-direction du bugdet et de la comptabilit\u00e9,"},"content":{"rendered":"<div class=\"partager\">\n<p>La sous-direction du budget et de la comptabilit\u00e9 est charg\u00e9e de :<br \/>\n\u2014 pr\u00e9parer le projet de budget de l\u2019universit\u00e9 sur la base des propositions des doyens de facult\u00e9s, des directeurs d\u2019instituts et annexes,<br \/>\n\u2014 suivre l\u2019ex\u00e9cution du budget de l\u2019universit\u00e9,<br \/>\n\u2014 pr\u00e9parer les d\u00e9l\u00e9gations de cr\u00e9dits aux doyens de facult\u00e9s, directeurs d\u2019instituts et d\u2019annexes et assurer le contr\u00f4le de leur ex\u00e9cution,<br \/>\n\u2014 suivre le financement des activit\u00e9s de recherche assur\u00e9es par les laboratoires et les unit\u00e9s,<br \/>\n\u2014 tenir \u00e0 jour la comptabilit\u00e9 de l\u2019universit\u00e9.<br \/>\nElle comprend les services suivants :<br \/>\n\u2014 le service du budget et de la comptabilit\u00e9,<br \/>\n\u2014 le service du financement des activit\u00e9s de recherche,<br \/>\n\u2014 le service du contr\u00f4le de gestion et des march\u00e9s.<\/p>\n<\/div>\n<p>&nbsp;<\/p>\n","protected":false},"excerpt":{"rendered":"<p>La sous-direction du budget et de la comptabilit\u00e9 est charg\u00e9e de : \u2014 pr\u00e9parer le projet de budget de l\u2019universit\u00e9 [&hellip;]<\/p>\n","protected":false},"author":1,"featured_media":0,"parent":0,"menu_order":0,"comment_status":"open","ping_status":"open","template":"","meta":{"footnotes":""},"class_list":["post-189","page","type-page","status-publish","hentry"],"_links":{"self":[{"href":"https:\/\/univ-soukahras.dz\/en\/wp-json\/wp\/v2\/pages\/189","targetHints":{"allow":["GET"]}}],"collection":[{"href":"https:\/\/univ-soukahras.dz\/en\/wp-json\/wp\/v2\/pages"}],"about":[{"href":"https:\/\/univ-soukahras.dz\/en\/wp-json\/wp\/v2\/types\/page"}],"author":[{"embeddable":true,"href":"https:\/\/univ-soukahras.dz\/en\/wp-json\/wp\/v2\/users\/1"}],"replies":[{"embeddable":true,"href":"https:\/\/univ-soukahras.dz\/en\/wp-json\/wp\/v2\/comments?post=189"}],"version-history":[{"count":1,"href":"https:\/\/univ-soukahras.dz\/en\/wp-json\/wp\/v2\/pages\/189\/revisions"}],"predecessor-version":[{"id":190,"href":"https:\/\/univ-soukahras.dz\/en\/wp-json\/wp\/v2\/pages\/189\/revisions\/190"}],"wp:attachment":[{"href":"https:\/\/univ-soukahras.dz\/en\/wp-json\/wp\/v2\/media?parent=189"}],"curies":[{"name":"wp","href":"https:\/\/api.w.org\/{rel}","templated":true}]}}