{"id":395,"date":"2014-11-10T14:08:54","date_gmt":"2014-11-10T14:08:54","guid":{"rendered":"http:\/\/www.univ-soukahras.dz\/app\/?page_id=395"},"modified":"2014-11-10T14:08:54","modified_gmt":"2014-11-10T14:08:54","slug":"textes-reglementaires-2","status":"publish","type":"page","link":"https:\/\/univ-soukahras.dz\/en\/textes-reglementaires-2","title":{"rendered":"Textes r\u00e9glementaires"},"content":{"rendered":"<p><img loading=\"lazy\" decoding=\"async\" src=\"http:\/\/193.194.69.178\/postbullets.png\" alt=\"\" width=\"6\" height=\"11\" \/>Circulaire interminist\u00e9rielle <strong>n\u00b0 329 du 23 Septembre 1984<\/strong>, relative \u00e0 la protection sanitaire au milieu universitaire.<\/p>\n<p>&nbsp;<\/p>\n<p><img loading=\"lazy\" decoding=\"async\" src=\"http:\/\/193.194.69.178\/postbullets.png\" alt=\"\" width=\"6\" height=\"11\" \/>Circulaire<strong> n\u00b0 08\/DPES\/SDMTHME du 25 juin 1986<\/strong>, relative \u00e0 la visite d\u2019admission dans les \u00e9tablissements d\u2019Enseignement Sup\u00e9rieur.<\/p>\n<p>&nbsp;<\/p>\n<p><img loading=\"lazy\" decoding=\"async\" src=\"http:\/\/193.194.69.178\/postbullets.png\" alt=\"\" width=\"6\" height=\"11\" \/>Circulaire<strong> n\u00b0 543 du 27 D\u00e9cembre 1987<\/strong>, relative aux activit\u00e9s de la protection sanitaire en milieu universitaire.<\/p>\n<p>&nbsp;<\/p>\n<p><img loading=\"lazy\" decoding=\"async\" src=\"http:\/\/193.194.69.178\/postbullets.png\" alt=\"\" width=\"6\" height=\"11\" \/>Instruction interminist\u00e9rielle<strong> n\u00b0 05 du 29 Novembre 1989<\/strong>, relative \u00e0 la mise en \u0153uvre du programme de protection sanitaire en milieu universitaire.<\/p>\n<p>&nbsp;<\/p>\n<p><img loading=\"lazy\" decoding=\"async\" src=\"http:\/\/193.194.69.178\/postbullets.png\" alt=\"\" width=\"6\" height=\"11\" \/>Instruction interminist\u00e9rielle <strong>n\u00b0 20 du 09 Juillet 2001<\/strong> relative \u00e0 la coordination des activit\u00e9s de sant\u00e9 en milieu universitaire.<\/p>\n<p>&nbsp;<\/p>\n<p><img loading=\"lazy\" decoding=\"async\" src=\"http:\/\/193.194.69.178\/postbullets.png\" alt=\"\" width=\"6\" height=\"11\" \/>Instruction interminist\u00e9rielle <strong>n\u00b0 21 du 09 Juillet 2001<\/strong> relative \u00e0 la vaccination en milieu universitaire.<\/p>\n<p>&nbsp;<\/p>\n<p align=\"left\"><img loading=\"lazy\" decoding=\"async\" src=\"http:\/\/193.194.69.178\/postbullets.png\" alt=\"\" width=\"6\" height=\"11\" \/>Instruction interminist\u00e9rielle <strong>n\u00b0 09 du 23 Novembre 2013 <\/strong>relative \u00e0 la vaccination contre l&#8217;h\u00e9patite B en milieu universitaire.<\/p>\n<p class=\"Style5\" align=\"center\">\n","protected":false},"excerpt":{"rendered":"<p>Circulaire interminist\u00e9rielle n\u00b0 329 du 23 Septembre 1984, relative \u00e0 la protection sanitaire au milieu universitaire. &nbsp; Circulaire n\u00b0 08\/DPES\/SDMTHME [&hellip;]<\/p>\n","protected":false},"author":1,"featured_media":0,"parent":0,"menu_order":0,"comment_status":"open","ping_status":"open","template":"","meta":{"footnotes":""},"class_list":["post-395","page","type-page","status-publish","hentry"],"_links":{"self":[{"href":"https:\/\/univ-soukahras.dz\/en\/wp-json\/wp\/v2\/pages\/395","targetHints":{"allow":["GET"]}}],"collection":[{"href":"https:\/\/univ-soukahras.dz\/en\/wp-json\/wp\/v2\/pages"}],"about":[{"href":"https:\/\/univ-soukahras.dz\/en\/wp-json\/wp\/v2\/types\/page"}],"author":[{"embeddable":true,"href":"https:\/\/univ-soukahras.dz\/en\/wp-json\/wp\/v2\/users\/1"}],"replies":[{"embeddable":true,"href":"https:\/\/univ-soukahras.dz\/en\/wp-json\/wp\/v2\/comments?post=395"}],"version-history":[{"count":1,"href":"https:\/\/univ-soukahras.dz\/en\/wp-json\/wp\/v2\/pages\/395\/revisions"}],"predecessor-version":[{"id":397,"href":"https:\/\/univ-soukahras.dz\/en\/wp-json\/wp\/v2\/pages\/395\/revisions\/397"}],"wp:attachment":[{"href":"https:\/\/univ-soukahras.dz\/en\/wp-json\/wp\/v2\/media?parent=395"}],"curies":[{"name":"wp","href":"https:\/\/api.w.org\/{rel}","templated":true}]}}