{"id":401,"date":"2014-11-10T14:22:58","date_gmt":"2014-11-10T14:22:58","guid":{"rendered":"http:\/\/www.univ-soukahras.dz\/app\/?page_id=401"},"modified":"2026-01-31T12:40:40","modified_gmt":"2026-01-31T11:40:40","slug":"pg-et-pgs","status":"publish","type":"page","link":"https:\/\/univ-soukahras.dz\/en\/pg-et-pgs","title":{"rendered":"Post-graduation et Post-graduation sp\u00e9cialis\u00e9e"},"content":{"rendered":"<h3>Pr\u00e9sentation<\/h3>\n<p>La Post Graduation succ\u00e8de aux cycles de graduation dans l\u2019enseignement et la formation sup\u00e9rieure. Elle a pour objet de former aux m\u00e9tiers de l\u2019enseignement et de la formation sup\u00e9rieur, de la recherche, de l\u2019expertise et de l\u2019encadrement de haut niveau dans les diff\u00e9rents secteurs de la vie \u00e9conomique et sociale.<br \/>\nLa premi\u00e8re \u00e9tape dans le cycle de formation post graduation\u00a0 est sanctionn\u00e9e par le dipl\u00f4me de Magister.<br \/>\nLa formation en vue du dipl\u00f4me de Magister a pour objet l\u2019approfondissement des connaissances dans un domaine scientifique particulier, l\u2019initiation aux techniques de la recherche, la familiarisation\u00a0 avec les m\u00e9thodes d\u2019analyses, de raisonnement et de construction d\u2019un protocole adapt\u00e9 d\u2019investigation et \/ ou d\u2019exp\u00e9rimentation.<br \/>\nL\u2019acc\u00e8s \u00e0 la formation en vue du dipl\u00f4me de Magister est ouvert, par voie\u00a0 de concours sur \u00e9preuves, aux titulaires d\u2019un dipl\u00f4me de graduation de longue dur\u00e9e ou d\u2019un dipl\u00f4me reconnu \u00e9quivalent.<br \/>\nL\u2019acc\u00e8s \u00e0 la formation en vue du dipl\u00f4me de Magister peut \u00eatre ouvert, sans concours, aux titulaires d\u2019un dipl\u00f4me de graduation de longue dur\u00e9e ou d\u2019un dipl\u00f4me reconnu \u00e9quivalent, majors de promotions \u00e0 l\u2019issue de leur \u00e9tudes de graduation.<\/p>\n<hr \/>\n<h3>Th\u00e8se de doctorat<\/h3>\n<p>L\u2019objet de la th\u00e8se en vue du doctorat est de consacrer les capacit\u00e9s du candidat \u00e0 r\u00e9aliser un travail de recherche original, de niveau appr\u00e9ciable et de contribuer de fa\u00e7on significative \u00e0 la r\u00e9solution de probl\u00e8mes scientifiques, technologiques et socio-\u00e9conomiques.<\/p>\n<hr \/>\n<h3>Post-graduation sp\u00e9cialis\u00e9e<\/h3>\n<p>La post \u2013 graduation sp\u00e9cialis\u00e9e participe de la formation continue\u00a0; elle a pour objet de compl\u00e9ter et d\u2019actualiser des formations initiales par des sp\u00e9cialisations en vue d\u2019am\u00e9liorer les qualifications du candidat dans le cadre de l\u2019ad\u00e9quation<br \/>\nformation \u2013 emploi<\/p>\n<hr \/>\n<h3><strong>Formation Doctorale 2018-2019 \u00a0 \u00a0 \u00a0 \u00a0 \u00a0 \u00a0 \u00a0 \u00a0 \u00a0 \u00a0 <\/strong><a href=\"https:\/\/www.univ-soukahras.dz\/wpuploads\/2018\/03\/Formation-Doctorale-2018-2019.rar\" target=\"_blank\"><img loading=\"lazy\" decoding=\"async\" class=\"alignnone size-full wp-image-422\" src=\"https:\/\/www.univ-soukahras.dz\/wpuploads\/2014\/11\/zip1.jpg\" alt=\"zip\" width=\"63\" height=\"59\" \/><\/a><\/h3>\n<p>&nbsp;<\/p>\n<p><strong>&#8212;&#8212;&#8212;&#8212;&#8212;&#8212;&#8212;&#8212;&#8212;&#8212;&#8212;&#8212;&#8212;&#8212;&#8212;&#8212;&#8212;&#8212;&#8212;&#8212;&#8212;&#8212;&#8212;&#8212;&#8212;&#8212;&#8212;&#8212;&#8212;&#8212;&#8212;&#8212;&#8212;&#8212;&#8212;&#8212;&#8212;&#8212;&#8212;&#8212;&#8212;&#8212;&#8212;&#8212;&#8212;&#8212;-<\/strong><\/p>\n<h3>R\u00e9glementations Doctorat LMD \u00a0 \u00a0 \u00a0 \u00a0 \u00a0 \u00a0 \u00a0 \u00a0 \u00a0 \u00a0 <a href=\"https:\/\/www.univ-soukahras.dz\/wpuploads\/2016\/09\/Reglementations-PG.rar\" target=\"_blank\"><img loading=\"lazy\" decoding=\"async\" class=\"alignnone size-full wp-image-422\" src=\"https:\/\/www.univ-soukahras.dz\/wpuploads\/2014\/11\/zip1.jpg\" alt=\"zip\" width=\"63\" height=\"59\" \/><\/a><\/h3>\n<h3><\/h3>\n<h3><\/h3>\n<h3>Des Textes Globales (Formation PG)<\/h3>\n<p>&#8211;<a href=\"https:\/\/www.univ-soukahras.dz\/wpuploads\/2016\/09\/TEXTES-EN-LANGUES-FRANCAISE.pdf\">TEXTES EN LANGUES FRANCAISE<\/a><\/p>\n<p>&#8211;<a href=\"https:\/\/www.univ-soukahras.dz\/wpuploads\/2016\/09\/TEXTES-EN-LANGUE-ARABE.pdf\">TEXTES EN LANGUE ARABE<\/a><\/p>\n<p><strong>&#8212;&#8212;&#8212;&#8212;&#8212;&#8212;&#8212;&#8212;&#8212;&#8212;&#8212;&#8212;&#8212;&#8212;&#8212;&#8212;&#8212;&#8212;&#8212;&#8212;&#8212;&#8212;&#8212;&#8212;&#8212;&#8212;&#8212;&#8212;&#8212;&#8212;&#8212;&#8212;&#8212;&#8212;&#8212;&#8212;&#8212;&#8212;&#8212;&#8212;&#8212;&#8212;&#8212;&#8212;-<\/strong><\/p>\n<h3><strong>\u00a0Les proc\u00e9dures et les modalit\u00e9s d\u2019organisation de cotutelle de th\u00e8se de doctorat<\/strong><\/h3>\n<p>Arr\u00eat\u00e9 N\u00b0 1150\u00a0du 08\u00a0D\u00e9cembre 2014\u00a0fixant les modalit\u00e9s de mise en \u0153uvre des dispositions relatives \u00e0 l\u2019habilitation universitaire\u00a0<a href=\"https:\/\/www.univ-soukahras.dz\/wpuploads\/2015\/02\/les-procedures-et-les-modalit%C3%A9s-dorganisation-de-cotutelle.docx\" target=\"_blank\"><img loading=\"lazy\" decoding=\"async\" class=\"alignnone wp-image-548 size-full\" src=\"https:\/\/www.univ-soukahras.dz\/wpuploads\/2014\/11\/smallword.png\" alt=\"smallword\" width=\"16\" height=\"16\" \/><\/a>\u00a0et Arr\u00e9t\u00e9 n\u00b0 704\u00a0<a href=\"https:\/\/www.univ-soukahras.dz\/wpuploads\/2016\/09\/Arr\u00e9t\u00e9-n-704-Cotutelle.pdf\" target=\"_blank\"><img loading=\"lazy\" decoding=\"async\" class=\"alignnone size-full wp-image-514\" src=\"https:\/\/www.univ-soukahras.dz\/wpuploads\/2014\/11\/smallpdf.png\" alt=\"smallpdf\" width=\"16\" height=\"16\" \/><\/a><\/p>\n<h3>&#8212;&#8212;&#8212;&#8212;&#8212;&#8212;&#8212;&#8212;&#8212;&#8212;&#8212;&#8212;&#8212;&#8212;&#8212;&#8212;&#8212;&#8212;&#8212;&#8212;&#8212;&#8212;&#8212;&#8212;&#8212;&#8212;&#8212;&#8212;&#8212;&#8212;&#8212;&#8212;&#8212;&#8212;&#8212;&#8212;&#8212;-<\/h3>\n<h3>Formulaires d&#8217;inscription et r\u00e9inscription en doctorat ( Sciences \/3i\u00e8me cycle)<\/h3>\n<p><a href=\"https:\/\/www.univ-soukahras.dz\/wpuploads\/2016\/09\/Inscrp-Reinscrip.rar\" target=\"_blank\"><img loading=\"lazy\" decoding=\"async\" class=\"alignnone size-full wp-image-422\" src=\"https:\/\/www.univ-soukahras.dz\/wpuploads\/2014\/11\/zip1.jpg\" alt=\"zip\" width=\"63\" height=\"59\" \/><\/a><\/p>\n<h3>&#8212;&#8212;&#8212;&#8212;&#8212;&#8212;&#8212;&#8212;&#8212;&#8212;&#8212;&#8212;&#8212;&#8212;&#8212;&#8212;&#8212;&#8212;&#8212;&#8212;&#8212;&#8212;&#8212;&#8212;&#8212;&#8212;&#8212;&#8212;&#8212;&#8212;&#8212;&#8212;&#8212;&#8212;&#8212;&#8212;&#8212;-<\/h3>\n<h3>\u00a0Portail national de signalement des th\u00e8ses ( guide d&#8217;utilisation)<\/h3>\n<p><a href=\"https:\/\/www.univ-soukahras.dz\/wpuploads\/2016\/09\/PNST.rar\" target=\"_blank\"><img loading=\"lazy\" decoding=\"async\" class=\"alignnone size-full wp-image-422\" src=\"https:\/\/www.univ-soukahras.dz\/wpuploads\/2014\/11\/zip1.jpg\" alt=\"zip\" width=\"63\" height=\"59\" \/><\/a><\/p>\n<p>&nbsp;<\/p>\n<h3>&#8212;&#8212;&#8212;&#8212;&#8212;&#8212;&#8212;&#8212;&#8212;&#8212;&#8212;&#8212;&#8212;&#8212;&#8212;&#8212;&#8212;&#8212;&#8212;&#8212;&#8212;&#8212;&#8212;&#8212;&#8212;&#8212;&#8212;&#8212;&#8212;&#8212;&#8212;&#8212;&#8212;&#8212;&#8212;&#8212;&#8212;&#8212;<\/h3>\n<h3>Mod\u00e8le de page de garde (Th\u00e8se &#8211; M\u00e9moire)<\/h3>\n<p><a href=\"https:\/\/www.univ-soukahras.dz\/wpuploads\/2016\/09\/Doctorat.rar\">Doctorat<\/a><\/p>\n<p><a href=\"https:\/\/www.univ-soukahras.dz\/wpuploads\/2016\/09\/PGS.rar\">PGS<\/a><\/p>\n<p>&nbsp;<\/p>\n","protected":false},"excerpt":{"rendered":"<p>Pr\u00e9sentation La Post Graduation succ\u00e8de aux cycles de graduation dans l\u2019enseignement et la formation sup\u00e9rieure. Elle a pour objet de [&hellip;]<\/p>\n","protected":false},"author":1,"featured_media":0,"parent":0,"menu_order":0,"comment_status":"closed","ping_status":"open","template":"","meta":{"footnotes":""},"class_list":["post-401","page","type-page","status-publish","hentry"],"_links":{"self":[{"href":"https:\/\/univ-soukahras.dz\/en\/wp-json\/wp\/v2\/pages\/401","targetHints":{"allow":["GET"]}}],"collection":[{"href":"https:\/\/univ-soukahras.dz\/en\/wp-json\/wp\/v2\/pages"}],"about":[{"href":"https:\/\/univ-soukahras.dz\/en\/wp-json\/wp\/v2\/types\/page"}],"author":[{"embeddable":true,"href":"https:\/\/univ-soukahras.dz\/en\/wp-json\/wp\/v2\/users\/1"}],"replies":[{"embeddable":true,"href":"https:\/\/univ-soukahras.dz\/en\/wp-json\/wp\/v2\/comments?post=401"}],"version-history":[{"count":59,"href":"https:\/\/univ-soukahras.dz\/en\/wp-json\/wp\/v2\/pages\/401\/revisions"}],"predecessor-version":[{"id":22602,"href":"https:\/\/univ-soukahras.dz\/en\/wp-json\/wp\/v2\/pages\/401\/revisions\/22602"}],"wp:attachment":[{"href":"https:\/\/univ-soukahras.dz\/en\/wp-json\/wp\/v2\/media?parent=401"}],"curies":[{"name":"wp","href":"https:\/\/api.w.org\/{rel}","templated":true}]}}