{"id":649,"date":"2014-11-21T09:24:59","date_gmt":"2014-11-21T09:24:59","guid":{"rendered":"http:\/\/www.univ-soukahras.dz\/app\/?page_id=649"},"modified":"2026-01-31T12:40:41","modified_gmt":"2026-01-31T11:40:41","slug":"habilitation-universitaire","status":"publish","type":"page","link":"https:\/\/univ-soukahras.dz\/en\/habilitation-universitaire","title":{"rendered":"Habilitation Universitaire"},"content":{"rendered":"<p><span style=\"color: #ff0000;\"><strong>Habilitation Universitaire\u00a0\u00a0\u00a0\u00a0\u00a0\u00a0 <\/strong><\/span><\/p>\n<p><span style=\"color: #ff0000;\"><strong><a href=\"https:\/\/www.univ-soukahras.dz\/wpuploads\/2019\/12\/\u062f\u0644\u064a\u0644-\u0625\u064a\u062f\u0627\u0639-\u0645\u0644\u0641-\u0627\u0644\u062a\u0631\u0634\u062d-\u0644\u0644\u062a\u0623\u0647\u064a\u0644-\u0627\u0644\u062c\u0627\u0645\u0639\u064a.pdf\" target=\"_blank\">Guide de d\u00e9p\u00f4t du dossier de candidature \u00e0 l\u2019Habilitation Universitaire<\/a><br \/>\n<\/strong><\/span><\/p>\n<p>L\u2019habilitation est ouverte aux enseignants titulaires d\u00e9tenteurs d\u2019un doctorat ou d\u2019un dipl\u00f4me reconnu \u00e9quivalent et \u00e9galement aux titulaires d\u2019un doctorat de 3\u00e8me cycle\u00a0:<\/p>\n<p>&#8211; Qui\u00a0sont titulaires depuis au moins une (01) ann\u00e9e d\u2019un dipl\u00f4me de Doctorat en Sciences ou d\u2019un Doctorat du\u00a0syst\u00e8me LMD, ou d\u2019un titre reconnu \u00e9quivalent \u00e0 l\u2019un de ces deux dipl\u00f4mes.<\/p>\n<p>&#8211; Qui\u00a0ont le grade de Maitre de conf\u00e9rence classe B ou Maitre de recherche\u00a0classe B<\/p>\n<p>&#8211; Qui\u00a0\u00a0sont en position d\u2019activit\u00e9 en tant que permanents dans le secteur de l\u2019Enseignement Sup\u00e9rieur et de la Recherche Scientifique depuis trois (03) ann\u00e9es au minimum.<\/p>\n<p>&#8211; Ayant r\u00e9alis\u00e9 apr\u00e8s l\u2019obtention du doctorat, des travaux de recherche de haut niveau et avoir consolid\u00e9 les r\u00e9sultats de recherche par des publications dans des revues scientifiques et des communications, ou par un d\u00e9p\u00f4t de brevets d\u2019invention.<\/p>\n<p>&#8211; Avoir une exp\u00e9rience dans le domaine de l\u2019enseignement par la production de polycopies, avoir dispens\u00e9 des cours et avoir encadr\u00e9 des \u00e9tudiants de master.<\/p>\n<p>&nbsp;<\/p>\n<p><span style=\"color: #ff0000;\"><strong>L\u2019Habilitation Universitaire permet \u00e0 son titulaire\u00a0:<\/strong><\/span><\/p>\n<p>&#8211; \u00a0 D\u2019acqu\u00e9rir le rang magistral et d\u2019\u00eatre nomm\u00e9 au grade de\u00a0Maitre de Conf\u00e9rences classe A<\/p>\n<p>&#8211; \u00a0 D\u2019encadrer des th\u00e8ses de doctorat<\/p>\n<p>&#8211; \u00a0 De diriger des projets de recherche<\/p>\n<p>&#8211; \u00a0 De diriger une \u00e9quipe de recherche<\/p>\n<p>&nbsp;<\/p>\n<p>L\u2019Universit\u00e9 Mohammed-Ch\u00e9rif Messaadia Souk-Ahras organise et d\u00e9livre l\u2019habilitation universitaire dans les disciplines suivantes :<\/p>\n<ul>\n<li>Sciences Economiques (Octobre 2024)<\/li>\n<li>Sciences Agronomiques (ao\u00fbt\u00a0 2020)<\/li>\n<li>Sciences et Techniques des Activit\u00e9s Physiques ET Sportives (sept\u00a0 2021)<\/li>\n<li>Sciences Financi\u00e8res et Comptabilit\u00e9 (sept\u00a0 2021)<\/li>\n<li>Sciences de Gestion (ao\u00fbt\u00a0 2023)<\/li>\n<li>Sciences Biologiques (ao\u00fbt\u00a0 2023)<\/li>\n<li>Sciences V\u00e9t\u00e9rinaires (ao\u00fbt\u00a0 2023)<\/li>\n<li>Informatique (ao\u00fbt\u00a0 2023)<\/li>\n<li>Math\u00e9matiques ( Octobre 2024 )<\/li>\n<li>Langue et Litt\u00e9rature Arabes ( Octobre 2024 )<\/li>\n<\/ul>\n<p><span style=\"color: #ff0000;\"><strong>Modalit\u00e9s d\u2019Inscription \u00e0 l\u2019Habilitation Universitaire:<\/strong><\/span><\/p>\n<p>Les dossiers de candidature \u00e0 l\u2019Habilitation Universitaire\u00a0peuvent \u00eatre d\u00e9pos\u00e9s durant l\u2019ann\u00e9e universitaire en dehors des p\u00e9riodes des vacances.<\/p>\n<p>Le candidat doit d\u00e9poser son dossier de candidature \u00e0 l\u2019Habilitation Universitaire au Vice Rectorat de la formation sup\u00e9rieure de troisi\u00e8me cycle, l\u2019habilitation universitaire et la recherche scientifique, et la formation sup\u00e9rieure de post-graduation.<\/p>\n<p><strong>\u00a0<\/strong><\/p>\n<p><span style=\"color: #ff0000;\"><strong>Constitution du dossier:<\/strong><\/span><\/p>\n<p>Le dossier de candidature \u00e0 une inscription \u00e0 l\u2019habilitation universitaire doit \u00eatre d\u00e9pos\u00e9 en huit (08) exemplaires au vice rectorat charg\u00e9 de la formation sup\u00e9rieure en post-graduation, l\u2019habilitation universitaire et la recherche scientifique de l\u2019\u00e9tablissement et comporte les documents suivants :<\/p>\n<ul>\n<li>Une demande manuscrite<\/li>\n<li>Une copie de la d\u00e9cision de titularisation dans le grade<\/li>\n<li>Une attestation de fonction r\u00e9cente<\/li>\n<li>Une copie des dipl\u00f4mes universitaires obtenus + PV\u00a0de\u00a0soutenance de la th\u00e8se de\u00a0doctorat<\/li>\n<li>Un exemplaire de la th\u00e8se de doctorat<\/li>\n<li>Un curriculum vitae retra\u00e7ant les diff\u00e9rentes \u00e9tapes de la carri\u00e8re du postulant<\/li>\n<li>Les documents portant sur l\u2019ensemble des travaux du postulant \u00e0 l\u2019habilitation universitaire, notamment :\n<ul>\n<li>Un article et\/ou publication scientifiques publi\u00e9s dans une revue scientifique reconnue avec comit\u00e9 de lecture, r\u00e9alis\u00e9 apr\u00e8s la soutenance de doctorat.<\/li>\n<li>La production p\u00e9dagogique r\u00e9alis\u00e9e (ouvrages, polycopi\u00e9s, cours en ligne\u2026) est justifi\u00e9e par au moins un polycopi\u00e9.<\/li>\n<li>Autres articles scientifiques, s\u2019il y a lieu, publi\u00e9s dans des revues scientifiques reconnues avec comit\u00e9 de lecture.<\/li>\n<li>Les communications scientifiques dans des conf\u00e9rences et colloques scientifiques, s\u2019il y a lieu , accompagn\u00e9es d\u2019une attestation de participation<\/li>\n<li>Les ouvrages scientifiques s\u2019il y a lieu<\/li>\n<li>Les brevets d\u2019invention, s\u2019il y a lieu<\/li>\n<li>Une synth\u00e8se de cinq (5) \u00e0 dix (10) pages mettant en exergue l\u2019ensemble des travaux scientifiques et p\u00e9dagogiques<\/li>\n<\/ul>\n<\/li>\n<\/ul>\n<p>&nbsp;<\/p>\n<p style=\"text-align: center;\"><a href=\"https:\/\/www.univ-soukahras.dz\/wpuploads\/2019\/12\/\u062f\u0644\u064a\u0644-\u0625\u064a\u062f\u0627\u0639-\u0645\u0644\u0641-\u0627\u0644\u062a\u0631\u0634\u062d-\u0644\u0644\u062a\u0623\u0647\u064a\u0644-\u0627\u0644\u062c\u0627\u0645\u0639\u064a.pdf\" target=\"_blank\">Guide de d\u00e9p\u00f4t du dossier de candidature \u00e0 l\u2019Habilitation Universitaire<\/a><\/p>\n<p style=\"text-align: center;\"><a href=\"https:\/\/www.univ-soukahras.dz\/wpuploads\/2019\/12\/\u0627\u0644\u0642\u0648\u0627\u0646\u064a\u0646-\u0627\u0644\u062a\u0646\u0638\u064a\u0645\u064a\u0629-\u0644\u0644\u062a\u0623\u0647\u064a\u0644-\u0627\u0644\u062c\u0627\u0645\u0639\u064a.pdf\" target=\"_blank\">R\u00e9glementation d\u2019Habilitation Universitaire<\/a><\/p>\n<p style=\"text-align: center;\">\n","protected":false},"excerpt":{"rendered":"<p>Habilitation Universitaire\u00a0\u00a0\u00a0\u00a0\u00a0\u00a0 Guide de d\u00e9p\u00f4t du dossier de candidature \u00e0 l\u2019Habilitation Universitaire L\u2019habilitation est ouverte aux enseignants titulaires d\u00e9tenteurs d\u2019un [&hellip;]<\/p>\n","protected":false},"author":1,"featured_media":0,"parent":0,"menu_order":0,"comment_status":"closed","ping_status":"open","template":"","meta":{"footnotes":""},"class_list":["post-649","page","type-page","status-publish","hentry"],"_links":{"self":[{"href":"https:\/\/univ-soukahras.dz\/en\/wp-json\/wp\/v2\/pages\/649","targetHints":{"allow":["GET"]}}],"collection":[{"href":"https:\/\/univ-soukahras.dz\/en\/wp-json\/wp\/v2\/pages"}],"about":[{"href":"https:\/\/univ-soukahras.dz\/en\/wp-json\/wp\/v2\/types\/page"}],"author":[{"embeddable":true,"href":"https:\/\/univ-soukahras.dz\/en\/wp-json\/wp\/v2\/users\/1"}],"replies":[{"embeddable":true,"href":"https:\/\/univ-soukahras.dz\/en\/wp-json\/wp\/v2\/comments?post=649"}],"version-history":[{"count":10,"href":"https:\/\/univ-soukahras.dz\/en\/wp-json\/wp\/v2\/pages\/649\/revisions"}],"predecessor-version":[{"id":44352,"href":"https:\/\/univ-soukahras.dz\/en\/wp-json\/wp\/v2\/pages\/649\/revisions\/44352"}],"wp:attachment":[{"href":"https:\/\/univ-soukahras.dz\/en\/wp-json\/wp\/v2\/media?parent=649"}],"curies":[{"name":"wp","href":"https:\/\/api.w.org\/{rel}","templated":true}]}}