{"id":118,"date":"2014-11-05T14:20:24","date_gmt":"2014-11-05T14:20:24","guid":{"rendered":"http:\/\/www.univ-soukahras.dz\/app\/?page_id=118"},"modified":"2020-10-19T10:59:45","modified_gmt":"2020-10-19T10:59:45","slug":"presentation-2","status":"publish","type":"page","link":"https:\/\/univ-soukahras.dz\/fr\/presentation-2","title":{"rendered":"Vice Rectorat de la formation sup\u00e9rieur de post graduation, de l&rsquo;habilitation universitaire, et de la recherche scientifique"},"content":{"rendered":"<p>La Vice Rectorat de la formation sup\u00e9rieur de post graduation, de l&rsquo;habilitation universitaire, et de la recherche scientifique\u00a0\u00a0est charg\u00e9e de :<\/p>\n<ul>\n<li>Suivre les formations de post graduation;<\/li>\n<li>Suivre les activit\u00e9s de recherche des unit\u00e9s et laboratoires de recherche et en \u00e9laborer le bilan, en coordination avec les Instituts ;<\/li>\n<li>Mener toute action de valorisation des r\u00e9sultats de la recherche ;<\/li>\n<\/ul>\n<div id=\"academia-widget-featured-pages-2\" class=\"widget academia-featured-pages\">\n<p class=\"title-ms title-widget\"><span class=\"title-wrapper\"><br \/>\n<span style=\"text-decoration: underline;\"><span style=\"color: #ff0000; text-decoration: underline;\">Services<\/span><\/span><\/span><\/p>\n<h3>Service des recherches Scientifique et de la valorisation<\/h3>\n<p>Mr Hichem MERAISSIA<br \/>\n<img loading=\"lazy\" decoding=\"async\" class=\"aligncenter size-full wp-image-503\" src=\"https:\/\/www.univ-soukahras.dz\/wpuploads\/2014\/11\/smallphone.png\" alt=\"smallphone\" width=\"16\" height=\"16\" \/> 037.75.30.15\u00a0 \u00a0 \u00a0 \u00a0\u00a0 &#8211; Poste 192\u00a0 \u00a0 \u00a0 \u00a0 \u00a0 \u00a0 &#8211; Fax : 037 75 30 16<br \/>\n<img loading=\"lazy\" decoding=\"async\" class=\"aligncenter size-full wp-image-505\" src=\"https:\/\/www.univ-soukahras.dz\/wpuploads\/2014\/11\/smallemail.png\" alt=\"smallemail\" width=\"16\" height=\"16\" \/> pg.rsv@univ-soukahras.dz<\/p>\n<h3><\/h3>\n<h3>Service de la Post-Graduation et la Post-Graduation Sp\u00e9cialis\u00e9e<\/h3>\n<p>Mr\u00a0 Abdrahmen ZIAD<br \/>\n<img loading=\"lazy\" decoding=\"async\" class=\"aligncenter size-full wp-image-503\" src=\"https:\/\/www.univ-soukahras.dz\/wpuploads\/2014\/11\/smallphone.png\" alt=\"smallphone\" width=\"16\" height=\"16\" \/> 037.75.30.15\u00a0\u00a0\u00a0\u00a0\u00a0\u00a0\u00a0\u00a0\u00a0 &#8211; Poste 195 \u00a0 \u00a0 \u00a0 \u00a0 \u00a0 \u00a0 \u00a0\u00a0 &#8211; Fax : 037 75 30 16<br \/>\n<img loading=\"lazy\" decoding=\"async\" class=\"aligncenter size-full wp-image-505\" src=\"https:\/\/www.univ-soukahras.dz\/wpuploads\/2014\/11\/smallemail.png\" alt=\"smallemail\" width=\"16\" height=\"16\" \/>pg.pgs@univ-soukahras.dz<\/p>\n<p>&nbsp;<\/p>\n<h3>Service de l&rsquo;Habilitation Universitaire<\/h3>\n<p>Mr Samir SOLTANI<\/p>\n<p><img loading=\"lazy\" decoding=\"async\" class=\"aligncenter size-full wp-image-503\" src=\"https:\/\/www.univ-soukahras.dz\/wpuploads\/2014\/11\/smallphone.png\" alt=\"smallphone\" width=\"16\" height=\"16\" \/> 037.75.30.15\u00a0 \u00a0 \u00a0 \u00a0\u00a0 &#8211; Poste 190\u00a0 \u00a0 \u00a0 \u00a0 \u00a0 \u00a0 &#8211; Fax : 037 75 30 16<br \/>\n<img loading=\"lazy\" decoding=\"async\" class=\"aligncenter size-full wp-image-505\" src=\"https:\/\/www.univ-soukahras.dz\/wpuploads\/2014\/11\/smallemail.png\" alt=\"smallemail\" width=\"16\" height=\"16\" \/>pg.habil@univ-soukahras.dz<\/p>\n<\/div>\n","protected":false},"excerpt":{"rendered":"<p>La Vice Rectorat de la formation sup\u00e9rieur de post graduation, de l&rsquo;habilitation universitaire, et de la recherche scientifique\u00a0\u00a0est charg\u00e9e de [&hellip;]<\/p>\n","protected":false},"author":1,"featured_media":0,"parent":0,"menu_order":0,"comment_status":"open","ping_status":"open","template":"","meta":{"footnotes":""},"class_list":["post-118","page","type-page","status-publish","hentry"],"_links":{"self":[{"href":"https:\/\/univ-soukahras.dz\/fr\/wp-json\/wp\/v2\/pages\/118","targetHints":{"allow":["GET"]}}],"collection":[{"href":"https:\/\/univ-soukahras.dz\/fr\/wp-json\/wp\/v2\/pages"}],"about":[{"href":"https:\/\/univ-soukahras.dz\/fr\/wp-json\/wp\/v2\/types\/page"}],"author":[{"embeddable":true,"href":"https:\/\/univ-soukahras.dz\/fr\/wp-json\/wp\/v2\/users\/1"}],"replies":[{"embeddable":true,"href":"https:\/\/univ-soukahras.dz\/fr\/wp-json\/wp\/v2\/comments?post=118"}],"version-history":[{"count":18,"href":"https:\/\/univ-soukahras.dz\/fr\/wp-json\/wp\/v2\/pages\/118\/revisions"}],"predecessor-version":[{"id":40440,"href":"https:\/\/univ-soukahras.dz\/fr\/wp-json\/wp\/v2\/pages\/118\/revisions\/40440"}],"wp:attachment":[{"href":"https:\/\/univ-soukahras.dz\/fr\/wp-json\/wp\/v2\/media?parent=118"}],"curies":[{"name":"wp","href":"https:\/\/api.w.org\/{rel}","templated":true}]}}