{"id":1262,"date":"2014-12-15T10:05:05","date_gmt":"2014-12-15T10:05:05","guid":{"rendered":"http:\/\/www.univ-soukahras.dz\/app\/?page_id=1262"},"modified":"2026-01-31T12:40:41","modified_gmt":"2026-01-31T11:40:41","slug":"journees-de-sensibilisation-et-de-lutte-contre-le-vihsida","status":"publish","type":"page","link":"https:\/\/univ-soukahras.dz\/fr\/journees-de-sensibilisation-et-de-lutte-contre-le-vihsida","title":{"rendered":"Journ\u00e9es de sensibilisation  et de lutte contre le VIH\/SIDA"},"content":{"rendered":"<p>A l&rsquo;occasion \u00a0de la journ\u00e9e mondiale de lutte contre le sida; 1er d\u00e9cembre, l&rsquo;unit\u00e9 de m\u00e9decine pr\u00e9ventive a organis\u00e9 des journ\u00e9es de sensibilisation et de la pr\u00e9vention contre cette maladie sous le slogan<\/p>\n<h4><span style=\"color: #800000;\">\u00ab\u00a0pour une g\u00e9n\u00e9ration sans sida\u00a0\u00bb<\/span><\/h4>\n<p>&nbsp;<\/p>\n<p>le 01 d\u00e9cembre 2014 au niveau du nouveau pole universitaire<\/p>\n<div id='gallery-1' class='gallery galleryid-1262 gallery-columns-4 gallery-size-thumbnail'><figure class='gallery-item'>\n\t\t\t<div class='gallery-icon landscape'>\n\t\t\t\t<a href='\/wpuploads\/\/2014\/12\/Photo-11.jpg'><img loading=\"lazy\" decoding=\"async\" width=\"120\" height=\"120\" src=\"\/wpuploads\/\/2014\/12\/Photo-11-150x150.jpg\" class=\"attachment-thumbnail size-thumbnail\" alt=\"\" \/><\/a>\n\t\t\t<\/div><\/figure><figure class='gallery-item'>\n\t\t\t<div class='gallery-icon landscape'>\n\t\t\t\t<a href='\/wpuploads\/\/2014\/12\/Photo-13.jpg'><img loading=\"lazy\" decoding=\"async\" width=\"120\" height=\"120\" src=\"\/wpuploads\/\/2014\/12\/Photo-13-150x150.jpg\" class=\"attachment-thumbnail size-thumbnail\" alt=\"\" \/><\/a>\n\t\t\t<\/div><\/figure><figure class='gallery-item'>\n\t\t\t<div class='gallery-icon landscape'>\n\t\t\t\t<a href='\/wpuploads\/\/2014\/12\/Photo-15.jpg'><img loading=\"lazy\" decoding=\"async\" width=\"120\" height=\"120\" src=\"\/wpuploads\/\/2014\/12\/Photo-15-150x150.jpg\" class=\"attachment-thumbnail size-thumbnail\" alt=\"\" \/><\/a>\n\t\t\t<\/div><\/figure><figure class='gallery-item'>\n\t\t\t<div class='gallery-icon landscape'>\n\t\t\t\t<a href='\/wpuploads\/\/2014\/12\/Photo-16.jpg'><img loading=\"lazy\" decoding=\"async\" width=\"120\" height=\"120\" src=\"\/wpuploads\/\/2014\/12\/Photo-16-150x150.jpg\" class=\"attachment-thumbnail size-thumbnail\" alt=\"\" \/><\/a>\n\t\t\t<\/div><\/figure><figure class='gallery-item'>\n\t\t\t<div class='gallery-icon landscape'>\n\t\t\t\t<a href='\/wpuploads\/\/2014\/12\/Photo-17.jpg'><img loading=\"lazy\" decoding=\"async\" width=\"120\" height=\"120\" src=\"\/wpuploads\/\/2014\/12\/Photo-17-150x150.jpg\" class=\"attachment-thumbnail size-thumbnail\" alt=\"\" \/><\/a>\n\t\t\t<\/div><\/figure><figure class='gallery-item'>\n\t\t\t<div class='gallery-icon landscape'>\n\t\t\t\t<a href='\/wpuploads\/\/2014\/12\/Photo-18.jpg'><img loading=\"lazy\" decoding=\"async\" width=\"120\" height=\"120\" src=\"\/wpuploads\/\/2014\/12\/Photo-18-150x150.jpg\" class=\"attachment-thumbnail size-thumbnail\" alt=\"\" \/><\/a>\n\t\t\t<\/div><\/figure><figure class='gallery-item'>\n\t\t\t<div class='gallery-icon landscape'>\n\t\t\t\t<a href='\/wpuploads\/\/2014\/12\/Photo-01.jpg'><img loading=\"lazy\" decoding=\"async\" width=\"120\" height=\"120\" src=\"\/wpuploads\/\/2014\/12\/Photo-01-150x150.jpg\" class=\"attachment-thumbnail size-thumbnail\" alt=\"\" \/><\/a>\n\t\t\t<\/div><\/figure><figure class='gallery-item'>\n\t\t\t<div class='gallery-icon landscape'>\n\t\t\t\t<a href='\/wpuploads\/\/2014\/12\/Photo-02.jpg'><img loading=\"lazy\" decoding=\"async\" width=\"120\" height=\"120\" src=\"\/wpuploads\/\/2014\/12\/Photo-02-150x150.jpg\" class=\"attachment-thumbnail size-thumbnail\" alt=\"\" \/><\/a>\n\t\t\t<\/div><\/figure><figure class='gallery-item'>\n\t\t\t<div class='gallery-icon landscape'>\n\t\t\t\t<a href='\/wpuploads\/\/2014\/12\/Photo-03.jpg'><img loading=\"lazy\" decoding=\"async\" width=\"120\" height=\"120\" src=\"\/wpuploads\/\/2014\/12\/Photo-03-150x150.jpg\" class=\"attachment-thumbnail size-thumbnail\" alt=\"\" \/><\/a>\n\t\t\t<\/div><\/figure><figure class='gallery-item'>\n\t\t\t<div class='gallery-icon landscape'>\n\t\t\t\t<a href='\/wpuploads\/\/2014\/12\/Photo-05.jpg'><img loading=\"lazy\" decoding=\"async\" width=\"120\" height=\"120\" src=\"\/wpuploads\/\/2014\/12\/Photo-05-150x150.jpg\" class=\"attachment-thumbnail size-thumbnail\" alt=\"\" \/><\/a>\n\t\t\t<\/div><\/figure>\n\t\t<\/div>\n\n<p>&nbsp;<\/p>\n<p>&nbsp;<\/p>\n<p>le 03 d\u00e9cembre 2014 au niveau de l&rsquo;ancien pole universitaire<\/p>\n<div id='gallery-2' class='gallery galleryid-1262 gallery-columns-4 gallery-size-thumbnail'><figure class='gallery-item'>\n\t\t\t<div class='gallery-icon landscape'>\n\t\t\t\t<a href='\/wpuploads\/\/2014\/12\/Photo-485.jpg'><img loading=\"lazy\" decoding=\"async\" width=\"120\" height=\"120\" src=\"\/wpuploads\/\/2014\/12\/Photo-485-150x150.jpg\" class=\"attachment-thumbnail size-thumbnail\" alt=\"\" \/><\/a>\n\t\t\t<\/div><\/figure><figure class='gallery-item'>\n\t\t\t<div class='gallery-icon landscape'>\n\t\t\t\t<a href='\/wpuploads\/\/2014\/12\/Photo-486.jpg'><img loading=\"lazy\" decoding=\"async\" width=\"120\" height=\"120\" src=\"\/wpuploads\/\/2014\/12\/Photo-486-150x150.jpg\" class=\"attachment-thumbnail size-thumbnail\" alt=\"\" \/><\/a>\n\t\t\t<\/div><\/figure><figure class='gallery-item'>\n\t\t\t<div class='gallery-icon landscape'>\n\t\t\t\t<a href='\/wpuploads\/\/2014\/12\/Photo-488.jpg'><img loading=\"lazy\" decoding=\"async\" width=\"120\" height=\"120\" src=\"\/wpuploads\/\/2014\/12\/Photo-488-150x150.jpg\" class=\"attachment-thumbnail size-thumbnail\" alt=\"\" \/><\/a>\n\t\t\t<\/div><\/figure><figure class='gallery-item'>\n\t\t\t<div class='gallery-icon landscape'>\n\t\t\t\t<a href='\/wpuploads\/\/2014\/12\/Photo-493.jpg'><img loading=\"lazy\" decoding=\"async\" width=\"120\" height=\"120\" src=\"\/wpuploads\/\/2014\/12\/Photo-493-150x150.jpg\" class=\"attachment-thumbnail size-thumbnail\" alt=\"\" \/><\/a>\n\t\t\t<\/div><\/figure><figure class='gallery-item'>\n\t\t\t<div class='gallery-icon landscape'>\n\t\t\t\t<a href='\/wpuploads\/\/2014\/12\/Photo-497.jpg'><img loading=\"lazy\" decoding=\"async\" width=\"120\" height=\"120\" src=\"\/wpuploads\/\/2014\/12\/Photo-497-150x150.jpg\" class=\"attachment-thumbnail size-thumbnail\" alt=\"\" \/><\/a>\n\t\t\t<\/div><\/figure><figure class='gallery-item'>\n\t\t\t<div class='gallery-icon landscape'>\n\t\t\t\t<a href='\/wpuploads\/\/2014\/12\/Photo-536.jpg'><img loading=\"lazy\" decoding=\"async\" width=\"120\" height=\"120\" src=\"\/wpuploads\/\/2014\/12\/Photo-536-150x150.jpg\" class=\"attachment-thumbnail size-thumbnail\" alt=\"\" \/><\/a>\n\t\t\t<\/div><\/figure><figure class='gallery-item'>\n\t\t\t<div class='gallery-icon landscape'>\n\t\t\t\t<a href='\/wpuploads\/\/2014\/12\/Photo-540.jpg'><img loading=\"lazy\" decoding=\"async\" width=\"120\" height=\"120\" src=\"\/wpuploads\/\/2014\/12\/Photo-540-150x150.jpg\" class=\"attachment-thumbnail size-thumbnail\" alt=\"\" \/><\/a>\n\t\t\t<\/div><\/figure><figure class='gallery-item'>\n\t\t\t<div class='gallery-icon landscape'>\n\t\t\t\t<a href='\/wpuploads\/\/2014\/12\/Photo-547.jpg'><img loading=\"lazy\" decoding=\"async\" width=\"120\" height=\"120\" src=\"\/wpuploads\/\/2014\/12\/Photo-547-150x150.jpg\" class=\"attachment-thumbnail size-thumbnail\" alt=\"\" \/><\/a>\n\t\t\t<\/div><\/figure><figure class='gallery-item'>\n\t\t\t<div class='gallery-icon landscape'>\n\t\t\t\t<a href='\/wpuploads\/\/2014\/12\/Photo-556.jpg'><img loading=\"lazy\" decoding=\"async\" width=\"120\" height=\"120\" src=\"\/wpuploads\/\/2014\/12\/Photo-556-150x150.jpg\" class=\"attachment-thumbnail size-thumbnail\" alt=\"\" \/><\/a>\n\t\t\t<\/div><\/figure><figure class='gallery-item'>\n\t\t\t<div class='gallery-icon landscape'>\n\t\t\t\t<a href='\/wpuploads\/\/2014\/12\/Photo-558.jpg'><img loading=\"lazy\" decoding=\"async\" width=\"120\" height=\"120\" src=\"\/wpuploads\/\/2014\/12\/Photo-558-150x150.jpg\" class=\"attachment-thumbnail size-thumbnail\" alt=\"\" \/><\/a>\n\t\t\t<\/div><\/figure><figure class='gallery-item'>\n\t\t\t<div class='gallery-icon landscape'>\n\t\t\t\t<a href='\/wpuploads\/\/2014\/12\/Photo-560.jpg'><img loading=\"lazy\" decoding=\"async\" width=\"120\" height=\"120\" src=\"\/wpuploads\/\/2014\/12\/Photo-560-150x150.jpg\" class=\"attachment-thumbnail size-thumbnail\" alt=\"\" \/><\/a>\n\t\t\t<\/div><\/figure><figure class='gallery-item'>\n\t\t\t<div class='gallery-icon landscape'>\n\t\t\t\t<a href='\/wpuploads\/\/2014\/12\/Photo-479.jpg'><img loading=\"lazy\" decoding=\"async\" width=\"120\" height=\"120\" src=\"\/wpuploads\/\/2014\/12\/Photo-479-150x150.jpg\" class=\"attachment-thumbnail size-thumbnail\" alt=\"\" \/><\/a>\n\t\t\t<\/div><\/figure><figure class='gallery-item'>\n\t\t\t<div class='gallery-icon landscape'>\n\t\t\t\t<a href='\/wpuploads\/\/2014\/12\/Photo-481.jpg'><img loading=\"lazy\" decoding=\"async\" width=\"120\" height=\"120\" src=\"\/wpuploads\/\/2014\/12\/Photo-481-150x150.jpg\" class=\"attachment-thumbnail size-thumbnail\" alt=\"\" \/><\/a>\n\t\t\t<\/div><\/figure>\n\t\t<\/div>\n\n<p>&nbsp;<\/p>\n<p>&nbsp;<\/p>\n<p>le 08 d\u00e9cembre 2014 au niveau de l&rsquo;institut de science agro v\u00e9t\u00e9rinaire<\/p>\n<p>&nbsp;<\/p>\n<div id='gallery-3' class='gallery galleryid-1262 gallery-columns-4 gallery-size-thumbnail'><figure class='gallery-item'>\n\t\t\t<div class='gallery-icon landscape'>\n\t\t\t\t<a href='\/wpuploads\/\/2014\/12\/Photo-568.jpg'><img loading=\"lazy\" decoding=\"async\" width=\"120\" height=\"120\" src=\"\/wpuploads\/\/2014\/12\/Photo-568-150x150.jpg\" class=\"attachment-thumbnail size-thumbnail\" alt=\"\" \/><\/a>\n\t\t\t<\/div><\/figure><figure class='gallery-item'>\n\t\t\t<div class='gallery-icon landscape'>\n\t\t\t\t<a href='\/wpuploads\/\/2014\/12\/Photo-574.jpg'><img loading=\"lazy\" decoding=\"async\" width=\"120\" height=\"120\" src=\"\/wpuploads\/\/2014\/12\/Photo-574-150x150.jpg\" class=\"attachment-thumbnail size-thumbnail\" alt=\"\" \/><\/a>\n\t\t\t<\/div><\/figure><figure class='gallery-item'>\n\t\t\t<div class='gallery-icon landscape'>\n\t\t\t\t<a href='\/wpuploads\/\/2014\/12\/Photo-594.jpg'><img loading=\"lazy\" decoding=\"async\" width=\"120\" height=\"120\" src=\"\/wpuploads\/\/2014\/12\/Photo-594-150x150.jpg\" class=\"attachment-thumbnail size-thumbnail\" alt=\"\" \/><\/a>\n\t\t\t<\/div><\/figure><figure class='gallery-item'>\n\t\t\t<div class='gallery-icon landscape'>\n\t\t\t\t<a href='\/wpuploads\/\/2014\/12\/Photo-596.jpg'><img loading=\"lazy\" decoding=\"async\" width=\"120\" height=\"120\" src=\"\/wpuploads\/\/2014\/12\/Photo-596-150x150.jpg\" class=\"attachment-thumbnail size-thumbnail\" alt=\"\" \/><\/a>\n\t\t\t<\/div><\/figure><figure class='gallery-item'>\n\t\t\t<div class='gallery-icon landscape'>\n\t\t\t\t<a href='\/wpuploads\/\/2014\/12\/Photo-601.jpg'><img loading=\"lazy\" decoding=\"async\" width=\"120\" height=\"120\" src=\"\/wpuploads\/\/2014\/12\/Photo-601-150x150.jpg\" class=\"attachment-thumbnail size-thumbnail\" alt=\"\" \/><\/a>\n\t\t\t<\/div><\/figure><figure class='gallery-item'>\n\t\t\t<div class='gallery-icon landscape'>\n\t\t\t\t<a href='\/wpuploads\/\/2014\/12\/Photo-602.jpg'><img loading=\"lazy\" decoding=\"async\" width=\"120\" height=\"120\" src=\"\/wpuploads\/\/2014\/12\/Photo-602-150x150.jpg\" class=\"attachment-thumbnail size-thumbnail\" alt=\"\" \/><\/a>\n\t\t\t<\/div><\/figure><figure class='gallery-item'>\n\t\t\t<div class='gallery-icon landscape'>\n\t\t\t\t<a href='\/wpuploads\/\/2014\/12\/Photo-613.jpg'><img loading=\"lazy\" decoding=\"async\" width=\"120\" height=\"120\" src=\"\/wpuploads\/\/2014\/12\/Photo-613-150x150.jpg\" class=\"attachment-thumbnail size-thumbnail\" alt=\"\" \/><\/a>\n\t\t\t<\/div><\/figure><figure class='gallery-item'>\n\t\t\t<div class='gallery-icon landscape'>\n\t\t\t\t<a href='\/wpuploads\/\/2014\/12\/Photo-625.jpg'><img loading=\"lazy\" decoding=\"async\" width=\"120\" height=\"120\" src=\"\/wpuploads\/\/2014\/12\/Photo-625-150x150.jpg\" class=\"attachment-thumbnail size-thumbnail\" alt=\"\" \/><\/a>\n\t\t\t<\/div><\/figure><figure class='gallery-item'>\n\t\t\t<div class='gallery-icon landscape'>\n\t\t\t\t<a href='\/wpuploads\/\/2014\/12\/Photo-642.jpg'><img loading=\"lazy\" decoding=\"async\" width=\"120\" height=\"120\" src=\"\/wpuploads\/\/2014\/12\/Photo-642-150x150.jpg\" class=\"attachment-thumbnail size-thumbnail\" alt=\"\" \/><\/a>\n\t\t\t<\/div><\/figure><figure class='gallery-item'>\n\t\t\t<div class='gallery-icon landscape'>\n\t\t\t\t<a href='\/wpuploads\/\/2014\/12\/Photo-647.jpg'><img loading=\"lazy\" decoding=\"async\" width=\"120\" height=\"120\" src=\"\/wpuploads\/\/2014\/12\/Photo-647-150x150.jpg\" class=\"attachment-thumbnail size-thumbnail\" alt=\"\" \/><\/a>\n\t\t\t<\/div><\/figure><figure class='gallery-item'>\n\t\t\t<div class='gallery-icon landscape'>\n\t\t\t\t<a href='\/wpuploads\/\/2014\/12\/Photo-655.jpg'><img loading=\"lazy\" decoding=\"async\" width=\"120\" height=\"120\" src=\"\/wpuploads\/\/2014\/12\/Photo-655-150x150.jpg\" class=\"attachment-thumbnail size-thumbnail\" alt=\"\" \/><\/a>\n\t\t\t<\/div><\/figure><figure class='gallery-item'>\n\t\t\t<div class='gallery-icon landscape'>\n\t\t\t\t<a href='\/wpuploads\/\/2014\/12\/Photo-657.jpg'><img loading=\"lazy\" decoding=\"async\" width=\"120\" height=\"120\" src=\"\/wpuploads\/\/2014\/12\/Photo-657-150x150.jpg\" class=\"attachment-thumbnail size-thumbnail\" alt=\"\" \/><\/a>\n\t\t\t<\/div><\/figure><figure class='gallery-item'>\n\t\t\t<div class='gallery-icon landscape'>\n\t\t\t\t<a href='\/wpuploads\/\/2014\/12\/Photo-567.jpg'><img loading=\"lazy\" decoding=\"async\" width=\"120\" height=\"120\" src=\"\/wpuploads\/\/2014\/12\/Photo-567-150x150.jpg\" class=\"attachment-thumbnail size-thumbnail\" alt=\"\" \/><\/a>\n\t\t\t<\/div><\/figure>\n\t\t<\/div>\n\n","protected":false},"excerpt":{"rendered":"<p>A l&rsquo;occasion \u00a0de la journ\u00e9e mondiale de lutte contre le sida; 1er d\u00e9cembre, l&rsquo;unit\u00e9 de m\u00e9decine pr\u00e9ventive a organis\u00e9 des [&hellip;]<\/p>\n","protected":false},"author":1,"featured_media":0,"parent":0,"menu_order":0,"comment_status":"closed","ping_status":"open","template":"","meta":{"footnotes":""},"class_list":["post-1262","page","type-page","status-publish","hentry"],"_links":{"self":[{"href":"https:\/\/univ-soukahras.dz\/fr\/wp-json\/wp\/v2\/pages\/1262","targetHints":{"allow":["GET"]}}],"collection":[{"href":"https:\/\/univ-soukahras.dz\/fr\/wp-json\/wp\/v2\/pages"}],"about":[{"href":"https:\/\/univ-soukahras.dz\/fr\/wp-json\/wp\/v2\/types\/page"}],"author":[{"embeddable":true,"href":"https:\/\/univ-soukahras.dz\/fr\/wp-json\/wp\/v2\/users\/1"}],"replies":[{"embeddable":true,"href":"https:\/\/univ-soukahras.dz\/fr\/wp-json\/wp\/v2\/comments?post=1262"}],"version-history":[{"count":14,"href":"https:\/\/univ-soukahras.dz\/fr\/wp-json\/wp\/v2\/pages\/1262\/revisions"}],"predecessor-version":[{"id":1336,"href":"https:\/\/univ-soukahras.dz\/fr\/wp-json\/wp\/v2\/pages\/1262\/revisions\/1336"}],"wp:attachment":[{"href":"https:\/\/univ-soukahras.dz\/fr\/wp-json\/wp\/v2\/media?parent=1262"}],"curies":[{"name":"wp","href":"https:\/\/api.w.org\/{rel}","templated":true}]}}