{"id":136,"date":"2014-11-06T09:51:21","date_gmt":"2014-11-06T09:51:21","guid":{"rendered":"http:\/\/www.univ-soukahras.dz\/app\/?page_id=136"},"modified":"2014-11-06T09:51:21","modified_gmt":"2014-11-06T09:51:21","slug":"presentation-de-la-sg","status":"publish","type":"page","link":"https:\/\/univ-soukahras.dz\/fr\/presentation-de-la-sg","title":{"rendered":"Pr\u00e9sentation de la SG"},"content":{"rendered":"<p>Le s\u00e9cr\u00e9tariat g\u00e9n\u00e9ral est charg\u00e9 :<br \/>\n\u2014 d\u2019assurer la gestion des carri\u00e8res des personnels de l\u2019universit\u00e9 dans le respect des attributions de la facutt\u00e9 et l\u2019institut en la mati\u00e8re,<br \/>\n\u2014 de pr\u00e9parer le projet de budget de l\u2019universit\u00e9 et d\u2019en suivre l\u2019ex\u00e9cution,<br \/>\n\u2014 d\u2019assurer le suivi du financement des activit\u00e9s des loboratoires et unit\u00e9s de recherche,<br \/>\n\u2014 de veiller au bon fonctionnement des services communs de l\u2019universit\u00e9,<br \/>\n\u2014 de mettre en \u0153uvre les programmes d\u2019activit\u00e9s culturelles et sportives de l\u2019universit\u00e9 et de les<br \/>\npromouvoir,<br \/>\n\u2014 d\u2019assurer le suivi et la coordination des plans de s\u00fbret\u00e9 interne de l\u2019universit\u00e9 en relation avec le bureau minist\u00e9riel de s\u00fbret\u00e9 interne,<\/p>\n<p>\u2014 d\u2019assurer la gestion et la conservation des archives et de la documentation du rectorat,<br \/>\n\u2014 d\u2019assurer le fonctionnement et la gestion du bureau d\u2019ordre de l\u2019universit\u00e9.<\/p>\n","protected":false},"excerpt":{"rendered":"<p>Le s\u00e9cr\u00e9tariat g\u00e9n\u00e9ral est charg\u00e9 : \u2014 d\u2019assurer la gestion des carri\u00e8res des personnels de l\u2019universit\u00e9 dans le respect des [&hellip;]<\/p>\n","protected":false},"author":1,"featured_media":0,"parent":0,"menu_order":0,"comment_status":"open","ping_status":"open","template":"","meta":{"footnotes":""},"class_list":["post-136","page","type-page","status-publish","hentry"],"_links":{"self":[{"href":"https:\/\/univ-soukahras.dz\/fr\/wp-json\/wp\/v2\/pages\/136","targetHints":{"allow":["GET"]}}],"collection":[{"href":"https:\/\/univ-soukahras.dz\/fr\/wp-json\/wp\/v2\/pages"}],"about":[{"href":"https:\/\/univ-soukahras.dz\/fr\/wp-json\/wp\/v2\/types\/page"}],"author":[{"embeddable":true,"href":"https:\/\/univ-soukahras.dz\/fr\/wp-json\/wp\/v2\/users\/1"}],"replies":[{"embeddable":true,"href":"https:\/\/univ-soukahras.dz\/fr\/wp-json\/wp\/v2\/comments?post=136"}],"version-history":[{"count":1,"href":"https:\/\/univ-soukahras.dz\/fr\/wp-json\/wp\/v2\/pages\/136\/revisions"}],"predecessor-version":[{"id":137,"href":"https:\/\/univ-soukahras.dz\/fr\/wp-json\/wp\/v2\/pages\/136\/revisions\/137"}],"wp:attachment":[{"href":"https:\/\/univ-soukahras.dz\/fr\/wp-json\/wp\/v2\/media?parent=136"}],"curies":[{"name":"wp","href":"https:\/\/api.w.org\/{rel}","templated":true}]}}