{"id":141,"date":"2014-11-06T10:02:59","date_gmt":"2014-11-06T10:02:59","guid":{"rendered":"http:\/\/www.univ-soukahras.dz\/app\/?page_id=141"},"modified":"2014-11-06T13:44:52","modified_gmt":"2014-11-06T13:44:52","slug":"sous-directions-de-la-sg","status":"publish","type":"page","link":"https:\/\/univ-soukahras.dz\/fr\/sous-directions-de-la-sg","title":{"rendered":"Sous Directions de la SG"},"content":{"rendered":"<p>Le s\u00e9cr\u00e9tariat g\u00e9n\u00e9ral, auquel sont rattach\u00e9s le bureau d\u2019ordre g\u00e9n\u00e9ral et le bureau de s\u00fbret\u00e9 interne comprend les sous-directions suivantes :<br \/>\n<a href=\"https:\/\/www.univ-soukahras.dz\/app\/?p=181\">\u2014 la sous-direction des personnels et de la formation,<\/a><br \/>\n<a href=\"https:\/\/www.univ-soukahras.dz\/app\/?p=189\" target=\"_blank\">\u2014 la sous-direction du bugdet et de la comptabilit\u00e9,<\/a><br \/>\n<a href=\"https:\/\/www.univ-soukahras.dz\/app\/?p=193\" target=\"_blank\">\u2014 la sous-direction des moyens et de la maintenance,<\/a><br \/>\n<a href=\"https:\/\/www.univ-soukahras.dz\/app\/?p=198\" target=\"_blank\">\u2014 la sous-direction des activit\u00e9s scientifiques, culturelles et sportives<\/a><\/p>\n<h1><a href=\"https:\/\/www.univ-soukahras.dz\/app\/?p=198\" target=\"_blank\">\u00a0<\/a><\/h1>\n","protected":false},"excerpt":{"rendered":"<p>Le s\u00e9cr\u00e9tariat g\u00e9n\u00e9ral, auquel sont rattach\u00e9s le bureau d\u2019ordre g\u00e9n\u00e9ral et le bureau de s\u00fbret\u00e9 interne comprend les sous-directions suivantes [&hellip;]<\/p>\n","protected":false},"author":1,"featured_media":0,"parent":0,"menu_order":0,"comment_status":"open","ping_status":"open","template":"","meta":{"footnotes":""},"class_list":["post-141","page","type-page","status-publish","hentry"],"_links":{"self":[{"href":"https:\/\/univ-soukahras.dz\/fr\/wp-json\/wp\/v2\/pages\/141","targetHints":{"allow":["GET"]}}],"collection":[{"href":"https:\/\/univ-soukahras.dz\/fr\/wp-json\/wp\/v2\/pages"}],"about":[{"href":"https:\/\/univ-soukahras.dz\/fr\/wp-json\/wp\/v2\/types\/page"}],"author":[{"embeddable":true,"href":"https:\/\/univ-soukahras.dz\/fr\/wp-json\/wp\/v2\/users\/1"}],"replies":[{"embeddable":true,"href":"https:\/\/univ-soukahras.dz\/fr\/wp-json\/wp\/v2\/comments?post=141"}],"version-history":[{"count":7,"href":"https:\/\/univ-soukahras.dz\/fr\/wp-json\/wp\/v2\/pages\/141\/revisions"}],"predecessor-version":[{"id":200,"href":"https:\/\/univ-soukahras.dz\/fr\/wp-json\/wp\/v2\/pages\/141\/revisions\/200"}],"wp:attachment":[{"href":"https:\/\/univ-soukahras.dz\/fr\/wp-json\/wp\/v2\/media?parent=141"}],"curies":[{"name":"wp","href":"https:\/\/api.w.org\/{rel}","templated":true}]}}