{"id":198,"date":"2014-11-06T13:44:30","date_gmt":"2014-11-06T13:44:30","guid":{"rendered":"http:\/\/www.univ-soukahras.dz\/app\/?page_id=198"},"modified":"2015-10-26T09:18:46","modified_gmt":"2015-10-26T09:18:46","slug":"sous-direction-des-activites-scientifiques-culturelles-et-sportives","status":"publish","type":"page","link":"https:\/\/univ-soukahras.dz\/fr\/sous-direction-des-activites-scientifiques-culturelles-et-sportives","title":{"rendered":"Sous-direction des activit\u00e9s scientifiques, culturelles et sportives"},"content":{"rendered":"<p><strong>La sous-direction des activit\u00e9s scientifiques, culturelles et sportives<\/strong><\/p>\n<p>est charg\u00e9e de :<\/p>\n<ul>\n<li>Promouvoir et d\u00e9velopper les activit\u00e9s scientifique et culturelles au sein de l\u2019universit\u00e9, au profit des \u00e9tudiants,<\/li>\n<li>Mettre en \u0153uvre les activit\u00e9s de loisirs,<\/li>\n<li>Soutenir les activit\u00e9s sportives dans la cadre du sport universitaire,<\/li>\n<li>Mener des activit\u00e9s d\u2019action sociale au profit des personnels de l\u2019universit\u00e9.<\/li>\n<\/ul>\n<p>Elle comprend les services suivants :<\/p>\n<ol>\n<li><strong>Le service des activit\u00e9s scientifiques et culturelles.<\/strong><\/li>\n<li><strong>L<\/strong><strong>e service des activit\u00e9s sportives et de loisirs.<\/strong><\/li>\n<\/ol>\n","protected":false},"excerpt":{"rendered":"<p>La sous-direction des activit\u00e9s scientifiques, culturelles et sportives est charg\u00e9e de : Promouvoir et d\u00e9velopper les activit\u00e9s scientifique et culturelles [&hellip;]<\/p>\n","protected":false},"author":1,"featured_media":0,"parent":0,"menu_order":0,"comment_status":"open","ping_status":"open","template":"","meta":{"footnotes":""},"class_list":["post-198","page","type-page","status-publish","hentry"],"_links":{"self":[{"href":"https:\/\/univ-soukahras.dz\/fr\/wp-json\/wp\/v2\/pages\/198","targetHints":{"allow":["GET"]}}],"collection":[{"href":"https:\/\/univ-soukahras.dz\/fr\/wp-json\/wp\/v2\/pages"}],"about":[{"href":"https:\/\/univ-soukahras.dz\/fr\/wp-json\/wp\/v2\/types\/page"}],"author":[{"embeddable":true,"href":"https:\/\/univ-soukahras.dz\/fr\/wp-json\/wp\/v2\/users\/1"}],"replies":[{"embeddable":true,"href":"https:\/\/univ-soukahras.dz\/fr\/wp-json\/wp\/v2\/comments?post=198"}],"version-history":[{"count":3,"href":"https:\/\/univ-soukahras.dz\/fr\/wp-json\/wp\/v2\/pages\/198\/revisions"}],"predecessor-version":[{"id":6055,"href":"https:\/\/univ-soukahras.dz\/fr\/wp-json\/wp\/v2\/pages\/198\/revisions\/6055"}],"wp:attachment":[{"href":"https:\/\/univ-soukahras.dz\/fr\/wp-json\/wp\/v2\/media?parent=198"}],"curies":[{"name":"wp","href":"https:\/\/api.w.org\/{rel}","templated":true}]}}