{"id":28,"date":"2014-10-31T21:49:03","date_gmt":"2014-10-31T21:49:03","guid":{"rendered":"http:\/\/localhost\/Univ2\/fr\/?page_id=28"},"modified":"2026-01-31T12:40:40","modified_gmt":"2026-01-31T11:40:40","slug":"a-propos-faculte-des-sciences-et-technologie","status":"publish","type":"page","link":"https:\/\/univ-soukahras.dz\/fr\/a-propos-faculte-des-sciences-et-technologie","title":{"rendered":"A Propos : Facult\u00e9 des Sciences et Technologie"},"content":{"rendered":"<p>La facult\u00e9 des Sciences et Technologie, a \u00e9t\u00e9 cr\u00e9e par le d\u00e9cret ex\u00e9cutif n\u00b0 06-282 du 16 ao\u00fbt 2006 modifiant et compl\u00e9tant le d\u00e9cret ex\u00e9cutif n\u00b0 01-279 du 18 septembre 2001 portant cr\u00e9ation d\u2019un Centre Universitaire \u00e0 Souk Ahras. Elle compte, \u00e0 pr\u00e9sent, sept (7) d\u00e9partements :<\/p>\n<ul>\n<li>D\u00e9partement des Enseignements de Base en Sciences et de la Technologie (ST)<\/li>\n<li>D\u00e9partement des Sciences de la Mati\u00e8re (SM)<\/li>\n<li>D\u00e9partement des Math\u00e9matiques et Informatique (MI)<\/li>\n<li>D\u00e9partement de G\u00e9nie M\u00e9canique (GM)<\/li>\n<li>D\u00e9partement de G\u00e9nie Electrique (GE)<\/li>\n<li>D\u00e9partement de G\u00e9nie Civil (GC)<\/li>\n<li>D\u00e9partement de G\u00e9nie des Proc\u00e9d\u00e9s (GP)<\/li>\n<\/ul>\n<p>Ainsi elle offre aux \u00e9tudiants de l&rsquo;universit\u00e9 un large \u00e9ventail de formations qui couvre l&rsquo;essentiel de sciences fondamentales tels que les math\u00e9matiques, la physique et la chimie en plus de sciences technologiques tels que l&rsquo;informatique, le g\u00e9nie-\u00e9lectrique, le g\u00e9nie m\u00e9canique, le g\u00e9nie civil et le g\u00e9nie des proc\u00e9d\u00e9s. Bien s\u00fbr, chacune de ces fili\u00e8res scientifiques regroupe plusieurs sp\u00e9cialit\u00e9s que ce soit au niveau du premier palier (Licence) ou bien au niveau du deuxi\u00e8me palier (Master). La formation au sein de la facult\u00e9, s&rsquo;articule autour de trois domaines principaux (ST, SM\u00a0et MI).<\/p>\n","protected":false},"excerpt":{"rendered":"<p>La facult\u00e9 des Sciences et Technologie, a \u00e9t\u00e9 cr\u00e9e par le d\u00e9cret ex\u00e9cutif n\u00b0 06-282 du 16 ao\u00fbt 2006 modifiant [&hellip;]<\/p>\n","protected":false},"author":1,"featured_media":0,"parent":0,"menu_order":0,"comment_status":"closed","ping_status":"open","template":"","meta":{"footnotes":""},"class_list":["post-28","page","type-page","status-publish","hentry"],"_links":{"self":[{"href":"https:\/\/univ-soukahras.dz\/fr\/wp-json\/wp\/v2\/pages\/28","targetHints":{"allow":["GET"]}}],"collection":[{"href":"https:\/\/univ-soukahras.dz\/fr\/wp-json\/wp\/v2\/pages"}],"about":[{"href":"https:\/\/univ-soukahras.dz\/fr\/wp-json\/wp\/v2\/types\/page"}],"author":[{"embeddable":true,"href":"https:\/\/univ-soukahras.dz\/fr\/wp-json\/wp\/v2\/users\/1"}],"replies":[{"embeddable":true,"href":"https:\/\/univ-soukahras.dz\/fr\/wp-json\/wp\/v2\/comments?post=28"}],"version-history":[{"count":1,"href":"https:\/\/univ-soukahras.dz\/fr\/wp-json\/wp\/v2\/pages\/28\/revisions"}],"predecessor-version":[{"id":29,"href":"https:\/\/univ-soukahras.dz\/fr\/wp-json\/wp\/v2\/pages\/28\/revisions\/29"}],"wp:attachment":[{"href":"https:\/\/univ-soukahras.dz\/fr\/wp-json\/wp\/v2\/media?parent=28"}],"curies":[{"name":"wp","href":"https:\/\/api.w.org\/{rel}","templated":true}]}}