{"id":376,"date":"2014-11-10T13:40:49","date_gmt":"2014-11-10T13:40:49","guid":{"rendered":"http:\/\/www.univ-soukahras.dz\/app\/?page_id=376"},"modified":"2026-01-31T12:40:40","modified_gmt":"2026-01-31T11:40:40","slug":"activites-developpees-par-lump","status":"publish","type":"page","link":"https:\/\/univ-soukahras.dz\/fr\/activites-developpees-par-lump","title":{"rendered":"Activit\u00e9s d\u00e9velopp\u00e9es par l&rsquo;UMP"},"content":{"rendered":"<div class=\"partager\">\n<p><span class=\"Style20\"><img loading=\"lazy\" decoding=\"async\" src=\"http:\/\/193.194.69.178\/postbullets.png\" alt=\"\" width=\"6\" height=\"11\" \/><\/span>Couverture sanitaire des \u00e9tudiants<\/p>\n<p><span class=\"Style20\"><img loading=\"lazy\" decoding=\"async\" src=\"http:\/\/193.194.69.178\/postbullets.png\" alt=\"\" width=\"6\" height=\"11\" \/><\/span>Couverture sanitaire du personnel<\/p>\n<p><span class=\"Style20\"><img loading=\"lazy\" decoding=\"async\" src=\"http:\/\/193.194.69.178\/postbullets.png\" alt=\"\" width=\"6\" height=\"11\" \/><\/span>Suivi des affections d\u00e9pist\u00e9es,\u00a0Maladies chronique et Handicaps<\/p>\n<p><span class=\"Style20\"><img loading=\"lazy\" decoding=\"async\" src=\"http:\/\/193.194.69.178\/postbullets.png\" alt=\"\" width=\"6\" height=\"11\" \/><\/span>Vaccination<\/p>\n<p><span class=\"Style20\"><img loading=\"lazy\" decoding=\"async\" src=\"http:\/\/193.194.69.178\/postbullets.png\" alt=\"\" width=\"6\" height=\"11\" \/><\/span>Education sanitaire \u00a0de la communaut\u00e9 universitaire<\/p>\n<p><span class=\"Style20\"><img loading=\"lazy\" decoding=\"async\" src=\"http:\/\/193.194.69.178\/postbullets.png\" alt=\"\" width=\"6\" height=\"11\" \/><\/span>Evaluation des activit\u00e9s de la protection sanitaire en milieu universitaire<\/p>\n<h1><\/h1>\n<h1 class=\"Style32\" align=\"left\"><a id=\"etudiants\" name=\"etudiants\"><\/a>Couverture sanitaire des \u00e9tudiants<\/h1>\n<h4 class=\"Style2\"><strong><img loading=\"lazy\" decoding=\"async\" src=\"http:\/\/193.194.69.178\/fleche_bleue.gif\" alt=\"\" width=\"14\" height=\"13\" \/>Visite m\u00e9dicale d\u2019admission\u00a0<\/strong><\/h4>\n<table border=\"0\" width=\"549\">\n<tbody>\n<tr>\n<td width=\"17\"><\/td>\n<td rowspan=\"2\" width=\"522\">\n<div align=\"justify\">\n<p>La visite m\u00e9dicale d\u2019admission est obligatoire.<br \/>\nA la rentr\u00e9e universitaire, l\u2019ensemble des \u00e9tudiants nouvellement inscrits sont tous convoqu\u00e9s au niveau de l\u2019UMP et doivent subir une visite m\u00e9dicale d\u2019admission.<\/p>\n<p><strong>T\u00e9l\u00e9charger dossier m\u00e9dical de l&rsquo;\u00e9tudiant <\/strong><img loading=\"lazy\" decoding=\"async\" src=\"http:\/\/193.194.69.178\/clear_002.gif\" alt=\"\" width=\"29\" height=\"27\" \/><br \/>\nA la fin de la visite m\u00e9dicale, une <strong>carte de sant\u00e9<\/strong>\u00a0<img loading=\"lazy\" decoding=\"async\" src=\"http:\/\/193.194.69.178\/clear_002.gif\" alt=\"\" width=\"29\" height=\"27\" \/> est d\u00e9livr\u00e9e de fa\u00e7on automatique pour chaque \u00e9tudiant(e) sur laquelle va \u00eatre \u00a0motionner les dates des consultations m\u00e9dicales venir, les diagnostics et traitements.<\/p>\n<\/div>\n<\/td>\n<\/tr>\n<tr>\n<td><\/td>\n<\/tr>\n<\/tbody>\n<\/table>\n<p><strong>\u00a0Cette visite a pour but\u00a0:<\/strong><\/p>\n<ul>\n<ul>\n<li>D\u00e9pistage des maladies chroniques et infectieuses.<\/li>\n<li>Prise en charge sur le plan m\u00e9dical des \u00e9tudiants atteints de maladies graves.<\/li>\n<li>Aider \u00e0 l\u2019int\u00e9gration et \u00e0 la scolarisation des \u00e9tudiants atteints de handicap.<\/li>\n<li>Soutien psychologique.<\/li>\n<\/ul>\n<\/ul>\n<h4 class=\"Style2\"><strong><img loading=\"lazy\" decoding=\"async\" src=\"http:\/\/193.194.69.178\/fleche_bleue.gif\" alt=\"\" width=\"14\" height=\"13\" \/>Visite m\u00e9dicale syst\u00e9matique<\/strong><\/h4>\n<p>Les \u00e9tudiants doivent passer obligatoirement une fois par an une visite m\u00e9dicale syst\u00e9matique, ayant pour objectif la protection et prise en charge sanitaire des \u00e9tudiants.<\/p>\n<h4 class=\"Style2\" align=\"left\"><strong><img loading=\"lazy\" decoding=\"async\" src=\"http:\/\/193.194.69.178\/fleche_bleue.gif\" alt=\"\" width=\"14\" height=\"13\" \/>Visite m\u00e9dicale\u00a0 spontan\u00e9e<\/strong><\/h4>\n<p>Elle est assur\u00e9e \u00e0 la demande de l\u2019\u00e9tudiant sur pr\u00e9sentation de \u00a0la carte d\u2019\u00e9tudiant.<\/p>\n<h4 class=\"Style2\" align=\"left\"><strong><img loading=\"lazy\" decoding=\"async\" src=\"http:\/\/193.194.69.178\/fleche_bleue.gif\" alt=\"\" width=\"14\" height=\"13\" \/>Les soins infirmiers &#8211; Urgences<\/strong><\/h4>\n<p><strong>L\u2019infirmi\u00e8re assure\u00a0:<\/strong><\/p>\n<ul>\n<ul>\n<li>L&rsquo;accueil.<\/li>\n<li>Les premiers soins en cas de maladies, malaise, accident.<\/li>\n<li>Les soins infirmiers (pansements, injections \u00a0&#8230;).<\/li>\n<li>Les traitements sur prescription m\u00e9dicale.<\/li>\n<\/ul>\n<\/ul>\n<h4 class=\"Style2\" align=\"left\"><strong><img loading=\"lazy\" decoding=\"async\" src=\"http:\/\/193.194.69.178\/fleche_bleue.gif\" alt=\"\" width=\"14\" height=\"13\" \/>Contr\u00f4le des certificats m\u00e9dicaux<\/strong><\/h4>\n<p>&nbsp;<\/p>\n<h1 class=\"Style32\"><a id=\"personnel\" name=\"personnel\"><\/a>Couverture sanitaire du personnel<\/h1>\n<p>&nbsp;<\/p>\n<h4 class=\"Style2\" align=\"left\"><strong><img loading=\"lazy\" decoding=\"async\" src=\"http:\/\/193.194.69.178\/fleche_bleue.gif\" alt=\"\" width=\"14\" height=\"13\" \/>Visite m\u00e9dicale d\u2019admission\u00a0ou d\u2019embauche<\/strong><\/h4>\n<p>La visite m\u00e9dicale d\u2019admission\u00a0ou d\u2019embauche ne concerne que les nouveaux travailleurs (<strong>Enseignants, personnel administratif et des agents de service<\/strong>).<\/p>\n<h4 class=\"Style2\" align=\"left\"><strong><img loading=\"lazy\" decoding=\"async\" src=\"http:\/\/193.194.69.178\/fleche_bleue.gif\" alt=\"\" width=\"14\" height=\"13\" \/>Visite m\u00e9dicale syst\u00e9matique<\/strong><\/h4>\n<p>La visite m\u00e9dicale syst\u00e9matique est obligatoire pour tout le personnel exer\u00e7ant et ce au moins une fois par an.<\/p>\n<h4 class=\"Style2\" align=\"left\"><strong><img loading=\"lazy\" decoding=\"async\" src=\"http:\/\/193.194.69.178\/fleche_bleue.gif\" alt=\"\" width=\"14\" height=\"13\" \/>Visite m\u00e9dicale\u00a0 spontan\u00e9e<\/strong><\/h4>\n<p>La visite m\u00e9dicale\u00a0 spontan\u00e9e est assur\u00e9e \u00e0 la demande des travailleurs <strong>(Enseignants, personnel administratif et des agents de service).<\/strong><\/p>\n<h4 class=\"Style2\" align=\"left\"><strong><img loading=\"lazy\" decoding=\"async\" src=\"http:\/\/193.194.69.178\/fleche_bleue.gif\" alt=\"\" width=\"14\" height=\"13\" \/>Visite m\u00e9dicale de reprise de travail<\/strong><\/h4>\n<h4 class=\"Style2\"><strong><img loading=\"lazy\" decoding=\"async\" src=\"http:\/\/193.194.69.178\/fleche_bleue.gif\" alt=\"\" width=\"14\" height=\"13\" \/>Les soins infirmiers &#8211; Urgences<\/strong><\/h4>\n<p><strong>L\u2019infirmi\u00e8re assure\u00a0:<\/strong><\/p>\n<ul>\n<ul>\n<li>L&rsquo; accueil.<\/li>\n<li>Les premiers soins en cas de maladies, malaise, accident.<\/li>\n<li>Les soins infirmiers (pansements, injections &#8230;).<\/li>\n<li>Les traitements sur prescription m\u00e9dicale.<\/li>\n<\/ul>\n<\/ul>\n<p><span class=\"Style23\"><a id=\"Suivi\" name=\"Suivi\"><\/a><\/span><span class=\"Style32\">Suivi des affections d\u00e9pist\u00e9es,\u00a0Maladies chronique et<\/span><\/p>\n<p><span class=\"Style35\"><span class=\"Style36\">Handicaps<\/span><\/span><span class=\"Style23\"> \u00a0<\/span><\/p>\n<p align=\"left\"><span class=\"Style35\"><strong><span class=\"Style36\"><a id=\"Vaccination\" name=\"Vaccination\"><\/a>Vaccination<\/span><\/strong><\/span><\/p>\n<p>&nbsp;<\/p>\n<p>Vaccination contre la Dipht\u00e9rie, T\u00e9tanos (DT) concerne tous les \u00e9tudiants inscrits \u00e0 l\u2019universit\u00e9 quelque soit le cycle (sujets non vaccin\u00e9s ou dont la vaccination date de plus de 5 \u00e0 10ans).<\/p>\n<p><strong>T\u00e9l\u00e9charger carte de vaccination<\/strong><img loading=\"lazy\" decoding=\"async\" src=\"http:\/\/193.194.69.178\/clear_002.gif\" alt=\"\" width=\"29\" height=\"27\" \/><br \/>\nLa vaccination contre l\u2019h\u00e9patite B ne concerne que les \u00e9tudiants inscrits en Biologie.<br \/>\nVaccination contre la grippe saisonni\u00e8re des \u00e9tudiants atteints de maladie chronique et des femmes enceintes .<\/p>\n<p class=\"Style32\"><strong><a id=\"Education\" name=\"Education\"><\/a>Education sanitaire \u00a0de la communaut\u00e9 universitaire<\/strong><\/p>\n<p>L\u2019UMP est non seulement lieu o\u00f9 se d\u00e9roulent des activit\u00e9s m\u00e9dicales mais \u00e9galement un lieu de privil\u00e9gi\u00e9 de \u00a0rencontres, d\u2019\u00e9changes et d\u2019\u00e9coute entre le personnel de sant\u00e9 et la population universitaire.<\/p>\n<p>Les m\u00e9decins et infirmi\u00e8re de l\u2019UMP doivent participer \u00e0 la programmation et \u00e0 l\u2019animation des s\u00e9ances \u00a0d\u2019\u00e9ducation sanitaire auxquelles peuvent \u00e9galement \u00eatre invit\u00e9es toutes les personnes comp\u00e9tentes pour un probl\u00e8me d\u00e9termin\u00e9.<\/p>\n<p>Organisation des journ\u00e9es de sensibilisation et des campagnes de pr\u00e9vention\u00a0 sur des th\u00e8mes de sant\u00e9 publique\u00a0<strong>: <\/strong>Les<strong> IST<\/strong> (infections sexuellement transmissibles) \/<strong>SIDA<\/strong> .<\/p>\n<p>&nbsp;<\/p>\n<p><strong>Moyens mat\u00e9riels et support utilises\u00a0: d\u00e9pliants, exposition, affiches, projections, conf\u00e9rence et d\u00e9bat.<\/strong><\/p>\n<p align=\"left\"><strong><span class=\"Style30\"><em><a id=\"Evaluation\" name=\"Evaluation\"><\/a><\/em><span class=\"Style35\">Evaluation des activit\u00e9s de la protection sanitaire en<\/span><\/span><\/strong><\/p>\n<p class=\"Style35\"><strong><span class=\"Style30\">milieu<\/span><\/strong><span class=\"Style30\"><strong> universitaire<\/strong><\/span><\/p>\n<p>Toutes les activit\u00e9s de sant\u00e9 en milieu universitaire doivent faire l\u2019objet d\u2019une \u00e9valuation d\u2019abord trimestrielle puis annuelle.<br \/>\nLe m\u00e9decin coordinateur de l\u2019unit\u00e9 de m\u00e9decine pr\u00e9ventive doit transmettre les supports d\u2019\u00e9valuation des activit\u00e9s aux\u00a0:<\/p>\n<ul>\n<ul>\n<li>Service d\u2019\u00e9pid\u00e9miologie et de m\u00e9decine pr\u00e9ventive (SEMEP) de souk ahras<\/li>\n<li>La direction de la sant\u00e9 et de la population (DSP) de souk ahras, \u00e0 son tour doit transmettre une copie de ce bilan au minist\u00e8re de la sant\u00e9 et de la population et de la r\u00e9forme hospitali\u00e8re .<\/li>\n<li>Directeur de l\u2019universit\u00e9, \u00e0 son tour doit transmettre une copie de ce bilan au minist\u00e8re de l\u2019enseignement sup\u00e9rieur et de la recherche scientifique.<\/li>\n<\/ul>\n<\/ul>\n<\/div>\n","protected":false},"excerpt":{"rendered":"<p>Couverture sanitaire des \u00e9tudiants Couverture sanitaire du personnel Suivi des affections d\u00e9pist\u00e9es,\u00a0Maladies chronique et Handicaps Vaccination Education sanitaire \u00a0de la [&hellip;]<\/p>\n","protected":false},"author":1,"featured_media":0,"parent":0,"menu_order":0,"comment_status":"closed","ping_status":"open","template":"","meta":{"footnotes":""},"class_list":["post-376","page","type-page","status-publish","hentry"],"_links":{"self":[{"href":"https:\/\/univ-soukahras.dz\/fr\/wp-json\/wp\/v2\/pages\/376","targetHints":{"allow":["GET"]}}],"collection":[{"href":"https:\/\/univ-soukahras.dz\/fr\/wp-json\/wp\/v2\/pages"}],"about":[{"href":"https:\/\/univ-soukahras.dz\/fr\/wp-json\/wp\/v2\/types\/page"}],"author":[{"embeddable":true,"href":"https:\/\/univ-soukahras.dz\/fr\/wp-json\/wp\/v2\/users\/1"}],"replies":[{"embeddable":true,"href":"https:\/\/univ-soukahras.dz\/fr\/wp-json\/wp\/v2\/comments?post=376"}],"version-history":[{"count":3,"href":"https:\/\/univ-soukahras.dz\/fr\/wp-json\/wp\/v2\/pages\/376\/revisions"}],"predecessor-version":[{"id":72398,"href":"https:\/\/univ-soukahras.dz\/fr\/wp-json\/wp\/v2\/pages\/376\/revisions\/72398"}],"wp:attachment":[{"href":"https:\/\/univ-soukahras.dz\/fr\/wp-json\/wp\/v2\/media?parent=376"}],"curies":[{"name":"wp","href":"https:\/\/api.w.org\/{rel}","templated":true}]}}