{"id":389,"date":"2014-11-10T13:57:48","date_gmt":"2014-11-10T13:57:48","guid":{"rendered":"http:\/\/www.univ-soukahras.dz\/app\/?page_id=389"},"modified":"2014-11-10T14:03:15","modified_gmt":"2014-11-10T14:03:15","slug":"objectifs","status":"publish","type":"page","link":"https:\/\/univ-soukahras.dz\/fr\/objectifs","title":{"rendered":"Objectifs"},"content":{"rendered":"<p class=\"Style2\">Assurer une protection sanitaire en milieu universitaire\u00a0:<\/p>\n<p>Des \u00e9tudiants, des enseignants, personnel administratif et des agents de service.<\/p>\n<p><strong><img loading=\"lazy\" decoding=\"async\" src=\"http:\/\/193.194.69.178\/fleche_bleue.gif\" alt=\"\" width=\"14\" height=\"13\" \/><\/strong>Des professionnels de la sant\u00e9 (m\u00e9decins, infirmi\u00e8re) sont disponibles pour assurer un accueil, informations et des consultations ainsi que des activit\u00e9s sanitaires de pr\u00e9vention.<\/p>\n<p>&nbsp;<\/p>\n<p><strong><img loading=\"lazy\" decoding=\"async\" src=\"http:\/\/193.194.69.178\/fleche_bleue.gif\" alt=\"\" width=\"14\" height=\"13\" \/><\/strong>Cette \u00e9quipe est soumise au secret m\u00e9dical et \u00e0 la confidentialit\u00e9.<\/p>\n<p>&nbsp;<\/p>\n<p><strong><img loading=\"lazy\" decoding=\"async\" src=\"http:\/\/193.194.69.178\/fleche_bleue.gif\" alt=\"\" width=\"14\" height=\"13\" \/><\/strong>Tous les soins, vaccination et consultation m\u00e9dicale sont gratuites.<\/p>\n<p align=\"center\">\n","protected":false},"excerpt":{"rendered":"<p>Assurer une protection sanitaire en milieu universitaire\u00a0: Des \u00e9tudiants, des enseignants, personnel administratif et des agents de service. Des professionnels [&hellip;]<\/p>\n","protected":false},"author":1,"featured_media":0,"parent":0,"menu_order":0,"comment_status":"open","ping_status":"open","template":"","meta":{"footnotes":""},"class_list":["post-389","page","type-page","status-publish","hentry"],"_links":{"self":[{"href":"https:\/\/univ-soukahras.dz\/fr\/wp-json\/wp\/v2\/pages\/389","targetHints":{"allow":["GET"]}}],"collection":[{"href":"https:\/\/univ-soukahras.dz\/fr\/wp-json\/wp\/v2\/pages"}],"about":[{"href":"https:\/\/univ-soukahras.dz\/fr\/wp-json\/wp\/v2\/types\/page"}],"author":[{"embeddable":true,"href":"https:\/\/univ-soukahras.dz\/fr\/wp-json\/wp\/v2\/users\/1"}],"replies":[{"embeddable":true,"href":"https:\/\/univ-soukahras.dz\/fr\/wp-json\/wp\/v2\/comments?post=389"}],"version-history":[{"count":1,"href":"https:\/\/univ-soukahras.dz\/fr\/wp-json\/wp\/v2\/pages\/389\/revisions"}],"predecessor-version":[{"id":392,"href":"https:\/\/univ-soukahras.dz\/fr\/wp-json\/wp\/v2\/pages\/389\/revisions\/392"}],"wp:attachment":[{"href":"https:\/\/univ-soukahras.dz\/fr\/wp-json\/wp\/v2\/media?parent=389"}],"curies":[{"name":"wp","href":"https:\/\/api.w.org\/{rel}","templated":true}]}}