{"id":398,"date":"2014-11-10T14:12:08","date_gmt":"2014-11-10T14:12:08","guid":{"rendered":"http:\/\/www.univ-soukahras.dz\/app\/?page_id=398"},"modified":"2019-04-23T08:24:28","modified_gmt":"2019-04-23T08:24:28","slug":"les-differents-sites","status":"publish","type":"page","link":"https:\/\/univ-soukahras.dz\/fr\/les-differents-sites","title":{"rendered":"Les diff\u00e9rents sites"},"content":{"rendered":"<h3 class=\"Style3\" align=\"left\">UMP1 Ancien p\u00f4le universitaire<\/h3>\n<table style=\"height: 235px;\" border=\"0\" width=\"607\" cellspacing=\"0\" bgcolor=\"#F8FAFB\">\n<tbody>\n<tr>\n<td width=\"395\"><strong>01 m\u00e9decin g\u00e9n\u00e9raliste<\/strong>\u00a0: Docteur OUACEL Hamid(M\u00e9decin coordinateur)<\/p>\n<p><strong>01 Psychologue:\u00a0<\/strong>Aissaoui Lahcene<\/p>\n<p><strong>01<\/strong><strong>secr\u00e9taire<\/strong>\u00a0:Djabi Rym<\/p>\n<p><strong>adresse:<\/strong><\/p>\n<p class=\"Style5\" align=\"left\">Universit\u00e9 Mohammed ch\u00e9rif messaadia \u00a0BP 1553 Souk Ahras 41000<\/p>\n<p align=\"left\"><strong><a href=\"http:\/\/193.194.69.178\/www.univ-soukahras.dz\">www.univ-soukahras.dz<\/a><\/strong><\/p>\n<p>&nbsp;<\/td>\n<td valign=\"top\" width=\"130\"><\/td>\n<\/tr>\n<tr>\n<td colspan=\"2\">\n<p class=\"Style2\"><strong>Horaire d\u2019ouverture<\/strong>\u00a0: du dimanche au jeudi\u00a0\u00a0de 08h \u2192 12h\u00a0 et de 13h\u00a0 \u219216H30\u00a0\u00a0 \u00a0\u00a0<span class=\"Style2\"><strong>\u00a0\u00a0<\/strong><\/span><\/p>\n<\/td>\n<\/tr>\n<\/tbody>\n<\/table>\n<p>&nbsp;<\/p>\n<h3 class=\"Style3\" align=\"left\"><img loading=\"lazy\" decoding=\"async\" src=\"http:\/\/193.194.69.178\/fleche_bleue.gif\" alt=\"\" width=\"14\" height=\"13\" \/>UMP2 Nouveau p\u00f4le universitaire<\/h3>\n<table border=\"0\" width=\"560\" cellspacing=\"1\" bgcolor=\"#F8FAFB\">\n<tbody>\n<tr>\n<td><strong>01 m\u00e9decin g\u00e9n\u00e9raliste principale :<\/strong>Dr LAROUCI\u00a0 Djamila<\/p>\n<p><strong>01 m\u00e9decin g\u00e9n\u00e9raliste:<\/strong>\u00a0Dr ANTOURI Abdel Malek<\/p>\n<p><strong>01 Chirurgien Dentiste:<\/strong> Selimi Karima<\/p>\n<p><strong>01 Psychologue: <\/strong>Aissaoui Lahcene<\/p>\n<p><strong>01 infirmi\u00e8re<\/strong>\u00a0: SELLAMI\u00a0 Djalila<\/p>\n<p><strong>01 secr\u00e9taire<\/strong>\u00a0: Bourouina Soumia<br \/>\n<img loading=\"lazy\" decoding=\"async\" class=\"alignnone size-full wp-image-503\" src=\"https:\/\/www.univ-soukahras.dz\/wpuploads\/2014\/11\/smallphone.png\" alt=\"smallphone\" width=\"16\" height=\"16\" \/><span class=\"Style1\">:<\/span> 037 75 30 17<\/p>\n<p><strong>adresse mail : ump2@univ-soukahras.dz<\/strong><\/p>\n<p align=\"left\"><span class=\"Style5\">Universit\u00e9 Mohammed ch\u00e9rif messaadia <a href=\"http:\/\/193.194.69.178\/VRP@cu-soukahras.dz\"><img loading=\"lazy\" decoding=\"async\" src=\"http:\/\/193.194.69.178\/letter.gif\" alt=\"\" width=\"12\" height=\"9\" \/><\/a> BP 1553 Souk Ahras 41000<\/span><\/p>\n<p align=\"left\"><strong><a href=\"http:\/\/193.194.69.178\/www.univ-soukahras.dz\">www.univ-soukahras.dz<\/a><\/strong><\/p>\n<\/td>\n<\/tr>\n<tr>\n<td><span class=\"Style2\"><strong>Horaire d\u2019ouverture<\/strong>\u00a0: du dimanche au jeudi\u00a0\u00a0de 08h \u2192 12h\u00a0 et de 13h\u00a0 \u219216H30\u00a0\u00a0 \u00a0\u00a0<\/span><\/td>\n<\/tr>\n<\/tbody>\n<\/table>\n<p><strong>\u00a0\u00a0\u00a0\u00a0\u00a0\u00a0\u00a0\u00a0\u00a0\u00a0\u00a0\u00a0\u00a0\u00a0\u00a0\u00a0\u00a0\u00a0\u00a0\u00a0\u00a0\u00a0\u00a0\u00a0<\/strong><\/p>\n<h3 class=\"Style3\" align=\"left\">UMP3 Institut agrov\u00e9t\u00e9rinaire de Taoura<\/h3>\n<table border=\"0\" width=\"535\" cellspacing=\"0\" bgcolor=\"#F8FAFB\">\n<tbody>\n<tr>\n<td width=\"395\"><strong>01 m\u00e9decin g\u00e9n\u00e9raliste<\/strong>\u00a0: Dr BOUDAA Djawher<\/p>\n<p><strong>01 Psychologue:\u00a0<\/strong>Aissaoui Lahcene<\/td>\n<\/tr>\n<\/tbody>\n<\/table>\n<p><strong>adresse:<\/strong><\/p>\n<p class=\"Style5\" align=\"left\">Universit\u00e9 Mohammed ch\u00e9rif messaadia \u00a0BP 1553 Souk Ahras 41000<\/p>\n<p align=\"left\"><strong><a href=\"http:\/\/193.194.69.178\/www.univ-soukahras.dz\">www.univ-soukahras.dz<\/a><\/strong><strong>\u00a0\u00a0\u00a0\u00a0\u00a0<\/strong><\/p>\n<div align=\"center\"><\/div>\n<p><strong>Horaire d\u2019ouverture<\/strong>\u00a0: du dimanche au jeudi\u00a0\u00a0de 08h \u2192 12h\u00a0 et de 13h\u00a0 \u219216H30<\/p>\n<p>&nbsp;<\/p>\n","protected":false},"excerpt":{"rendered":"<p>UMP1 Ancien p\u00f4le universitaire 01 m\u00e9decin g\u00e9n\u00e9raliste\u00a0: Docteur OUACEL Hamid(M\u00e9decin coordinateur) 01 Psychologue:\u00a0Aissaoui Lahcene 01secr\u00e9taire\u00a0:Djabi Rym adresse: Universit\u00e9 Mohammed ch\u00e9rif [&hellip;]<\/p>\n","protected":false},"author":1,"featured_media":0,"parent":0,"menu_order":0,"comment_status":"open","ping_status":"open","template":"","meta":{"footnotes":""},"class_list":["post-398","page","type-page","status-publish","hentry"],"_links":{"self":[{"href":"https:\/\/univ-soukahras.dz\/fr\/wp-json\/wp\/v2\/pages\/398","targetHints":{"allow":["GET"]}}],"collection":[{"href":"https:\/\/univ-soukahras.dz\/fr\/wp-json\/wp\/v2\/pages"}],"about":[{"href":"https:\/\/univ-soukahras.dz\/fr\/wp-json\/wp\/v2\/types\/page"}],"author":[{"embeddable":true,"href":"https:\/\/univ-soukahras.dz\/fr\/wp-json\/wp\/v2\/users\/1"}],"replies":[{"embeddable":true,"href":"https:\/\/univ-soukahras.dz\/fr\/wp-json\/wp\/v2\/comments?post=398"}],"version-history":[{"count":21,"href":"https:\/\/univ-soukahras.dz\/fr\/wp-json\/wp\/v2\/pages\/398\/revisions"}],"predecessor-version":[{"id":30818,"href":"https:\/\/univ-soukahras.dz\/fr\/wp-json\/wp\/v2\/pages\/398\/revisions\/30818"}],"wp:attachment":[{"href":"https:\/\/univ-soukahras.dz\/fr\/wp-json\/wp\/v2\/media?parent=398"}],"curies":[{"name":"wp","href":"https:\/\/api.w.org\/{rel}","templated":true}]}}