{"id":4235,"date":"2015-06-08T09:31:31","date_gmt":"2015-06-08T09:31:31","guid":{"rendered":"http:\/\/www.univ-soukahras.dz\/app\/?page_id=4235"},"modified":"2015-09-30T11:39:40","modified_gmt":"2015-09-30T11:39:40","slug":"textes-officiels-relatifs-aux-oeuvres-sociales","status":"publish","type":"page","link":"https:\/\/univ-soukahras.dz\/fr\/textes-officiels-relatifs-aux-oeuvres-sociales","title":{"rendered":"Textes (officiels) relatifs aux \u0153uvres sociales"},"content":{"rendered":"<h3 class=\"post-title entry-title\"><strong>Textes (officiels) relatifs aux \u0153uvres sociales<\/strong><\/h3>\n<p>&nbsp;<\/p>\n<ul>\n<li dir=\"ltr\" style=\"text-align: left;\"><b>D\u00e9cret n\u00b0 82-179 du 15 mai 1982<\/b> fixant le contenu et le mode de financement des \u0153uvres sociales paru dans le journal officiel dat\u00e9 18 mai 1982.<\/li>\n<\/ul>\n<p><b>\u00a0<\/b><a href=\"https:\/\/www.univ-soukahras.dz\/wpuploads\/2015\/06\/decret-82-179-.pdf\" target=\"_blank\"><b>Cliquez ici pour t\u00e9l\u00e9charger<\/b><\/a>.<\/p>\n<ul>\n<li dir=\"ltr\" style=\"text-align: left;\"><b>D\u00e9cret n\u00b0 82-303 du 11 septembre 1982<\/b> relatif \u00e0 la gestion des \u0153uvres sociales paru dans le journal officiel dat\u00e9 14 septembre 1982.<\/li>\n<\/ul>\n<p><a href=\"https:\/\/www.univ-soukahras.dz\/wpuploads\/2015\/06\/decret-82-303-.pdf\"><b>Cliquez ici pour t\u00e9l\u00e9charger<\/b><\/a><\/p>\n<ul>\n<li dir=\"ltr\" style=\"text-align: left;\"><strong>D\u00e9cret ex\u00e9cutif n\u00b0 94-186 du 26 moharram 1415 correspondant au 6 juillet 1994 <\/strong>compl\u00e9tant le d\u00e9cret n\u00b082-179 du 15 mai 1982 faxant le contenu et le mode de financement des \u0153uvres sociales.<\/li>\n<\/ul>\n<p><a href=\"https:\/\/www.univ-soukahras.dz\/wpuploads\/2015\/06\/decret-executif-94-186.pdf\"><b>Cliquez ici pour t\u00e9l\u00e9charger<\/b><\/a><\/p>\n<ul>\n<li dir=\"ltr\" style=\"text-align: left;\">\n<p class=\"r\"><strong>D\u00e9cret ex\u00e9cutif n\u00b0 96-74 du 14 Ramadhan 1416 correspondant au 3 f\u00e9vrier 1996<\/strong> compl\u00e9tant le d\u00e9cret n\u00b082-179 du 15 mai 1982 faxant le contenu et le mode de financement des \u0153uvres sociales.<\/p>\n<\/li>\n<\/ul>\n<p><a href=\"https:\/\/www.univ-soukahras.dz\/wpuploads\/2015\/06\/decret-96-74-.pdf\" target=\"_blank\"><b>Cliquez ici pour t\u00e9l\u00e9charger<\/b><\/a><\/p>\n<ul>\n<li dir=\"ltr\" style=\"text-align: left;\"><strong>INSTRUCTION N\u00b0 017 du 31-05-1983 <\/strong>Relative au mode de financement et \u00e0 la gestion financi\u00e8re des \u0153uvres sociales<\/li>\n<\/ul>\n<p><a href=\"https:\/\/www.univ-soukahras.dz\/wpuploads\/2015\/06\/instruction-17-83.pdf\" target=\"_blank\"><b>Cliquez ici pour t\u00e9l\u00e9charger<\/b><\/a><\/p>\n<p>&nbsp;<\/p>\n<div id=\"__if72ru4sdfsdfrkjahiuyi_once\" style=\"display: none;\"><\/div>\n<div id=\"__if72ru4sdfsdfruh7fewui_once\" style=\"display: none;\"><\/div>\n<div id=\"__zsc_once\"><\/div>\n<div id=\"__hggasdgjhsagd_once\" style=\"display: none;\"><\/div>\n","protected":false},"excerpt":{"rendered":"<p>Textes (officiels) relatifs aux \u0153uvres sociales &nbsp; D\u00e9cret n\u00b0 82-179 du 15 mai 1982 fixant le contenu et le mode [&hellip;]<\/p>\n","protected":false},"author":1,"featured_media":0,"parent":0,"menu_order":0,"comment_status":"open","ping_status":"open","template":"","meta":{"footnotes":""},"class_list":["post-4235","page","type-page","status-publish","hentry"],"_links":{"self":[{"href":"https:\/\/univ-soukahras.dz\/fr\/wp-json\/wp\/v2\/pages\/4235","targetHints":{"allow":["GET"]}}],"collection":[{"href":"https:\/\/univ-soukahras.dz\/fr\/wp-json\/wp\/v2\/pages"}],"about":[{"href":"https:\/\/univ-soukahras.dz\/fr\/wp-json\/wp\/v2\/types\/page"}],"author":[{"embeddable":true,"href":"https:\/\/univ-soukahras.dz\/fr\/wp-json\/wp\/v2\/users\/1"}],"replies":[{"embeddable":true,"href":"https:\/\/univ-soukahras.dz\/fr\/wp-json\/wp\/v2\/comments?post=4235"}],"version-history":[{"count":7,"href":"https:\/\/univ-soukahras.dz\/fr\/wp-json\/wp\/v2\/pages\/4235\/revisions"}],"predecessor-version":[{"id":5578,"href":"https:\/\/univ-soukahras.dz\/fr\/wp-json\/wp\/v2\/pages\/4235\/revisions\/5578"}],"wp:attachment":[{"href":"https:\/\/univ-soukahras.dz\/fr\/wp-json\/wp\/v2\/media?parent=4235"}],"curies":[{"name":"wp","href":"https:\/\/api.w.org\/{rel}","templated":true}]}}