{"id":565,"date":"2014-11-15T10:46:11","date_gmt":"2014-11-15T10:46:11","guid":{"rendered":"http:\/\/www.univ-soukahras.dz\/app\/?page_id=565"},"modified":"2026-01-31T12:40:41","modified_gmt":"2026-01-31T11:40:41","slug":"procedures-administratives","status":"publish","type":"page","link":"https:\/\/univ-soukahras.dz\/fr\/procedures-administratives","title":{"rendered":"Espace de T\u00e9l\u00e9chargement"},"content":{"rendered":"\n<h2 class=\"wp-block-heading\">Dossier pour r\u00e9cup\u00e9rer le dipl\u00f4me final<\/h2>\n\n\n\n<figure class=\"wp-block-table\"><table><tbody><tr><td>1.Demande manuscrite<\/td><td class=\"has-text-align-center\" data-align=\"center\"><\/td><\/tr><tr><td>2.Engagement \u00e0 signer dans l&rsquo;APC<\/td><td class=\"has-text-align-center\" data-align=\"center\"><a href=\"https:\/\/www.univ-soukahras.dz\/wpuploads\/2022\/04\/\u062a\u0639\u0647\u062f-\u0634\u0647\u0627\u062f\u0629-\u0646\u0647\u0627\u0626\u064a\u0629-1.pdf\">T\u00e9l\u00e9charger<\/a><\/td><\/tr><tr><td>3.Attestation provisoire du dipl\u00f4me&nbsp;&nbsp;<\/td><td class=\"has-text-align-center\" data-align=\"center\"><\/td><\/tr><tr><td>4.Photocopie de l&rsquo;attestation provisoire<\/td><td class=\"has-text-align-center\" data-align=\"center\"><\/td><\/tr><tr><td>5.Acte de naissance N\u00b012<\/td><td class=\"has-text-align-center\" data-align=\"center\"><\/td><\/tr><\/tbody><\/table><\/figure>\n\n\n<h3 dir=\"ltr\">CANDIDATURE AU MASTER<\/h3>\n<table class=\"taxonomy-table\">\n<tbody>\n<tr class=\"row-even\">\n<td align=\"left\" width=\"427\" height=\"24\">DECLARATION SUR L&rsquo;HONNEUR <a href=\"\/doc pedagogiques\/\u062a\u0639\u0647\u062f \u0634\u0631\u0641\u064a.docx\"><img loading=\"lazy\" decoding=\"async\" style=\"margin-bottom: 5px;\" src=\"\/mime_msword.png\" alt=\"\" width=\"16\" height=\"16\" border=\"0\" \/><\/a> <a href=\"\/doc pedagogiques\/\u062a\u0639\u0647\u062f \u0634\u0631\u0641\u064a.pdf\"><img loading=\"lazy\" decoding=\"async\" style=\"margin-bottom: 5px;\" src=\"\/Icon_pdf.gif\" alt=\"\" width=\"17\" height=\"16\" border=\"0\" \/><\/a><\/td>\n<\/tr>\n<tr>\n<td align=\"left\" height=\"22\">DEMANDE ATTESTATION PROVISOIRE DU BAC <a href=\"\/doc pedagogiques\/\u0637\u0644\u0628 \u0634\u0647\u0627\u062f\u0629 \u0627\u0644\u0628\u0643\u0627\u0644\u0648\u0631\u064a\u0627 \u0627\u0644\u0645\u0624\u0642\u062a\u0629.docx\"><img loading=\"lazy\" decoding=\"async\" style=\"margin-bottom: 5px;\" src=\"\/mime_msword.png\" alt=\"\" width=\"16\" height=\"16\" border=\"0\" \/><\/a> <a href=\"\/doc pedagogiques\/\u0637\u0644\u0628 \u0634\u0647\u0627\u062f\u0629 \u0627\u0644\u0628\u0643\u0627\u0644\u0648\u0631\u064a\u0627 \u0627\u0644\u0645\u0624\u0642\u062a\u0629.pdf\"><img loading=\"lazy\" decoding=\"async\" style=\"margin-bottom: 5px;\" src=\"\/Icon_pdf.gif\" alt=\"\" width=\"17\" height=\"16\" border=\"0\" \/><\/a><\/td>\n<\/tr>\n<tr class=\"row-even\">\n<td align=\"left\" height=\"24\">DEMANDE DE CANDIDATURE <a href=\"\/doc pedagogiques\/\u0637\u0644\u0628 \u0627\u0644\u062a\u0631\u0634\u062d.docx\"><img loading=\"lazy\" decoding=\"async\" style=\"margin-bottom: 5px;\" src=\"\/mime_msword.png\" alt=\"\" width=\"16\" height=\"16\" border=\"0\" \/><\/a> <a href=\"\/doc pedagogiques\/\u0637\u0644\u0628 \u0627\u0644\u062a\u0631\u0634\u062d.pdf\"><img loading=\"lazy\" decoding=\"async\" style=\"margin-bottom: 5px;\" src=\"\/Icon_pdf.gif\" alt=\"\" width=\"17\" height=\"16\" border=\"0\" \/><\/a><\/td>\n<\/tr>\n<tr>\n<td align=\"left\" height=\"24\">ATTESTATION DE BONNE CONDUITE <a href=\"\/doc pedagogiques\/\u0634\u0647\u0627\u062f\u0629 \u062d\u0633\u0646 \u0627\u0644\u0633\u064a\u0631\u0629.docx\"><img loading=\"lazy\" decoding=\"async\" style=\"margin-bottom: 5px;\" src=\"\/mime_msword.png\" alt=\"\" width=\"16\" height=\"16\" border=\"0\" \/><\/a> <a href=\"\/doc pedagogiques\/\u0634\u0647\u0627\u062f\u0629 \u062d\u0633\u0646 \u0627\u0644\u0633\u064a\u0631\u0629.pdf\"><img loading=\"lazy\" decoding=\"async\" style=\"margin-bottom: 5px;\" src=\"\/Icon_pdf.gif\" alt=\"\" width=\"17\" height=\"16\" border=\"0\" \/><\/a><\/td>\n<\/tr>\n<tr class=\"row-even\">\n<td align=\"left\" height=\"25\">ATTESTATION DE CLASSEMENT <a href=\"\/doc pedagogiques\/\u0634\u0647\u0627\u062f\u0629 \u0627\u0644\u062a\u0631\u062a\u064a\u0628.docx\"><img loading=\"lazy\" decoding=\"async\" style=\"margin-bottom: 5px;\" src=\"\/mime_msword.png\" alt=\"\" width=\"16\" height=\"16\" border=\"0\" \/><\/a> <a href=\"\/doc pedagogiques\/\u0634\u0647\u0627\u062f\u0629 \u0627\u0644\u062a\u0631\u062a\u064a\u0628.pdf\"><img loading=\"lazy\" decoding=\"async\" style=\"margin-bottom: 5px;\" src=\"\/Icon_pdf.gif\" alt=\"\" width=\"17\" height=\"16\" border=\"0\" \/><\/a><\/td>\n<\/tr>\n<\/tbody>\n<\/table>\n<h3 dir=\"ltr\">DOSSIER DE TRANSFERT<\/h3>\n<table class=\"taxonomy-table\" dir=\"ltr\">\n<tbody>\n<tr class=\"row-even\">\n<td height=\"24\">ATTESTATION DE RADIATION <a href=\"\/doc pedagogiques\/\u0634\u0647\u0627\u062f\u0629 \u0634\u0637\u0628.docx\"><img loading=\"lazy\" decoding=\"async\" style=\"margin-bottom: 5px;\" src=\"\/mime_msword.png\" alt=\"\" width=\"16\" height=\"16\" border=\"0\" \/><\/a> <a href=\"\/doc pedagogiques\/\u0634\u0647\u0627\u062f\u0629 \u0634\u0637\u0628.pdf\"><img loading=\"lazy\" decoding=\"async\" style=\"margin-bottom: 5px;\" src=\"\/Icon_pdf.gif\" alt=\"\" width=\"17\" height=\"16\" border=\"0\" \/><\/a><\/td>\n<\/tr>\n<tr>\n<td height=\"23\">FICHE TRANSFERT EXTERNE <a href=\"\/doc pedagogiques\/\u0648\u0631\u0642\u0629 \u062a\u062d\u0648\u064a\u0644 \u0645\u0627\u0628\u064a\u0646 \u0627\u0644\u062c\u0627\u0645\u0639\u0627\u062a.docx\"><img loading=\"lazy\" decoding=\"async\" style=\"margin-bottom: 5px;\" src=\"\/mime_msword.png\" alt=\"\" width=\"16\" height=\"16\" border=\"0\" \/><\/a> <a href=\"\/doc pedagogiques\/\u0648\u0631\u0642\u0629 \u062a\u062d\u0648\u064a\u0644 \u0645\u0627\u0628\u064a\u0646 \u0627\u0644\u062c\u0627\u0645\u0639\u0627\u062a.pdf\"><img loading=\"lazy\" decoding=\"async\" style=\"margin-bottom: 5px;\" src=\"\/Icon_pdf.gif\" alt=\"\" width=\"17\" height=\"16\" border=\"0\" \/><\/a><\/td>\n<\/tr>\n<tr class=\"row-even\">\n<td height=\"24\">FICHE TRANSFERT INTERNE <a href=\"\/doc pedagogiques\/\u0648\u0631\u0642\u0629 \u062a\u062d\u0648\u064a\u0644 \u0645\u0627\u0628\u064a\u0646 \u0627\u0644\u0645\u0639\u0627\u0647\u062f.docx\"><img loading=\"lazy\" decoding=\"async\" style=\"margin-bottom: 5px;\" src=\"\/mime_msword.png\" alt=\"\" width=\"16\" height=\"16\" border=\"0\" \/><\/a> <a href=\"\/doc pedagogiques\/\u0648\u0631\u0642\u0629 \u062a\u062d\u0648\u064a\u0644 \u0645\u0627\u0628\u064a\u0646 \u0627\u0644\u0645\u0639\u0627\u0647\u062f.pdf\"><img loading=\"lazy\" decoding=\"async\" style=\"margin-bottom: 5px;\" src=\"\/Icon_pdf.gif\" alt=\"\" width=\"17\" height=\"16\" border=\"0\" \/><\/a><\/td>\n<\/tr>\n<tr>\n<td height=\"24\">FICHE DE MOBILITE <a href=\"\/doc pedagogiques\/\u0625\u0633\u062a\u0645\u0627\u0631\u0629 \u0627\u0644\u062d\u0631\u0643\u064a\u0629.docx\"><img loading=\"lazy\" decoding=\"async\" style=\"margin-bottom: 5px;\" src=\"\/mime_msword.png\" alt=\"\" width=\"16\" height=\"16\" border=\"0\" \/><\/a> <a href=\"\/doc pedagogiques\/\u0625\u0633\u062a\u0645\u0627\u0631\u0629 \u0627\u0644\u062d\u0631\u0643\u064a\u0629.pdf\"><img loading=\"lazy\" decoding=\"async\" style=\"margin-bottom: 5px;\" src=\"\/Icon_pdf.gif\" alt=\"\" width=\"17\" height=\"16\" border=\"0\" \/><\/a><\/td>\n<\/tr>\n<\/tbody>\n<\/table>\n<h3 dir=\"ltr\">PAGE DE GARDE DES LICENCES ET MASTER EN DOC ET PDF<\/h3>\n<table class=\"taxonomy-table\">\n<tbody>\n<tr>\n<th colspan=\"2\"><strong>FACULTES<\/strong><\/th>\n<\/tr>\n<tr>\n<td>LICENCE :<\/td>\n<td><a href=\"\/doc pedagogiques\/pg gardes Facult\u00e9\/PAGE_de_garde_licence.docx\"><img loading=\"lazy\" decoding=\"async\" style=\"margin-bottom: 5px;\" src=\"\/mime_msword.png\" alt=\"\" width=\"16\" height=\"16\" border=\"0\" \/>FR<\/a>\u00a0\u00a0\u00a0<a href=\"\/doc pedagogiques\/pg gardes Facult\u00e9\/PAGE_de_garde_licence.pdf\"><img loading=\"lazy\" decoding=\"async\" style=\"margin-bottom: 5px;\" src=\"\/Icon_pdf.gif\" alt=\"\" width=\"17\" height=\"16\" border=\"0\" \/> FR<\/a>\u00a0\u00a0\u00a0<a href=\"\/doc pedagogiques\/doc pedagogique2\/pg Ar Licence.docx\"><img loading=\"lazy\" decoding=\"async\" style=\"margin-bottom: 5px;\" src=\"\/mime_msword.png\" alt=\"\" width=\"16\" height=\"16\" border=\"0\" \/>AR<\/a>\u00a0\u00a0\u00a0<a href=\"\/doc pedagogiques\/doc pedagogique2\/pg Ar Licence.pdf\"><img loading=\"lazy\" decoding=\"async\" style=\"margin-bottom: 5px;\" src=\"\/Icon_pdf.gif\" alt=\"\" width=\"17\" height=\"16\" border=\"0\" \/>AR<\/a><\/td>\n<\/tr>\n<tr class=\"row-even\">\n<td>MASTER<\/td>\n<td><a href=\"\/doc pedagogiques\/pg gardes Facult\u00e9\/PAGE_de_garde_master.docx\"><img loading=\"lazy\" decoding=\"async\" style=\"margin-bottom: 5px;\" src=\"\/mime_msword.png\" alt=\"\" width=\"16\" height=\"16\" border=\"0\" \/>FR<\/a>\u00a0\u00a0\u00a0<a href=\"\/doc pedagogiques\/pg gardes Facult\u00e9\/PAGE_de_garde_master.pdf\"><img loading=\"lazy\" decoding=\"async\" style=\"margin-bottom: 5px;\" src=\"\/Icon_pdf.gif\" alt=\"\" width=\"17\" height=\"16\" border=\"0\" \/>FR<\/a>\u00a0\u00a0\u00a0<a href=\"\/doc pedagogiques\/doc pedagogique2\/pg Ar Maste.docx\"><img loading=\"lazy\" decoding=\"async\" style=\"margin-bottom: 5px;\" src=\"\/mime_msword.png\" alt=\"\" width=\"16\" height=\"16\" border=\"0\" \/>AR<\/a>\u00a0\u00a0\u00a0<a href=\"\/doc pedagogiques\/doc pedagogique2\/pg Ar Maste.pdf\"><img loading=\"lazy\" decoding=\"async\" style=\"margin-bottom: 5px;\" src=\"\/Icon_pdf.gif\" alt=\"\" width=\"17\" height=\"16\" border=\"0\" \/>AR<\/a><\/td>\n<\/tr>\n<tr>\n<th colspan=\"2\"><strong>INSTITUTS<\/strong><\/th>\n<\/tr>\n<tr>\n<td>LICENCE :<\/td>\n<td><a href=\"\/doc pedagogiques\/pg gardes Institut\/PAGE_de_garde_licence.docx\"><img loading=\"lazy\" decoding=\"async\" style=\"margin-bottom: 5px;\" src=\"\/mime_msword.png\" alt=\"\" width=\"16\" height=\"16\" border=\"0\" \/>FR<\/a>\u00a0\u00a0\u00a0<a href=\"\/doc pedagogiques\/pg gardes Institut\/PAGE_de_garde_licence.pdf\"><img loading=\"lazy\" decoding=\"async\" style=\"margin-bottom: 5px;\" src=\"\/Icon_pdf.gif\" alt=\"\" width=\"17\" height=\"16\" border=\"0\" \/> FR<\/a>\u00a0\u00a0\u00a0<a href=\"\/doc pedagogiques\/doc pedagogique2\/pg Ar Licence INSTITUT.docx\"><img loading=\"lazy\" decoding=\"async\" style=\"margin-bottom: 5px;\" src=\"\/mime_msword.png\" alt=\"\" width=\"16\" height=\"16\" border=\"0\" \/>AR<\/a>\u00a0\u00a0\u00a0<a href=\"\/doc%20pedagogiques\/doc%20pedagogique2\/pg%20Ar%20Licence.pdf\"><img loading=\"lazy\" decoding=\"async\" style=\"margin-bottom: 5px;\" src=\"\/Icon_pdf.gif\" alt=\"\" width=\"17\" height=\"16\" border=\"0\" \/>AR<\/a><\/td>\n<\/tr>\n<tr class=\"row-even\">\n<td>MASTER<\/td>\n<td><a href=\"\/doc pedagogiques\/pg gardes Institut\/PAGE_de_garde_master.docx\"><img loading=\"lazy\" decoding=\"async\" style=\"margin-bottom: 5px;\" src=\"\/mime_msword.png\" alt=\"\" width=\"16\" height=\"16\" border=\"0\" \/>FR<\/a>\u00a0\u00a0\u00a0<a href=\"\/doc pedagogiques\/pg gardes Institut\/PAGE_de_garde_master.pdf\"><img loading=\"lazy\" decoding=\"async\" style=\"margin-bottom: 5px;\" src=\"\/Icon_pdf.gif\" alt=\"\" width=\"17\" height=\"16\" border=\"0\" \/>FR<\/a>\u00a0\u00a0\u00a0<a href=\"\/doc pedagogiques\/doc pedagogique2\/pg Ar Maste_INSTITUT.docx\"><img loading=\"lazy\" decoding=\"async\" style=\"margin-bottom: 5px;\" src=\"\/mime_msword.png\" alt=\"\" width=\"16\" height=\"16\" border=\"0\" \/>AR<\/a><\/td>\n<\/tr>\n<\/tbody>\n<\/table>","protected":false},"excerpt":{"rendered":"<p>Dossier pour r\u00e9cup\u00e9rer le dipl\u00f4me final 1.Demande manuscrite 2.Engagement \u00e0 signer dans l&rsquo;APC T\u00e9l\u00e9charger 3.Attestation provisoire du dipl\u00f4me&nbsp;&nbsp; 4.Photocopie de [&hellip;]<\/p>\n","protected":false},"author":1,"featured_media":0,"parent":0,"menu_order":0,"comment_status":"closed","ping_status":"open","template":"","meta":{"footnotes":""},"class_list":["post-565","page","type-page","status-publish","hentry"],"_links":{"self":[{"href":"https:\/\/univ-soukahras.dz\/fr\/wp-json\/wp\/v2\/pages\/565","targetHints":{"allow":["GET"]}}],"collection":[{"href":"https:\/\/univ-soukahras.dz\/fr\/wp-json\/wp\/v2\/pages"}],"about":[{"href":"https:\/\/univ-soukahras.dz\/fr\/wp-json\/wp\/v2\/types\/page"}],"author":[{"embeddable":true,"href":"https:\/\/univ-soukahras.dz\/fr\/wp-json\/wp\/v2\/users\/1"}],"replies":[{"embeddable":true,"href":"https:\/\/univ-soukahras.dz\/fr\/wp-json\/wp\/v2\/comments?post=565"}],"version-history":[{"count":12,"href":"https:\/\/univ-soukahras.dz\/fr\/wp-json\/wp\/v2\/pages\/565\/revisions"}],"predecessor-version":[{"id":79249,"href":"https:\/\/univ-soukahras.dz\/fr\/wp-json\/wp\/v2\/pages\/565\/revisions\/79249"}],"wp:attachment":[{"href":"https:\/\/univ-soukahras.dz\/fr\/wp-json\/wp\/v2\/media?parent=565"}],"curies":[{"name":"wp","href":"https:\/\/api.w.org\/{rel}","templated":true}]}}