{"id":57,"date":"2014-11-02T09:35:59","date_gmt":"2014-11-02T09:35:59","guid":{"rendered":"http:\/\/192.168.0.101\/Univ2\/app\/?page_id=57"},"modified":"2026-01-31T12:40:41","modified_gmt":"2026-01-31T11:40:41","slug":"faculte-des-sciences-de-la-nature-et-de-la-vie","status":"publish","type":"page","link":"https:\/\/univ-soukahras.dz\/fr\/faculte-des-sciences-de-la-nature-et-de-la-vie","title":{"rendered":"Facult\u00e9 des Sciences de la Nature et de la Vie"},"content":{"rendered":"<p>La facult\u00e9 regroupe le domaine des sciences de la nature et de la vie qui est compos\u00e9 de deux fili\u00e8res\u00a0:<\/p>\n<p><strong>\u00a0la Biologie<\/strong><\/p>\n<p>et<\/p>\n<p><strong>les sciences agronomiques<\/strong><a href=\"https:\/\/www.univ-soukahras.dz\/a_propos_de_fac_snv.php#\">.<\/a><\/p>\n","protected":false},"excerpt":{"rendered":"<p>La facult\u00e9 regroupe le domaine des sciences de la nature et de la vie qui est compos\u00e9 de deux fili\u00e8res\u00a0: [&hellip;]<\/p>\n","protected":false},"author":1,"featured_media":0,"parent":0,"menu_order":0,"comment_status":"closed","ping_status":"open","template":"","meta":{"footnotes":""},"class_list":["post-57","page","type-page","status-publish","hentry"],"_links":{"self":[{"href":"https:\/\/univ-soukahras.dz\/fr\/wp-json\/wp\/v2\/pages\/57","targetHints":{"allow":["GET"]}}],"collection":[{"href":"https:\/\/univ-soukahras.dz\/fr\/wp-json\/wp\/v2\/pages"}],"about":[{"href":"https:\/\/univ-soukahras.dz\/fr\/wp-json\/wp\/v2\/types\/page"}],"author":[{"embeddable":true,"href":"https:\/\/univ-soukahras.dz\/fr\/wp-json\/wp\/v2\/users\/1"}],"replies":[{"embeddable":true,"href":"https:\/\/univ-soukahras.dz\/fr\/wp-json\/wp\/v2\/comments?post=57"}],"version-history":[{"count":1,"href":"https:\/\/univ-soukahras.dz\/fr\/wp-json\/wp\/v2\/pages\/57\/revisions"}],"predecessor-version":[{"id":58,"href":"https:\/\/univ-soukahras.dz\/fr\/wp-json\/wp\/v2\/pages\/57\/revisions\/58"}],"wp:attachment":[{"href":"https:\/\/univ-soukahras.dz\/fr\/wp-json\/wp\/v2\/media?parent=57"}],"curies":[{"name":"wp","href":"https:\/\/api.w.org\/{rel}","templated":true}]}}