{"id":572,"date":"2014-11-15T17:13:24","date_gmt":"2014-11-15T17:13:24","guid":{"rendered":"http:\/\/www.univ-soukahras.dz\/app\/?page_id=572"},"modified":"2026-01-31T12:40:40","modified_gmt":"2026-01-31T11:40:40","slug":"apercu-historique-de-luniversite","status":"publish","type":"page","link":"https:\/\/univ-soukahras.dz\/fr\/apercu-historique-de-luniversite","title":{"rendered":"Aper\u00e7u Historique de l\u2019Universit\u00e9"},"content":{"rendered":"<p><img loading=\"lazy\" decoding=\"async\" class=\"aligncenter size-full wp-image-98\" src=\"https:\/\/www.univ-soukahras.dz\/wpuploads\/2014\/11\/f-300x225.jpg\" alt=\"f-300x225\" width=\"320\" height=\"245\" srcset=\"\/wpuploads\/2014\/11\/f-300x225.jpg 320w, \/wpuploads\/2014\/11\/f-300x225-300x230.jpg 300w\" sizes=\"auto, (max-width: 320px) 100vw, 320px\" \/><br \/>\nL\u2019universit\u00e9 de Souk\u2013Ahras a \u00e9t\u00e9 cr\u00e9\u00e9e en 1998 comme \u00e9tant une annexe de l\u2019Universit\u00e9 Badji Mokhtar d\u2019Annaba constitu\u00e9e de trois sp\u00e9cialit\u00e9s \u00e0 savoir<br \/>\n&#8211; Les sciences juridiques et administratives.<br \/>\n&#8211; Informatiques de gestion.<br \/>\n&#8211; Tronc commun en Science exactes informatique et technologique.<\/p>\n<p>Il y a eu un grand essor depuis qu\u2019elle \u00e9tait annexe avec 270 \u00e9tudiants et 05 enseignants dont 03 de l\u2019universit\u00e9 d\u2019Annaba.<\/p>\n<p style=\"text-align: justify;\">Les pr\u00e9occupations majeures \u00e0 cette \u00e9poque, \u00e9taient de la hisser au Centre Universitaire. Ceci a \u00e9t\u00e9 r\u00e9alis\u00e9 selon le d\u00e9cret minist\u00e9riel num\u00e9ro 01\/279 du 18 d\u00e9cembre 2001. A partir de ce moment, le centre universitaire a connu un nouveau d\u00e9part dans tous les domaines en un temps record en l\u2019occurrence avec l\u2019ouverture de plus de 20 sp\u00e9cialit\u00e9s. Il a \u00e9t\u00e9 constat\u00e9 en outre qu\u2019il y a eu un net perfectionnement une prise en charge sur le plan p\u00e9dagogique ainsi que de la recherche et ce \u00e0 travers des colloques des s\u00e9minaires et des journ\u00e9es d\u2019\u00e9tudes.<\/p>\n<p style=\"text-align: justify;\">Durant cette p\u00e9riode, 1418 \u00e9tudiants \u00e9taient inscrits avec un encadrement de 91 enseignants entre permanents et associ\u00e9s. En date du 17 juin 2010, le ministre des Moudjahidines a eu l\u2019insigne honneur de baptis\u00e9 le centre universitaire au nom du d\u00e9funt \u00ab Mohamed Cherif Messaadia \u00bb sur instruction de son excellence, le Pr\u00e9sident de la r\u00e9publique, Monsieur Abdelaziz Bouteflika.<\/p>\n<p style=\"text-align: justify;\">L\u2019administration du centre a \u0153uvr\u00e9 avec tous les moyens dont elle dispose pour la gestion le suivi des op\u00e9rations des activit\u00e9s dont il a b\u00e9n\u00e9fici\u00e9 comme infrastructures \u00e9quipements pour se mettre au m\u00eame diapason \u00e0 partir de cet acquis au rang des grandes universit\u00e9s.<br \/>\n&#8211; Durant la p\u00e9riode qui s\u2019\u00e9tend de 2001 \u00e0 2010 le centre universitaire a joui de 8000 nouvelles places p\u00e9dagogiques r\u00e9partis comme suit<br \/>\n&#8211; 2000 places p\u00e9dagogiques entre 2004 et 2005.<br \/>\n&#8211; 1500 places p\u00e9dagogiques entre 2006 et 2007.<br \/>\n&#8211; 4500 places p\u00e9dagogiques entre 2009 et 2010.<\/p>\n<p>Ces acquis ont aid\u00e9 le centre \u00e0 mettre tous les moyens n\u00e9cessaires pour le perfectionnement des taches p\u00e9dagogiques. Le 10\/12\/2011 son excellence le Pr\u00e9sident de le R\u00e9publique Mr Abdelaziz Bouteflika a annonc\u00e9 officiellement de hisser le centre universitaire dans un d\u00e9cret ex\u00e9cutif num\u00e9ro 12-245 du11 Rajeb 1433 soit le 04 juin 2012 portant cr\u00e9ation de l\u2019universit\u00e9 de souk ahras.<\/p>\n","protected":false},"excerpt":{"rendered":"<p>L\u2019universit\u00e9 de Souk\u2013Ahras a \u00e9t\u00e9 cr\u00e9\u00e9e en 1998 comme \u00e9tant une annexe de l\u2019Universit\u00e9 Badji Mokhtar d\u2019Annaba constitu\u00e9e de trois [&hellip;]<\/p>\n","protected":false},"author":1,"featured_media":0,"parent":0,"menu_order":0,"comment_status":"closed","ping_status":"open","template":"","meta":{"footnotes":""},"class_list":["post-572","page","type-page","status-publish","hentry"],"_links":{"self":[{"href":"https:\/\/univ-soukahras.dz\/fr\/wp-json\/wp\/v2\/pages\/572","targetHints":{"allow":["GET"]}}],"collection":[{"href":"https:\/\/univ-soukahras.dz\/fr\/wp-json\/wp\/v2\/pages"}],"about":[{"href":"https:\/\/univ-soukahras.dz\/fr\/wp-json\/wp\/v2\/types\/page"}],"author":[{"embeddable":true,"href":"https:\/\/univ-soukahras.dz\/fr\/wp-json\/wp\/v2\/users\/1"}],"replies":[{"embeddable":true,"href":"https:\/\/univ-soukahras.dz\/fr\/wp-json\/wp\/v2\/comments?post=572"}],"version-history":[{"count":2,"href":"https:\/\/univ-soukahras.dz\/fr\/wp-json\/wp\/v2\/pages\/572\/revisions"}],"predecessor-version":[{"id":574,"href":"https:\/\/univ-soukahras.dz\/fr\/wp-json\/wp\/v2\/pages\/572\/revisions\/574"}],"wp:attachment":[{"href":"https:\/\/univ-soukahras.dz\/fr\/wp-json\/wp\/v2\/media?parent=572"}],"curies":[{"name":"wp","href":"https:\/\/api.w.org\/{rel}","templated":true}]}}