{"id":598,"date":"2014-11-19T09:24:08","date_gmt":"2014-11-19T09:24:08","guid":{"rendered":"http:\/\/www.univ-soukahras.dz\/app\/?page_id=598"},"modified":"2026-01-31T12:40:40","modified_gmt":"2026-01-31T11:40:40","slug":"a-propos-institut-des-sciences-agronomiques-et-veterinaires","status":"publish","type":"page","link":"https:\/\/univ-soukahras.dz\/fr\/a-propos-institut-des-sciences-agronomiques-et-veterinaires","title":{"rendered":"A Propos: Institut des Sciences Agronomiques et V\u00e9t\u00e9rinaires"},"content":{"rendered":"<p style=\"text-align: justify;\"><span style=\"color: #000000;\">ISAV est un \u00e9tablissement d\u2019enseignement sup\u00e9rieur et de recherche du Minist\u00e8re de l\u2019enseignement Sup\u00e9rieur et La Recherche Scientifique. Cr\u00e9e en 2011 , L\u2019ISAV est rattach\u00e9 \u00e0 l\u2019universit\u00e9 de souk ahras; situ\u00e9 \u00e0 TAOURA , et comprend\u00a0deux d\u00e9partements :<\/span><br \/>\n<span style=\"color: #000000;\"> le d\u00e9partement des sciences agronomiques et le d\u00e9partement des sciences v\u00e9t\u00e9rinaires.<\/span><br \/>\n<span style=\"color: #000000;\"> Le potentiel enseignants est\u00a047\u00a0\u00e9l\u00e9ments de diff\u00e9rentes sp\u00e9cialit\u00e9s.<\/span><br \/>\n<span style=\"color: #000000;\"> &#8211; L\u2019Organisation p\u00e9dagogique : L\u2019organisation p\u00e9dagogique de l\u2019ISAV s\u2019articule autour de:<\/span><br \/>\n<span style=\"color: #000000;\"> \u2022 Directeurs Adjoints charg\u00e9 des \u00e9tudes et des questions li\u00e9es aux \u00e9tudiants<\/span><br \/>\n<span style=\"color: #000000;\"> \u2022 Directeurs Adjoints charg\u00e9 de la post-graduation, de la recherche scientifique et des relations ext\u00e9rieurs.<\/span><br \/>\n<span style=\"color: #000000;\"> \u2022 Sous direction de l\u2019administration et des finances.<\/span><br \/>\n<span style=\"color: #000000;\"> \u2022 Chef d\u00e9partement.<\/span><br \/>\n<span style=\"color: #000000;\"> \u2022 Le d\u00e9partement v\u00e9t\u00e9rinaire.<\/span><br \/>\n<span style=\"color: #000000;\"> \u2022 Le d\u00e9partement agronomique.<\/span><br \/>\n<span style=\"color: #000000;\"> . Encadrement p\u00e9dagogique<\/span><br \/>\n<span style=\"color: #000000;\"> &#8211; Un effectif de\u00a047\u00a0enseignants permanents, assurent l\u2019encadrement des quelques\u00a0406\u00a0\u00e9tudiants que compte L\u2019ISAV .<\/span><br \/>\n<span style=\"color: #000000;\"> \u2022 02 Professeurs<\/span><br \/>\n<span style=\"color: #000000;\"> \u2022 04 Ma\u00eetres de Conf\u00e9rences Classe A<\/span><br \/>\n<span style=\"color: #000000;\"> \u2022 07 Ma\u00eetres de conf\u00e9rences Classe B<\/span><br \/>\n<span style=\"color: #000000;\"> \u2022 29 Maitres Assistants Classe A<\/span><br \/>\n<span style=\"color: #000000;\"> \u2022 05 Maitres Assistants Classe B<\/span><\/p>\n<p style=\"text-align: justify;\"><span style=\"color: #000080;\"><strong>Le D\u00e9partement Des Sciences v\u00e9t\u00e9rinaires:<\/strong><\/span><br \/>\n<strong><span style=\"color: #000000;\"> D\u00e9roulement du cursus universitaire :<\/span><\/strong><br \/>\n<span style=\"color: #000000;\"> Le programme des \u00e9tudes en sciences v\u00e9t\u00e9rinaires est de cinq (05) ann\u00e9es r\u00e9parties de la fa\u00e7on\u00a0suivante :<\/span><br \/>\n<span style=\"color: #000000;\"> 1. Une (01) ann\u00e9e.<\/span><br \/>\n<span style=\"color: #000000;\"> 2. Un cycle pr\u00e9 clinique (deuxi\u00e8me et troisi\u00e8me ann\u00e9e) comportant un enseignement th\u00e9orique et un enseignement pratique (TP).<\/span><br \/>\n<span style=\"color: #000000;\"> 3. Un cycle clinique (quatri\u00e8me et cinqui\u00e8me ann\u00e9e) comportant un enseignement th\u00e9orique et un enseignement pratique (cliniques, cf. annexe).<\/span><br \/>\n<span style=\"color: #000000;\"> En fin de cycle pr\u00e9 clinique (fin de la troisi\u00e8me ann\u00e9e), le sujet d\u2019un m\u00e9moire (projet de fin d\u2019\u00e9tudes) obligatoire est attribu\u00e9.<\/span><br \/>\n<span style=\"color: #000000;\"> Ce projet sera sanctionn\u00e9 par une soutenance publique et valid\u00e9 par un proc\u00e8s verbal en fin de cinqui\u00e8me ann\u00e9e.<\/span><\/p>\n<p><span style=\"color: #000000;\"><span style=\"color: #000080;\"><strong> Le D\u00e9partement Des Sciences Agronomiques:<\/strong><\/span><\/span><\/p>\n<p style=\"text-align: justify;\"><span style=\"color: #000000;\"> Assure actuellement deux formations dans le syst\u00e8me LMD:<\/span><br \/>\n<span style=\"color: #000000;\"> Licence acad\u00e9mique<\/span><br \/>\n<span style=\"color: #000000;\"> 1.Socle commun sciences agronomique<\/span><br \/>\n<span style=\"color: #000000;\"> 2.\u00a0Agro \u00e9cologie<\/span><br \/>\n<span style=\"color: #000000;\"> 3. Production animale.<\/span><br \/>\n<span style=\"color: #000000;\"> Master acad\u00e9mique<\/span><br \/>\n<span style=\"color: #000000;\"> 1. Agro \u00e9cologie<\/span><br \/>\n<span style=\"color: #000000;\"> 2. Production animale.<\/span><\/p>\n<p style=\"text-align: justify;\"><span style=\"color: #000000;\">\u00a0<\/span><\/p>\n","protected":false},"excerpt":{"rendered":"<p>ISAV est un \u00e9tablissement d\u2019enseignement sup\u00e9rieur et de recherche du Minist\u00e8re de l\u2019enseignement Sup\u00e9rieur et La Recherche Scientifique. Cr\u00e9e en [&hellip;]<\/p>\n","protected":false},"author":1,"featured_media":0,"parent":0,"menu_order":0,"comment_status":"closed","ping_status":"open","template":"","meta":{"footnotes":""},"class_list":["post-598","page","type-page","status-publish","hentry"],"_links":{"self":[{"href":"https:\/\/univ-soukahras.dz\/fr\/wp-json\/wp\/v2\/pages\/598","targetHints":{"allow":["GET"]}}],"collection":[{"href":"https:\/\/univ-soukahras.dz\/fr\/wp-json\/wp\/v2\/pages"}],"about":[{"href":"https:\/\/univ-soukahras.dz\/fr\/wp-json\/wp\/v2\/types\/page"}],"author":[{"embeddable":true,"href":"https:\/\/univ-soukahras.dz\/fr\/wp-json\/wp\/v2\/users\/1"}],"replies":[{"embeddable":true,"href":"https:\/\/univ-soukahras.dz\/fr\/wp-json\/wp\/v2\/comments?post=598"}],"version-history":[{"count":24,"href":"https:\/\/univ-soukahras.dz\/fr\/wp-json\/wp\/v2\/pages\/598\/revisions"}],"predecessor-version":[{"id":35034,"href":"https:\/\/univ-soukahras.dz\/fr\/wp-json\/wp\/v2\/pages\/598\/revisions\/35034"}],"wp:attachment":[{"href":"https:\/\/univ-soukahras.dz\/fr\/wp-json\/wp\/v2\/media?parent=598"}],"curies":[{"name":"wp","href":"https:\/\/api.w.org\/{rel}","templated":true}]}}