{"id":675,"date":"2014-11-22T17:48:41","date_gmt":"2014-11-22T17:48:41","guid":{"rendered":"http:\/\/www.univ-soukahras.dz\/app\/?page_id=675"},"modified":"2025-04-07T10:26:41","modified_gmt":"2025-04-07T09:26:41","slug":"projets-de-recherche","status":"publish","type":"page","link":"https:\/\/univ-soukahras.dz\/fr\/projets-de-recherche","title":{"rendered":"Projets de Recherche"},"content":{"rendered":"<p><strong>Liste des Projets de Recherche : PRFU ex CNEPRU<\/strong><\/p>\n<ul>\n<li><a href=\"https:\/\/www.univ-soukahras.dz\/fr\/projects\/year\/2023\/type\/cnepru\"><strong>2023<\/strong><\/a><\/li>\n<li><a href=\"https:\/\/www.univ-soukahras.dz\/fr\/projects\/year\/2022\/type\/cnepru\"><strong>2022<\/strong><\/a><\/li>\n<li><a href=\"https:\/\/www.univ-soukahras.dz\/fr\/projects\/year\/2021\/type\/cnepru\"><strong>2021<\/strong><\/a><\/li>\n<li><a href=\"https:\/\/www.univ-soukahras.dz\/fr\/projects\/year\/2020\/type\/cnepru\"><strong>2020<\/strong><\/a><\/li>\n<li><a href=\"https:\/\/www.univ-soukahras.dz\/fr\/projects\/year\/2019\/type\/cnepru\"><strong>2019<\/strong><\/a><\/li>\n<li><a href=\"https:\/\/www.univ-soukahras.dz\/fr\/projects\/year\/2018\/type\/cnepru\"><strong>2018<\/strong><\/a><\/li>\n<li><a href=\"https:\/\/www.univ-soukahras.dz\/fr\/projects\/year\/2017\/type\/cnepru\"><strong>2017<\/strong><\/a><\/li>\n<li><a href=\"https:\/\/www.univ-soukahras.dz\/fr\/projects\/year\/2016\/type\/cnepru\"><strong>2016<\/strong><\/a><\/li>\n<li><strong><a href=\"https:\/\/www.univ-soukahras.dz\/fr\/projects\/year\/2015\/type\/cnepru\">2015<\/a><\/strong><\/li>\n<li><strong><a href=\"https:\/\/www.univ-soukahras.dz\/fr\/projects\/year\/2014\/type\/cnepru\">2014<\/a><\/strong><\/li>\n<li><strong><a href=\"https:\/\/www.univ-soukahras.dz\/fr\/projects\/year\/2013\/type\/cnepru\">2013<\/a><\/strong><\/li>\n<li><a href=\"https:\/\/www.univ-soukahras.dz\/fr\/projects\/year\/2012\/type\/cnepru\"><strong>2012<\/strong><\/a><\/li>\n<li><a href=\"https:\/\/www.univ-soukahras.dz\/fr\/projects\/year\/2011\/type\/cnepru\"><strong>2011<\/strong><\/a><\/li>\n<\/ul>\n<p><strong>Liste des Projets de Recherche : PNR<br \/>\n<\/strong><\/p>\n<p><strong><u>PNR 2011<\/u><\/strong><\/p>\n<table width=\"699\">\n<tbody>\n<tr>\n<td width=\"57\"><strong>\u0627\u0644\u0631\u0642\u0645<\/strong><\/td>\n<td width=\"142\"><strong>\u0631\u0626\u064a\u0633 \u0627\u0644\u0645\u0634\u0631\u0648\u0639<\/strong><\/td>\n<td width=\"501\"><strong>\u0639\u0646\u0648\u0627\u0646 \u0627\u0644\u0645\u0634\u0631\u0648\u0639<\/strong><\/td>\n<\/tr>\n<tr>\n<td width=\"57\"><strong>01<\/strong><\/td>\n<td width=\"142\">\u0646\u0648\u0627\u0631\u064a \u0623\u0645\u0627\u0644<\/td>\n<td width=\"501\">\u0627\u0633\u062a\u062e\u062f\u0627\u0645\u0627\u062a \u0627\u0644\u0637\u0644\u0628\u0629 \u0627\u0644\u062c\u0627\u0645\u0639\u064a\u064a\u0646 \u0644\u0645\u0636\u0627\u0645\u064a\u0646 \u0627\u0644\u0645\u062f\u0648\u0646\u0627\u062a \u0627\u0644\u0625\u0644\u0643\u062a\u0631\u0648\u0646\u064a\u0629 \u0641\u064a \u0627\u0644\u062c\u0632\u0627\u0626\u0631<\/p>\n<p>-\u062f\u0631\u0627\u0633\u0629 \u0645\u0633\u062d\u064a\u0629 \u062a\u062d\u0644\u064a\u0644\u064a\u0629-<\/td>\n<\/tr>\n<tr>\n<td width=\"57\"><strong>02<\/strong><\/td>\n<td width=\"142\">\u0644\u0648\u0643\u0627\u0645 \u0633\u0644\u064a\u0645\u0629<\/td>\n<td width=\"501\">\u0645\u0648\u0633\u0648\u0639\u0629 \u0627\u0644\u0645\u0624\u0644\u0641\u0627\u062a \u0627\u0644\u0623\u062f\u0628\u064a\u0629 \u0648 \u0627\u0644\u0644\u063a\u0648\u064a\u0629 \u0627\u0644\u0645\u0643\u062a\u0648\u0628\u0629 \u0628\u0627\u0644\u0644\u063a\u0629 \u0627\u0644\u0639\u0631\u0628\u064a\u0629 \u0648 \u0627\u0644\u0645\u0646\u0634\u0648\u0631\u0629 \u0628\u062f\u0648\u0644\u0629 \u0627\u0644\u062c\u0632\u0627\u0626\u0631 \u062e\u0644\u0627\u0644 \u0627\u0644\u0641\u062a\u0631\u0629: 1990-2012<\/td>\n<\/tr>\n<tr>\n<td width=\"57\"><strong>03<\/strong><\/td>\n<td width=\"142\">\u0645\u0639\u0632\u064a \u0645\u062d\u0645\u062f \u0627\u0644\u0634\u0631\u064a\u0641<\/td>\n<td width=\"501\">Agriculture, alimentation, foret, espaces naturels et ruraux<\/td>\n<\/tr>\n<tr>\n<td width=\"57\"><strong>04<\/strong><\/td>\n<td width=\"142\">\u062c\u0628\u0627\u0631 \u064a\u0627\u0633\u064a\u0646<\/td>\n<td width=\"501\">Outil d\u2019aide \u00e0 la gestion des infrastructures d\u2019eau \u2013 cas de l\u2019eau us\u00e9e<\/td>\n<\/tr>\n<tr>\n<td width=\"57\"><strong>05<\/strong><\/td>\n<td width=\"142\">\u0628\u0627\u0644\u0648\u062f\u0646\u064a\u0646 \u0645\u0646\u0627\u0644<\/td>\n<td width=\"501\">Effets des nanoparticules manufactur\u00e9es de ZnO sur les Ecosyst\u00e8mes et sant\u00e9 humaine<\/td>\n<\/tr>\n<tr>\n<td width=\"57\"><strong>06<\/strong><\/td>\n<td width=\"142\">\u062c\u0628\u0627\u0631 \u064a\u0627\u0633\u064a\u0646<\/td>\n<td width=\"501\">Valorisation des eaux us\u00e9es dans la Val\u00e9e Medjerda<\/td>\n<\/tr>\n<tr>\n<td width=\"57\"><strong>07<\/strong><\/td>\n<td width=\"142\">\u0634\u064a\u0627\u062d\u064a \u0646\u0627\u062f\u064a\u0629<\/td>\n<td width=\"501\">Am\u00e9lioration de la population des sciences de multiplication c\u00e9r\u00e9ali\u00e8re dans la r\u00e9gion de Tifeche Wilaya de Souk Ahras<\/td>\n<\/tr>\n<\/tbody>\n<\/table>\n<p><strong><u>PNR 2023<\/u><\/strong><\/p>\n<table width=\"794\">\n<tbody>\n<tr>\n<td width=\"71\"><b>\u0627\u0644\u0631\u0642\u0645<\/b><\/td>\n<td width=\"562\"><b>\u0639\u0646\u0648\u0627\u0646 \u0627\u0644\u0645\u0634\u0631\u0648\u0639<\/b><\/td>\n<td width=\"161\"><b>\u0646\u0648\u0639 \u0627\u0644\u0645\u0634\u0631\u0648\u0639<\/b><\/td>\n<\/tr>\n<tr>\n<td width=\"71\"><b>01<\/b><\/td>\n<td width=\"562\"><b>Analyse et r\u00e9solution du ph\u00e9nom\u00e8ne des vibrations des chaudi\u00e8res\u00a0 400 T\/H de construction\u00a0 IHI du complexe GL2Z<\/b><\/td>\n<td width=\"161\"><b>PNR<\/b><\/td>\n<\/tr>\n<\/tbody>\n<\/table>\n<p><b>\u0645\u0634\u0627\u0631\u064a\u0639 \u0627\u0644\u0628\u062d\u062b \u0627\u0644\u062f\u0648\u0644\u064a\u0629<\/b><\/p>\n<table width=\"794\">\n<tbody>\n<tr>\n<td width=\"71\"><b>\u0627\u0644\u0631\u0642\u0645<\/b><\/td>\n<td width=\"562\"><b>\u0639\u0646\u0648\u0627\u0646 \u0627\u0644\u0645\u0634\u0631\u0648\u0639<\/b><\/td>\n<td width=\"161\"><b>\u0646\u0648\u0639 \u0627\u0644\u0645\u0634\u0631\u0648\u0639<\/b><\/td>\n<\/tr>\n<tr>\n<td width=\"71\"><b>01<\/b><\/td>\n<td width=\"562\"><b>Increasing<\/b> <b>Resilience<\/b><b> of <\/b><b>\u00a0<\/b><b>Smallholders<\/b> <b>with<\/b><\/p>\n<p><b>Multi-<\/b><b>Platforms<\/b> <b>Linking<\/b><\/p>\n<p><b>Localized<\/b> <b>\u00a0<\/b><b>Resource <\/b><b>Sharing\/ RESILINK<\/b><\/td>\n<td width=\"161\"><b>PRIMA<\/b><\/td>\n<\/tr>\n<tr>\n<td width=\"71\"><b>02<\/b><\/td>\n<td width=\"562\"><b>Innovation et exploitation de la flore m\u00e9dicinale et aromatique mixte <\/b><b>Tunisio<\/b><b>-alg\u00e9rienne pour une appellation d\u2019origine contr\u00f4l\u00e9e de bioproduits (ACTIVPAM)<\/b><\/td>\n<td width=\"161\"><b>Coop\u00e9ration internationale<\/b><\/p>\n<p><b>Alg\u00e9rie-Tunis<\/b><\/td>\n<\/tr>\n<\/tbody>\n<\/table>\n<h3><\/h3>\n<p><b>\u0641\u0631\u0642 \u0627\u0644\u0628\u062d\u062b \u0627\u0644\u0645\u062e\u062a\u0644\u0637\u0629<\/b><\/p>\n<table width=\"809\">\n<tbody>\n<tr>\n<td width=\"55\"><b>\u0627\u0644\u0631\u0642\u0645<\/b><\/td>\n<td width=\"460\"><b>\u0639\u0646\u0648\u0627\u0646 <\/b><b>\u0641\u0631\u0642\u0629<\/b> <b>\u00a0\u0627\u0644\u0628\u062d\u062b<\/b><\/td>\n<td width=\"164\"><b>\u0627\u0633\u0645 \u0648\u0644\u0642\u0628 \u0631\u0626\u064a\u0633 \u0627\u0644\u0641\u0631\u0642\u0629<\/b><\/td>\n<td width=\"130\"><b>\u0633\u0646\u0629 \u0627\u0644\u0627\u0639\u062a\u0645\u0627\u062f<\/b><\/td>\n<\/tr>\n<tr>\n<td width=\"55\"><b>01<\/b><\/td>\n<td width=\"460\"><b>\u062a\u0637\u0628\u064a\u0642 \u0645\u0639\u0627\u0644\u062c\u0629 \u0627\u0644\u0644\u063a\u0629 \u0627\u0644\u0637\u0628\u064a\u0639\u064a\u0629 \u0641\u064a \u0645\u062c\u0627\u0644 \u0627\u0644\u0635\u062d\u0629<\/b><\/td>\n<td width=\"164\"><b>\u0639\u0645\u0627\u0631\u0629 \u0643\u0631\u0628\u0629 \u0645\u062d\u0645\u062f \u0627\u0644\u0634\u0631\u064a\u0641<\/b><\/td>\n<td width=\"130\"><b>2021<\/b><\/td>\n<\/tr>\n<tr>\n<td width=\"55\"><b>02<\/b><\/td>\n<td width=\"460\"><b>\u062a\u0633\u064a\u064a\u0631 \u0627\u0644\u0645\u064a\u0627\u0647 \u0627\u0644\u0633\u0637\u062d\u064a\u0629 \u0648\u0627\u0644\u062c\u0648\u0641\u064a\u0629<\/b><\/td>\n<td width=\"164\"><b>\u0645\u0631\u0627\u062f \u062f\u0646\u064a\u0627<\/b><\/td>\n<td width=\"130\"><b>2024<\/b><\/td>\n<\/tr>\n<\/tbody>\n<\/table>\n<div id=\"__zsc_once\"><\/div>\n","protected":false},"excerpt":{"rendered":"<p>Liste des Projets de Recherche : PRFU ex CNEPRU 2023 2022 2021 2020 2019 2018 2017 2016 2015 2014 2013 [&hellip;]<\/p>\n","protected":false},"author":1,"featured_media":0,"parent":0,"menu_order":0,"comment_status":"open","ping_status":"open","template":"","meta":{"footnotes":""},"class_list":["post-675","page","type-page","status-publish","hentry"],"_links":{"self":[{"href":"https:\/\/univ-soukahras.dz\/fr\/wp-json\/wp\/v2\/pages\/675","targetHints":{"allow":["GET"]}}],"collection":[{"href":"https:\/\/univ-soukahras.dz\/fr\/wp-json\/wp\/v2\/pages"}],"about":[{"href":"https:\/\/univ-soukahras.dz\/fr\/wp-json\/wp\/v2\/types\/page"}],"author":[{"embeddable":true,"href":"https:\/\/univ-soukahras.dz\/fr\/wp-json\/wp\/v2\/users\/1"}],"replies":[{"embeddable":true,"href":"https:\/\/univ-soukahras.dz\/fr\/wp-json\/wp\/v2\/comments?post=675"}],"version-history":[{"count":8,"href":"https:\/\/univ-soukahras.dz\/fr\/wp-json\/wp\/v2\/pages\/675\/revisions"}],"predecessor-version":[{"id":108362,"href":"https:\/\/univ-soukahras.dz\/fr\/wp-json\/wp\/v2\/pages\/675\/revisions\/108362"}],"wp:attachment":[{"href":"https:\/\/univ-soukahras.dz\/fr\/wp-json\/wp\/v2\/media?parent=675"}],"curies":[{"name":"wp","href":"https:\/\/api.w.org\/{rel}","templated":true}]}}