{"id":6889,"date":"2015-12-15T08:04:15","date_gmt":"2015-12-15T08:04:15","guid":{"rendered":"http:\/\/www.univ-soukahras.dz\/app\/?page_id=6889"},"modified":"2026-01-31T12:40:41","modified_gmt":"2026-01-31T11:40:41","slug":"formations-2","status":"publish","type":"page","link":"https:\/\/univ-soukahras.dz\/fr\/formations-2","title":{"rendered":"Formations"},"content":{"rendered":"<h2 dir=\"rtl\" style=\"text-align: center;\"><span style=\"color: #000080;\"><strong>Formations 2015<br \/>\n<\/strong><\/span><\/h2>\n<p>&nbsp;<\/p>\n<table dir=\"rtl\" style=\"height: 346px;\" border=\"1\" width=\"650\" cellspacing=\"0\" cellpadding=\"0\" align=\"center\">\n<tbody>\n<tr bgcolor=\"#e5ffff\">\n<td width=\"50\">\n<h4 class=\"Style1\" dir=\"ltr\" style=\"text-align: center;\" align=\"center\"><strong>Formateur<\/strong><\/h4>\n<\/td>\n<td dir=\"ltr\" style=\"text-align: center;\" width=\"50\">\n<h4><strong>Programme<\/strong><\/h4>\n<\/td>\n<td dir=\"ltr\" style=\"text-align: center;\" width=\"50\">\n<h4><strong>Dur\u00e9e<\/strong><\/h4>\n<\/td>\n<td dir=\"ltr\" style=\"text-align: center;\" width=\"250\"><strong>Formation<\/strong><\/td>\n<\/tr>\n<tr>\n<td dir=\"ltr\" style=\"text-align: center;\"><a href=\"https:\/\/www.univ-soukahras.dz\/wpuploads\/2015\/12\/CV3.pdf\" target=\"_blank\"><img loading=\"lazy\" decoding=\"async\" class=\"alignnone size-full wp-image-514 aligncenter\" src=\"https:\/\/www.univ-soukahras.dz\/wpuploads\/2014\/11\/smallpdf.png\" alt=\"smallpdf\" width=\"16\" height=\"16\" \/><\/a><\/td>\n<td style=\"text-align: center;\">\u00a0<a href=\"https:\/\/www.univ-soukahras.dz\/wpuploads\/2015\/12\/PRG3.pdf\" target=\"_blank\"><img loading=\"lazy\" decoding=\"async\" class=\"alignnone size-full wp-image-514\" src=\"https:\/\/www.univ-soukahras.dz\/wpuploads\/2014\/11\/smallpdf.png\" alt=\"smallpdf\" width=\"16\" height=\"16\" \/><\/a><\/td>\n<td dir=\"ltr\" style=\"text-align: center;\">04 jours<\/td>\n<td dir=\"ltr\">Gestion de la p\u00e9dagogie<\/td>\n<\/tr>\n<tr>\n<td style=\"text-align: center;\"><a href=\"https:\/\/www.univ-soukahras.dz\/wpuploads\/2015\/12\/CV9.pdf\" target=\"_blank\"><img loading=\"lazy\" decoding=\"async\" class=\"alignnone size-full wp-image-514\" src=\"https:\/\/www.univ-soukahras.dz\/wpuploads\/2014\/11\/smallpdf.png\" alt=\"smallpdf\" width=\"16\" height=\"16\" \/><\/a><\/td>\n<td style=\"text-align: center;\"><a href=\"https:\/\/www.univ-soukahras.dz\/wpuploads\/2015\/12\/PRG9.pdf\" target=\"_blank\"><img loading=\"lazy\" decoding=\"async\" class=\"alignnone size-full wp-image-514 aligncenter\" src=\"https:\/\/www.univ-soukahras.dz\/wpuploads\/2014\/11\/smallpdf.png\" alt=\"smallpdf\" width=\"16\" height=\"16\" \/><\/a><\/td>\n<td dir=\"ltr\" style=\"text-align: center;\">04 jours<\/td>\n<td style=\"text-align: left;\">\u0627\u0644\u064a\u0627\u062a \u0627\u0644\u062a\u0639\u0627\u0645\u0644 \u0645\u0639 \u0636\u063a\u0648\u0637\u0627\u062a \u0627\u0644\u0639\u0645\u0644 \u0648\u0643\u064a\u0641\u064a\u0627\u062a \u0636\u0628\u0637 \u0627\u0644\u0639\u0644\u0627\u0642\u0627\u062a \u0641\u064a \u0627\u0644\u0645\u0643\u062a\u0628\u0627\u062a \u0627\u0644\u062c\u0627\u0645\u0639\u064a\u0629<\/td>\n<\/tr>\n<tr>\n<td dir=\"ltr\" style=\"text-align: center;\"><a href=\"https:\/\/www.univ-soukahras.dz\/wpuploads\/2015\/12\/CV2.pdf\" target=\"_blank\"><img loading=\"lazy\" decoding=\"async\" class=\"alignnone size-full wp-image-514 aligncenter\" src=\"https:\/\/www.univ-soukahras.dz\/wpuploads\/2014\/11\/smallpdf.png\" alt=\"smallpdf\" width=\"16\" height=\"16\" \/><\/a><\/td>\n<td style=\"text-align: center;\">\u00a0<a href=\"https:\/\/www.univ-soukahras.dz\/wpuploads\/2015\/12\/CV1.pdf\" target=\"_blank\"><img loading=\"lazy\" decoding=\"async\" class=\"alignnone size-full wp-image-514\" src=\"https:\/\/www.univ-soukahras.dz\/wpuploads\/2014\/11\/smallpdf.png\" alt=\"smallpdf\" width=\"16\" height=\"16\" \/><\/a><\/td>\n<td dir=\"ltr\" style=\"text-align: center;\">04 jours<\/td>\n<td dir=\"ltr\">Gestion pr\u00e9visionnelle des ressources humaines<\/td>\n<\/tr>\n<tr>\n<td style=\"text-align: center;\"><a href=\"https:\/\/www.univ-soukahras.dz\/wpuploads\/2015\/12\/CV5.pdf\" target=\"_blank\"><img loading=\"lazy\" decoding=\"async\" class=\"alignnone size-full wp-image-514\" src=\"https:\/\/www.univ-soukahras.dz\/wpuploads\/2014\/11\/smallpdf.png\" alt=\"smallpdf\" width=\"16\" height=\"16\" \/><\/a><\/td>\n<td style=\"text-align: center;\"><a href=\"https:\/\/www.univ-soukahras.dz\/wpuploads\/2015\/12\/PRG5.pdf\" target=\"_blank\"><img loading=\"lazy\" decoding=\"async\" class=\"alignnone size-full wp-image-514 aligncenter\" src=\"https:\/\/www.univ-soukahras.dz\/wpuploads\/2014\/11\/smallpdf.png\" alt=\"smallpdf\" width=\"16\" height=\"16\" \/><\/a><\/td>\n<td dir=\"ltr\" style=\"text-align: center;\">04 jours<\/td>\n<td style=\"text-align: left;\">Le processus des march\u00e9s publics<\/td>\n<\/tr>\n<tr>\n<td dir=\"ltr\" style=\"text-align: center;\"><a href=\"https:\/\/www.univ-soukahras.dz\/wpuploads\/2015\/12\/CV7.pdf\" target=\"_blank\"><img loading=\"lazy\" decoding=\"async\" class=\"alignnone size-full wp-image-514 aligncenter\" src=\"https:\/\/www.univ-soukahras.dz\/wpuploads\/2014\/11\/smallpdf.png\" alt=\"smallpdf\" width=\"16\" height=\"16\" \/><\/a><\/td>\n<td style=\"text-align: center;\"><a href=\"https:\/\/www.univ-soukahras.dz\/wpuploads\/2015\/12\/PRG7.pdf\" target=\"_blank\"><img loading=\"lazy\" decoding=\"async\" class=\"alignnone size-full wp-image-514\" src=\"https:\/\/www.univ-soukahras.dz\/wpuploads\/2014\/11\/smallpdf.png\" alt=\"smallpdf\" width=\"16\" height=\"16\" \/><\/a><\/td>\n<td dir=\"ltr\" style=\"text-align: center;\">04 jours<\/td>\n<td dir=\"ltr\"><span id=\"result_box\" class=\"short_text\" lang=\"fr\"><span class=\"hps\">Am\u00e9liora<\/span><\/span>tion du service public<\/td>\n<\/tr>\n<tr>\n<td style=\"text-align: center;\"><a href=\"https:\/\/www.univ-soukahras.dz\/wpuploads\/2015\/12\/CV4.pdf\" target=\"_blank\"><img loading=\"lazy\" decoding=\"async\" class=\"alignnone size-full wp-image-514\" src=\"https:\/\/www.univ-soukahras.dz\/wpuploads\/2014\/11\/smallpdf.png\" alt=\"smallpdf\" width=\"16\" height=\"16\" \/><\/a><\/td>\n<td style=\"text-align: center;\"><a href=\"https:\/\/www.univ-soukahras.dz\/wpuploads\/2015\/12\/PRG4.pdf\" target=\"_blank\"><img loading=\"lazy\" decoding=\"async\" class=\"alignnone size-full wp-image-514 aligncenter\" src=\"https:\/\/www.univ-soukahras.dz\/wpuploads\/2014\/11\/smallpdf.png\" alt=\"smallpdf\" width=\"16\" height=\"16\" \/><\/a><\/td>\n<td dir=\"ltr\" style=\"text-align: center;\">04 jours<\/td>\n<td style=\"text-align: left;\">Gestion des laboratoires universitaires et les r\u00e8gles de s\u00e9curit\u00e9 et maintenance<\/td>\n<\/tr>\n<tr>\n<td dir=\"ltr\" style=\"text-align: center;\"><a href=\"https:\/\/www.univ-soukahras.dz\/wpuploads\/2015\/12\/CV1.pdf\" target=\"_blank\"><img loading=\"lazy\" decoding=\"async\" class=\"alignnone size-full wp-image-514 aligncenter\" src=\"https:\/\/www.univ-soukahras.dz\/wpuploads\/2014\/11\/smallpdf.png\" alt=\"smallpdf\" width=\"16\" height=\"16\" \/><\/a><\/td>\n<td style=\"text-align: center;\"><a href=\"https:\/\/www.univ-soukahras.dz\/wpuploads\/2015\/12\/PRG1.pdf\" target=\"_blank\"><img loading=\"lazy\" decoding=\"async\" class=\"alignnone size-full wp-image-514\" src=\"https:\/\/www.univ-soukahras.dz\/wpuploads\/2014\/11\/smallpdf.png\" alt=\"smallpdf\" width=\"16\" height=\"16\" \/><\/a><\/td>\n<td dir=\"ltr\" style=\"text-align: center;\">04 jours<\/td>\n<td dir=\"ltr\">Modalit\u00e9s de gestion financier et comptables des facult\u00e9s et des universit\u00e9s<\/td>\n<\/tr>\n<tr>\n<td style=\"text-align: center;\">\u00a0<a href=\"https:\/\/www.univ-soukahras.dz\/wpuploads\/2015\/12\/PRG.pdf\" target=\"_blank\"><img loading=\"lazy\" decoding=\"async\" class=\"alignnone size-full wp-image-514\" src=\"https:\/\/www.univ-soukahras.dz\/wpuploads\/2014\/11\/smallpdf.png\" alt=\"smallpdf\" width=\"16\" height=\"16\" \/><\/a><\/td>\n<td style=\"text-align: center;\"><img loading=\"lazy\" decoding=\"async\" class=\"alignnone size-full wp-image-514 aligncenter\" src=\"https:\/\/www.univ-soukahras.dz\/wpuploads\/2014\/11\/smallpdf.png\" alt=\"smallpdf\" width=\"16\" height=\"16\" \/><\/td>\n<td dir=\"ltr\" style=\"text-align: center;\">04 jours<\/td>\n<td style=\"text-align: left;\">Archive \u00e9lectronique<\/td>\n<\/tr>\n<tr>\n<td dir=\"ltr\" style=\"text-align: center;\"><a href=\"https:\/\/www.univ-soukahras.dz\/wpuploads\/2015\/12\/CV8.pdf\" target=\"_blank\"><img loading=\"lazy\" decoding=\"async\" class=\"alignnone size-full wp-image-514 aligncenter\" src=\"https:\/\/www.univ-soukahras.dz\/wpuploads\/2014\/11\/smallpdf.png\" alt=\"smallpdf\" width=\"16\" height=\"16\" \/><\/a><\/td>\n<td style=\"text-align: center;\"><a href=\"https:\/\/www.univ-soukahras.dz\/wpuploads\/2015\/12\/PRG8.pdf\" target=\"_blank\"><img loading=\"lazy\" decoding=\"async\" class=\"alignnone size-full wp-image-514\" src=\"https:\/\/www.univ-soukahras.dz\/wpuploads\/2014\/11\/smallpdf.png\" alt=\"smallpdf\" width=\"16\" height=\"16\" \/><\/a><\/td>\n<td dir=\"ltr\" style=\"text-align: center;\">04 jours<\/td>\n<td dir=\"ltr\">Programmation un site web \u00ab\u00a0R\u00e9aliser un site web\u00a0\u00bb<\/td>\n<\/tr>\n<tr>\n<td style=\"text-align: center;\">\u00a0<a href=\"https:\/\/www.univ-soukahras.dz\/wpuploads\/2015\/12\/CV6.pdf\" target=\"_blank\"><img loading=\"lazy\" decoding=\"async\" class=\"alignnone size-full wp-image-514\" src=\"https:\/\/www.univ-soukahras.dz\/wpuploads\/2014\/11\/smallpdf.png\" alt=\"smallpdf\" width=\"16\" height=\"16\" \/><\/a><\/td>\n<td style=\"text-align: center;\"><a href=\"https:\/\/www.univ-soukahras.dz\/wpuploads\/2015\/12\/PRG6.pdf\" target=\"_blank\"><img loading=\"lazy\" decoding=\"async\" class=\"alignnone size-full wp-image-514 aligncenter\" src=\"https:\/\/www.univ-soukahras.dz\/wpuploads\/2014\/11\/smallpdf.png\" alt=\"smallpdf\" width=\"16\" height=\"16\" \/><\/a><\/td>\n<td dir=\"ltr\" style=\"text-align: center;\">04 jours<\/td>\n<td dir=\"ltr\" style=\"text-align: left;\">S\u00e9curisation infrastructures universitaires<\/td>\n<\/tr>\n<\/tbody>\n<\/table>\n","protected":false},"excerpt":{"rendered":"<p>Formations 2015 &nbsp; Formateur Programme Dur\u00e9e Formation \u00a0 04 jours Gestion de la p\u00e9dagogie 04 jours \u0627\u0644\u064a\u0627\u062a \u0627\u0644\u062a\u0639\u0627\u0645\u0644 \u0645\u0639 \u0636\u063a\u0648\u0637\u0627\u062a [&hellip;]<\/p>\n","protected":false},"author":1,"featured_media":0,"parent":0,"menu_order":0,"comment_status":"closed","ping_status":"open","template":"","meta":{"footnotes":""},"class_list":["post-6889","page","type-page","status-publish","hentry"],"_links":{"self":[{"href":"https:\/\/univ-soukahras.dz\/fr\/wp-json\/wp\/v2\/pages\/6889","targetHints":{"allow":["GET"]}}],"collection":[{"href":"https:\/\/univ-soukahras.dz\/fr\/wp-json\/wp\/v2\/pages"}],"about":[{"href":"https:\/\/univ-soukahras.dz\/fr\/wp-json\/wp\/v2\/types\/page"}],"author":[{"embeddable":true,"href":"https:\/\/univ-soukahras.dz\/fr\/wp-json\/wp\/v2\/users\/1"}],"replies":[{"embeddable":true,"href":"https:\/\/univ-soukahras.dz\/fr\/wp-json\/wp\/v2\/comments?post=6889"}],"version-history":[{"count":5,"href":"https:\/\/univ-soukahras.dz\/fr\/wp-json\/wp\/v2\/pages\/6889\/revisions"}],"predecessor-version":[{"id":6924,"href":"https:\/\/univ-soukahras.dz\/fr\/wp-json\/wp\/v2\/pages\/6889\/revisions\/6924"}],"wp:attachment":[{"href":"https:\/\/univ-soukahras.dz\/fr\/wp-json\/wp\/v2\/media?parent=6889"}],"curies":[{"name":"wp","href":"https:\/\/api.w.org\/{rel}","templated":true}]}}