{"id":85143,"date":"2024-03-24T12:38:57","date_gmt":"2024-03-24T11:38:57","guid":{"rendered":"https:\/\/www.univ-soukahras.dz\/fr\/?page_id=85143"},"modified":"2024-03-24T13:14:00","modified_gmt":"2024-03-24T12:14:00","slug":"reglement-interieur-ceil","status":"publish","type":"page","link":"https:\/\/univ-soukahras.dz\/fr\/reglement-interieur-ceil","title":{"rendered":"R\u00c8GLEMENT INT\u00c9RIEUR -CEIL"},"content":{"rendered":"\n<p class=\"has-vivid-cyan-blue-color has-text-color has-link-color wp-elements-39eff35fff825081ca448b399af44666\"><strong>R\u00c8GLEMENT INT\u00c9RIEUR<\/strong><\/p>\n\n\n\n<p>&#8211; L\u2019apprenant est autoris\u00e9 \u00e0 changer de groupe) dans la mesure du possible, dans les dix (10) jours suivant la date d\u2019inscription.<\/p>\n\n\n\n<p>&#8211; Il doit respecter l\u2019\u00e9thique de l\u2019universit\u00e9 en ce qui concerne la conduite ainsi que les \u00e9quipements du CEIL.<\/p>\n\n\n\n<p>&#8211; Si le groupe n\u2019est pas compl\u00e9t\u00e9 par le nombre requis, en l\u2019occurrence, dix (10), son ouverture est report\u00e9e \u00e0 la session suivante. Il a alors la possibilit\u00e9 de changer pour un autre (m\u00eame niveau, horaires diff\u00e9rents).<\/p>\n\n\n\n<p>&#8211; Apr\u00e8s cinq absences cons\u00e9cutives non justifi\u00e9es, l\u2019apprenant est exclu.<\/p>\n\n\n\n<p>&#8211; Les frais d\u2019inscription ne sont remboursables.<\/p>\n\n\n\n<p class=\"has-vivid-cyan-blue-color has-text-color has-link-color wp-elements-ded0a5a66d6141057b6f6a35ae79b182\"><strong>LE MONTANT DE LA FORMATION<\/strong><\/p>\n\n\n\n<figure class=\"wp-block-table\"><table><tbody><tr><td><strong>Formations<\/strong><\/td><td colspan=\"4\"><strong>40 heures<\/strong><\/td><\/tr><tr><td rowspan=\"2\">Fran\u00e7ais, Anglais Italien, Russe Espagnol, Turc<\/td><td><strong>\u00c9tudiants<\/strong><\/td><td><strong>Enseignants&nbsp;<\/strong><\/td><td><strong>Administration<\/strong><\/td><td><strong>Externes<\/strong><\/td><\/tr><tr><td><strong>2500DA<\/strong><\/td><td><strong>4000DA<\/strong><\/td><td><strong>3000<\/strong> DA<\/td><td><strong>4000<\/strong> DA<\/td><\/tr><\/tbody><\/table><\/figure>\n\n\n\n<p>Le montant pour le test de niveau est deux cents dinars (200,00) pour les apprenants qui d\u00e9sirent le passer.<\/p>\n\n\n\n<p class=\"has-vivid-cyan-blue-color has-text-color has-link-color wp-elements-32fe51a8fb9c2fceafb6fb2ee19b8d76\"><strong>L\u2019\u00c9VALUATION&nbsp;<\/strong><\/p>\n\n\n\n<p>L&rsquo;apprenant est \u00e9valu\u00e9 sur les 4 comp\u00e9tences qui suivent&nbsp;:<\/p>\n\n\n\n<p>La comp\u00e9tence de compr\u00e9hension orale: 25 points<\/p>\n\n\n\n<p>La comp\u00e9tence d&rsquo;expression orale : 25 points<\/p>\n\n\n\n<p>La comp\u00e9tence de compr\u00e9hension \u00e9crite : 25 points<\/p>\n\n\n\n<p>La comp\u00e9tence d&rsquo;expression \u00e9crite : 25 points<\/p>\n\n\n\n<p>Le total est de 100 points. Pour r\u00e9ussir, le candidat doit avoir 50 points et plus.<\/p>\n\n\n\n<p class=\"has-vivid-cyan-blue-color has-text-color has-link-color wp-elements-a2bf068dc2af285cb8e08b1646f7300a\"><strong>LES NIVEAUX ENSEIGN\u00c9S<\/strong><\/p>\n\n\n\n<p><strong>A0<\/strong> : D\u00e9butants,<\/p>\n\n\n\n<p><strong>A1<\/strong> : \u00e9l\u00e9mentaire, introductif.<\/p>\n\n\n\n<p><strong>A2<\/strong> : \u00e9l\u00e9mentaire, interm\u00e9diaire,<\/p>\n\n\n\n<p><strong>B1<\/strong> : ind\u00e9pendant,<\/p>\n\n\n\n<p><strong>B2<\/strong> : ind\u00e9pendant, avanc\u00e9,<\/p>\n\n\n\n<p><strong>C1<\/strong>&nbsp;: exp\u00e9riment\u00e9,<\/p>\n\n\n\n<p><strong>C2<\/strong>&nbsp;: exp\u00e9riment\u00e9.<\/p>\n\n\n\n<p class=\"has-vivid-cyan-blue-color has-text-color has-link-color wp-elements-cf5297239a6e1f819665aa045379700a\"><strong>LES COURS ON LINE&nbsp;<\/strong><\/p>\n\n\n\n<p><strong>B1&nbsp;: Mardi de 13h<\/strong>&#8211; <strong>15h<\/strong><strong><\/strong><\/p>\n\n\n\n<p><strong>C1&nbsp;: Mercredi de 15h<\/strong>&#8211; <strong>17h<\/strong><strong><\/strong><\/p>\n\n\n\n<p><strong>B1&nbsp;: Mardide 13h<\/strong>&#8211; <strong>15h<\/strong><\/p>\n\n\n\n<p><strong>C1&nbsp;: Mercredi de 15h<\/strong>&#8211;<strong>17h<\/strong><\/p>\n\n\n\n<p><strong>A2&nbsp;: Vendredi de 13h 30<\/strong>&#8211; <strong>15h 30<\/strong><\/p>\n\n\n\n<p><strong>A1&nbsp;: Mercredi de 11h<\/strong>&#8211;<strong> 14h<\/strong><\/p>\n\n\n\n<p><strong>B2&nbsp;: Vendredi de 10h30<\/strong>&#8211;<strong> 11h 30<\/strong><\/p>\n\n\n\n<p><strong>Vendredi de 15h 30<\/strong>&#8211;<strong> 16h 30<\/strong><\/p>\n\n\n\n<p><strong>La programmation des cours, au CEIL, la premi\u00e8re semaine des vacances, du 23 mars au 28 mars 2024 comme suit&nbsp;:<\/strong><\/p>\n\n\n\n<p class=\"has-text-align-center has-vivid-red-color has-text-color has-link-color wp-elements-79a48aee90e4de1783bd020ee36c2350\"><strong>SAMEDI<\/strong><\/p>\n\n\n\n<figure class=\"wp-block-table is-style-stripes\"><table><tbody><tr><td><strong><u>Anglais<\/u><\/strong><\/td><td><\/td><td><strong> <u>Fran\u00e7ais<\/u><\/strong><\/td><\/tr><tr><td><strong>Base\u00a0: A0<\/strong><\/td><td><\/td><td><strong>Base\u00a0: A0<\/strong><\/td><\/tr><tr><td><strong>A1\u00a0\u00a0\u00a0 : Groupes 1, 2, 3 et 4<\/strong><\/td><td><\/td><td><strong>A1\u00a0\u00a0 \u00a0: Groupes 1, 2 et 3<\/strong><\/td><\/tr><tr><td><strong>A2\u00a0\u00a0\u00a0 : Groupes 1, 2 et 5<\/strong><\/td><td><\/td><td><strong>A2\u00a0 : Groupe 1<\/strong><\/td><\/tr><tr><td><strong>B1\u00a0\u00a0\u00a0 : Groupes 1, 2 et 4<\/strong><\/td><td><\/td><td><strong>B1 : Groupe 1<\/strong><\/td><\/tr><tr><td><strong>B2\u00a0\u00a0\u00a0 : Groupe 1<\/strong><\/td><td><\/td><td><strong>B2\u00a0\u00a0 : Groupe 1<\/strong><\/td><\/tr><\/tbody><\/table><\/figure>\n\n\n\n<p class=\"has-vivid-green-cyan-color has-text-color has-link-color wp-elements-49fe7d85177322b64162bed77241a55d\"><strong><u>Anglais<\/u>                                                                           <\/strong><strong><u>Fran\u00e7ais<\/u>\u00a0<\/strong><\/p>\n\n\n\n<p><strong>Base\u00a0: A0\u00a0                                                                     \u00a0\u00a0Base\u00a0: A0<\/strong><\/p>\n\n\n\n<p><strong>A1\u00a0\u00a0\u00a0 : Groupes 1, 2, 3 et 4.\u00a0                                          A1\u00a0\u00a0 \u00a0: Groupes 1, 2 et 3<\/strong><\/p>\n\n\n\n<p><strong>A2\u00a0\u00a0\u00a0 : Groupes 1, 2 et 5.\u00a0\u00a0\u00a0\u00a0\u00a0\u00a0\u00a0\u00a0\u00a0\u00a0\u00a0\u00a0\u00a0\u00a0\u00a0\u00a0\u00a0\u00a0\u00a0\u00a0\u00a0\u00a0\u00a0\u00a0\u00a0                  \u00a0\u00a0 A2\u00a0 : Groupe 1<\/strong><\/p>\n\n\n\n<p><strong>B1\u00a0\u00a0\u00a0 : Groupes 1, 2 et 4.\u00a0\u00a0\u00a0\u00a0\u00a0\u00a0\u00a0\u00a0\u00a0\u00a0\u00a0\u00a0\u00a0\u00a0\u00a0\u00a0\u00a0\u00a0\u00a0\u00a0\u00a0\u00a0\u00a0\u00a0\u00a0                  \u00a0\u00a0 B1 : Groupe 1<\/strong><\/p>\n\n\n\n<p><strong>B2\u00a0\u00a0\u00a0 : Groupe 1\u00a0\u00a0\u00a0\u00a0\u00a0\u00a0\u00a0\u00a0\u00a0\u00a0\u00a0\u00a0\u00a0\u00a0\u00a0\u00a0\u00a0\u00a0\u00a0\u00a0\u00a0\u00a0\u00a0\u00a0\u00a0\u00a0\u00a0\u00a0\u00a0\u00a0\u00a0\u00a0\u00a0\u00a0\u00a0\u00a0\u00a0\u00a0\u00a0                   \u00a0 B2\u00a0\u00a0 : Groupe 1<\/strong><\/p>\n\n\n\n<p class=\"has-vivid-green-cyan-color has-text-color has-link-color wp-elements-5fe46c54ac093f4550cc01d55d9711fa\"><strong><u>Espagnol<\/u><\/strong><strong><u>\u00a0                                                    <\/u><\/strong><strong><u>Turc<\/u><\/strong><strong>\u00a0<\/strong><\/p>\n\n\n\n<p><strong>A1&nbsp;&nbsp;&nbsp; : Groupe 1&nbsp;&nbsp;&nbsp;&nbsp;&nbsp;&nbsp;&nbsp;&nbsp;&nbsp;&nbsp;&nbsp;&nbsp;&nbsp;&nbsp;&nbsp;&nbsp;&nbsp;&nbsp;&nbsp;&nbsp;&nbsp;&nbsp;&nbsp;&nbsp;&nbsp;&nbsp;&nbsp;&nbsp;&nbsp;&nbsp;&nbsp;&nbsp;&nbsp;&nbsp;&nbsp;&nbsp;&nbsp;&nbsp;&nbsp;&nbsp;&nbsp; A1&nbsp;&nbsp;&nbsp; : Groupe 1<\/strong><\/p>\n\n\n\n<p><strong>A2&nbsp;&nbsp;&nbsp; : Groupe 1&nbsp;&nbsp;&nbsp;&nbsp;&nbsp;&nbsp;&nbsp;&nbsp;&nbsp;&nbsp;&nbsp;&nbsp;&nbsp;&nbsp;&nbsp;&nbsp;&nbsp;&nbsp;&nbsp;&nbsp;&nbsp;&nbsp;&nbsp;&nbsp;&nbsp;&nbsp;&nbsp;&nbsp;&nbsp;&nbsp;&nbsp;&nbsp;&nbsp;&nbsp;&nbsp;&nbsp;&nbsp;&nbsp;&nbsp;&nbsp;&nbsp; A2&nbsp; : Groupe 2<\/strong><\/p>\n\n\n\n<p class=\"has-text-align-center has-vivid-red-color has-text-color has-link-color wp-elements-f36659d55c4419f527d873cb9bc4ccb1\"><strong>DIMANCHE&nbsp;<\/strong><\/p>\n\n\n\n<p><strong><u>Anglais                                                        Fran\u00e7ais<\/u><\/strong><\/p>\n\n\n\n<p><strong>A1\u00a0\u00a0\u00a0 : Groupes 3 et 5\u00a0\u00a0\u00a0\u00a0\u00a0                            A2\u00a0\u00a0\u00a0\u00a0\u00a0\u00a0 : Groupe 2<\/strong><\/p>\n\n\n\n<p><strong>A2&nbsp;&nbsp;&nbsp; : Groupe 2<\/strong><\/p>\n\n\n\n<p><strong>B1&nbsp;&nbsp;&nbsp; : Groupe 3<\/strong><\/p>\n\n\n\n<p><strong>B2&nbsp;&nbsp;&nbsp; : Groupe 2<\/strong><\/p>\n\n\n\n<p><strong>C1&nbsp;&nbsp;&nbsp; : Groupe 1<\/strong><\/p>\n\n\n\n<p class=\"has-text-align-center has-vivid-red-color has-text-color has-link-color wp-elements-a47bf5bffbaeb67cbf68329b72e1c9fe\"><strong>LUNDI<\/strong><\/p>\n\n\n\n<p><strong><u>Anglais Fran\u00e7ais&nbsp;&nbsp; <\/u><\/strong><strong><\/strong><\/p>\n\n\n\n<p><strong>Base&nbsp;: Groupe 2&nbsp;&nbsp;&nbsp;&nbsp;&nbsp;&nbsp;&nbsp;&nbsp;&nbsp;&nbsp;&nbsp;&nbsp;&nbsp;&nbsp;&nbsp;&nbsp;&nbsp;&nbsp;&nbsp;&nbsp;&nbsp;&nbsp;&nbsp;&nbsp;&nbsp;&nbsp;&nbsp;&nbsp;&nbsp;&nbsp;&nbsp;&nbsp;&nbsp;&nbsp;&nbsp;&nbsp;&nbsp;&nbsp;&nbsp;&nbsp;&nbsp;&nbsp;&nbsp;&nbsp;&nbsp;&nbsp;&nbsp;&nbsp; A1&nbsp;: Groupe 1<\/strong><\/p>\n\n\n\n<p><strong>A1&nbsp;&nbsp; : Groupes 3, 4 et 5&nbsp;&nbsp;&nbsp;&nbsp; A2&nbsp;: Groupe 2<\/strong><\/p>\n\n\n\n<p><strong>A2&nbsp;&nbsp; : Groupes 1 et 4<\/strong><\/p>\n\n\n\n<p><strong>B1&nbsp;&nbsp; : Groupe 3<\/strong><\/p>\n\n\n\n<p><strong>C1&nbsp;&nbsp; : Groupe 1<\/strong><\/p>\n\n\n\n<p class=\"has-text-align-center has-vivid-red-color has-text-color has-link-color wp-elements-05a96f9830ac471fb4787f687086f377\"><strong>MARDI<\/strong><\/p>\n\n\n\n<p><strong><u>AnglaisFran\u00e7ais<\/u><\/strong><strong><\/strong><\/p>\n\n\n\n<p><strong>Base&nbsp;: Groupe 1&nbsp;&nbsp;&nbsp;&nbsp;&nbsp;&nbsp;&nbsp;&nbsp;&nbsp;&nbsp;&nbsp;&nbsp;&nbsp;&nbsp;&nbsp;&nbsp;&nbsp;&nbsp;&nbsp;&nbsp;&nbsp;&nbsp;&nbsp;&nbsp;&nbsp;&nbsp;&nbsp;&nbsp;&nbsp;&nbsp;&nbsp;&nbsp;&nbsp;&nbsp;&nbsp;&nbsp; A1&nbsp;&nbsp; : Groupes 1, 2 et 3<\/strong><\/p>\n\n\n\n<p><strong>A1&nbsp;&nbsp;&nbsp; : Groupes 1, 2, 3, 6 et 7&nbsp;&nbsp;&nbsp;&nbsp;&nbsp;&nbsp;&nbsp;&nbsp;&nbsp;&nbsp;&nbsp;&nbsp;&nbsp;&nbsp;&nbsp;&nbsp;&nbsp;&nbsp;&nbsp;&nbsp;&nbsp;&nbsp;&nbsp;&nbsp;&nbsp;&nbsp;&nbsp; A2&nbsp;&nbsp; : Groupe 2<\/strong><\/p>\n\n\n\n<p><strong>A2&nbsp;&nbsp;&nbsp; : Groupe 3 et 7<\/strong><\/p>\n\n\n\n<p><strong>B1 &nbsp;&nbsp;&nbsp;: Groupe 5<\/strong><\/p>\n\n\n\n<p class=\"has-text-align-center\"><strong>&nbsp;&nbsp;&nbsp;&nbsp;&nbsp;&nbsp;&nbsp;&nbsp; MERCREDI<\/strong><\/p>\n\n\n\n<p><strong><u>AnglaisFran\u00e7ais<\/u><\/strong><strong><\/strong><\/p>\n\n\n\n<p><strong>Base&nbsp;: Groupe 2&nbsp;&nbsp;&nbsp;&nbsp;&nbsp;&nbsp;&nbsp;&nbsp;&nbsp;&nbsp;&nbsp;&nbsp;&nbsp;&nbsp;&nbsp;&nbsp;&nbsp;&nbsp;&nbsp;&nbsp;&nbsp;&nbsp;&nbsp; A1&nbsp;: Groupe 1<\/strong><\/p>\n\n\n\n<p><strong>A1&nbsp;&nbsp; : Groupes 4, 5, 6 et 7&nbsp;&nbsp;&nbsp;&nbsp;&nbsp;&nbsp;&nbsp;&nbsp;&nbsp; C1&nbsp;: Groupe 1<\/strong><\/p>\n\n\n\n<p><strong>A2&nbsp;&nbsp; : Groupe 2 et 7<\/strong><\/p>\n\n\n\n<p><strong>B1&nbsp;&nbsp; : Groupe 5<\/strong><\/p>\n\n\n\n<p class=\"has-text-align-center\"><strong>JEUDI<\/strong><\/p>\n\n\n\n<p><strong><u>Anglais&nbsp;:Fran\u00e7ais<\/u><\/strong><\/p>\n\n\n\n<p><strong>A1&nbsp;: Groupe 4&nbsp;&nbsp;&nbsp;&nbsp; A1&nbsp;: Groupe 2&nbsp;et 3<\/strong><\/p>\n\n\n\n<p><strong>A2&nbsp;: Groupe 4&nbsp;&nbsp;&nbsp;&nbsp;&nbsp;&nbsp;&nbsp;&nbsp;&nbsp;&nbsp;&nbsp;&nbsp;&nbsp;&nbsp;&nbsp;&nbsp;&nbsp;&nbsp;&nbsp;&nbsp;&nbsp;&nbsp;&nbsp;&nbsp;&nbsp;&nbsp;&nbsp;&nbsp;&nbsp;&nbsp;&nbsp;&nbsp;&nbsp;&nbsp;&nbsp;&nbsp;&nbsp;&nbsp;&nbsp;&nbsp;&nbsp;&nbsp;&nbsp;&nbsp;&nbsp;&nbsp;&nbsp;&nbsp;&nbsp;&nbsp;&nbsp;&nbsp;&nbsp;&nbsp;&nbsp;&nbsp;&nbsp;&nbsp; A2&nbsp;: Groupe 1<\/strong><\/p>\n\n\n\n<p><strong>B2&nbsp;: Groupe 1<\/strong><\/p>\n","protected":false},"excerpt":{"rendered":"<p>R\u00c8GLEMENT INT\u00c9RIEUR &#8211; L\u2019apprenant est autoris\u00e9 \u00e0 changer de groupe) dans la mesure du possible, dans les dix (10) jours [&hellip;]<\/p>\n","protected":false},"author":1,"featured_media":0,"parent":0,"menu_order":0,"comment_status":"closed","ping_status":"closed","template":"","meta":{"footnotes":""},"class_list":["post-85143","page","type-page","status-publish","hentry"],"_links":{"self":[{"href":"https:\/\/univ-soukahras.dz\/fr\/wp-json\/wp\/v2\/pages\/85143","targetHints":{"allow":["GET"]}}],"collection":[{"href":"https:\/\/univ-soukahras.dz\/fr\/wp-json\/wp\/v2\/pages"}],"about":[{"href":"https:\/\/univ-soukahras.dz\/fr\/wp-json\/wp\/v2\/types\/page"}],"author":[{"embeddable":true,"href":"https:\/\/univ-soukahras.dz\/fr\/wp-json\/wp\/v2\/users\/1"}],"replies":[{"embeddable":true,"href":"https:\/\/univ-soukahras.dz\/fr\/wp-json\/wp\/v2\/comments?post=85143"}],"version-history":[{"count":5,"href":"https:\/\/univ-soukahras.dz\/fr\/wp-json\/wp\/v2\/pages\/85143\/revisions"}],"predecessor-version":[{"id":85148,"href":"https:\/\/univ-soukahras.dz\/fr\/wp-json\/wp\/v2\/pages\/85143\/revisions\/85148"}],"wp:attachment":[{"href":"https:\/\/univ-soukahras.dz\/fr\/wp-json\/wp\/v2\/media?parent=85143"}],"curies":[{"name":"wp","href":"https:\/\/api.w.org\/{rel}","templated":true}]}}